{"id":303,"date":"2012-07-16T14:59:35","date_gmt":"2012-07-16T14:59:35","guid":{"rendered":"http:\/\/host19.qnop.net\/~sungrove\/actividades\/"},"modified":"2022-01-05T14:59:50","modified_gmt":"2022-01-05T14:59:50","slug":"activities","status":"publish","type":"page","link":"https:\/\/sungrovelanzarote.com\/es\/activities\/","title":{"rendered":"Actividades"},"content":{"rendered":"<p>[et_pb_section fb_built=\u00bb1&#8243; fullwidth=\u00bbon\u00bb _builder_version=\u00bb4.11.1&#8243; _module_preset=\u00bbdefault\u00bb locked=\u00bboff\u00bb global_colors_info=\u00bb{}\u00bb][et_pb_fullwidth_slider _builder_version=\u00bb4.11.1&#8243; _module_preset=\u00bbdefault\u00bb animation_style=\u00bbfade\u00bb auto=\u00bbon\u00bb auto_speed=\u00bb2000&#8243; auto_ignore_hover=\u00bbon\u00bb global_colors_info=\u00bb{}\u00bb][et_pb_slide admin_title=\u00bbswim\u00bb _builder_version=\u00bb4.11.1&#8243; _module_preset=\u00bbdefault\u00bb background_image=\u00bbhttps:\/\/sungrovelanzarote.com\/wp-content\/uploads\/2012\/07\/swim.jpg\u00bb background_enable_image=\u00bbon\u00bb global_colors_info=\u00bb{}\u00bb sticky_transition=\u00bbon\u00bb][\/et_pb_slide][et_pb_slide admin_title=\u00bbbike\u00bb _builder_version=\u00bb4.11.1&#8243; _module_preset=\u00bbdefault\u00bb background_image=\u00bbhttps:\/\/sungrovelanzarote.com\/wp-content\/uploads\/2012\/07\/active-mountainbike.jpg\u00bb background_enable_image=\u00bbon\u00bb global_colors_info=\u00bb{}\u00bb sticky_transition=\u00bbon\u00bb][\/et_pb_slide][et_pb_slide admin_title=\u00bbsurf\u00bb _builder_version=\u00bb4.11.1&#8243; _module_preset=\u00bbdefault\u00bb background_image=\u00bbhttps:\/\/sungrovelanzarote.com\/wp-content\/uploads\/2012\/07\/surf.jpg\u00bb background_enable_image=\u00bbon\u00bb global_colors_info=\u00bb{}\u00bb sticky_transition=\u00bbon\u00bb][\/et_pb_slide][et_pb_slide admin_title=\u00bbvollyball\u00bb _builder_version=\u00bb4.11.1&#8243; _module_preset=\u00bbdefault\u00bb background_image=\u00bbhttps:\/\/sungrovelanzarote.com\/wp-content\/uploads\/2012\/07\/beach-volleyball.jpg\u00bb background_enable_image=\u00bbon\u00bb global_colors_info=\u00bb{}\u00bb sticky_transition=\u00bbon\u00bb][\/et_pb_slide][et_pb_slide admin_title=\u00bbsnorkel\u00bb _builder_version=\u00bb4.11.1&#8243; _module_preset=\u00bbdefault\u00bb background_image=\u00bbhttps:\/\/sungrovelanzarote.com\/wp-content\/uploads\/2012\/07\/snorkel.jpg\u00bb background_enable_image=\u00bbon\u00bb global_colors_info=\u00bb{}\u00bb sticky_transition=\u00bbon\u00bb][\/et_pb_slide][et_pb_slide admin_title=\u00bbbanana boat\u00bb _builder_version=\u00bb4.11.1&#8243; _module_preset=\u00bbdefault\u00bb background_image=\u00bbhttps:\/\/sungrovelanzarote.com\/wp-content\/uploads\/2012\/07\/banana-boat.jpg\u00bb background_enable_image=\u00bbon\u00bb global_colors_info=\u00bb{}\u00bb sticky_transition=\u00bbon\u00bb][\/et_pb_slide][et_pb_slide admin_title=\u00bbpedalo\u00bb _builder_version=\u00bb4.11.1&#8243; _module_preset=\u00bbdefault\u00bb background_image=\u00bbhttps:\/\/sungrovelanzarote.com\/wp-content\/uploads\/2012\/07\/pedalo.jpg\u00bb background_enable_image=\u00bbon\u00bb global_colors_info=\u00bb{}\u00bb sticky_transition=\u00bbon\u00bb][\/et_pb_slide][et_pb_slide admin_title=\u00bbtennis\u00bb _builder_version=\u00bb4.11.1&#8243; _module_preset=\u00bbdefault\u00bb background_image=\u00bbhttps:\/\/sungrovelanzarote.com\/wp-content\/uploads\/2012\/07\/tennis.jpg\u00bb background_enable_image=\u00bbon\u00bb global_colors_info=\u00bb{}\u00bb sticky_transition=\u00bbon\u00bb][\/et_pb_slide][et_pb_slide admin_title=\u00bbhorseriding\u00bb _builder_version=\u00bb4.11.1&#8243; _module_preset=\u00bbdefault\u00bb background_image=\u00bbhttps:\/\/sungrovelanzarote.com\/wp-content\/uploads\/2012\/07\/horseriding.jpg\u00bb background_enable_image=\u00bbon\u00bb global_colors_info=\u00bb{}\u00bb sticky_transition=\u00bbon\u00bb][\/et_pb_slide][et_pb_slide admin_title=\u00bbgym\u00bb _builder_version=\u00bb4.11.1&#8243; _module_preset=\u00bbdefault\u00bb background_image=\u00bbhttps:\/\/sungrovelanzarote.com\/wp-content\/uploads\/2012\/07\/running-machine.jpg\u00bb background_enable_image=\u00bbon\u00bb global_colors_info=\u00bb{}\u00bb sticky_transition=\u00bbon\u00bb][\/et_pb_slide][\/et_pb_fullwidth_slider][\/et_pb_section][et_pb_section fb_built=\u00bb1&#8243; _builder_version=\u00bb3.22&#8243; global_colors_info=\u00bb{}\u00bb][et_pb_row _builder_version=\u00bb3.25&#8243; background_size=\u00bbinitial\u00bb background_position=\u00bbtop_left\u00bb background_repeat=\u00bbrepeat\u00bb global_colors_info=\u00bb{}\u00bb][et_pb_column type=\u00bb4_4&#8243; _builder_version=\u00bb3.25&#8243; custom_padding=\u00bb|||\u00bb global_colors_info=\u00bb{}\u00bb custom_padding__hover=\u00bb|||\u00bb][et_pb_text _builder_version=\u00bb4.11.1&#8243; header_text_color=\u00bb#1422CB\u00bb header_font_size=\u00bb40px\u00bb header_2_text_color=\u00bb#3A85F7&#8243; background_size=\u00bbinitial\u00bb background_position=\u00bbtop_left\u00bb background_repeat=\u00bbrepeat\u00bb global_colors_info=\u00bb{}\u00bb]<\/p>\n<h1>Actividades<\/h1>\n<p>&nbsp;<\/p>\n<h2>Actividades en Playa Blanca<\/h2>\n<p>Las villas se encuentran a poca distancia de todas las actividades. Muchas de ellas est\u00e1n literalmente en la puerta. Sun Grove villas es un refugio perfecto para aquellos que quieran disfrutar de una vacaciones activas y desean llegar de casa para relajarse en un ambiente de lujo, c\u00f3modo y tranquilo.<\/p>\n<p>A pocos minutos caminando se encuentra el complejo de Sun Tropical Island Resort, donde los hu\u00e9spedes de Sun Grove, tendr\u00e1n un pase de privilegio para acceder a todas las instalaciones. Un conjunto bien equipado de gimnasio y tenis, junto con un completo spa, con sauna, ba\u00f1o turco, jacuzzi y piscina cubierta.<\/p>\n<p>Adem\u00e1s en la localidad, se pueden encontrar muchas instalaciones de deportes acu\u00e1ticos, surf, buceo, jet ski y la banana son muy populares. En Playa Dorada frente al centro comercial de Papagayo, usted podr\u00e1 encontrar muchas actividades con disponibilidad de clases.<\/p>\n<p>El largo paseo mar\u00edtimo se extiende a lo largo de la ciudad y es ideal para poder caminar y dar un paseo al atardecer. Se puede caminar mas de cinco kil\u00f3metros, si usted hace todo el camino hasta el faro de Punta Pechiguera, que se\u00f1aliza el estrecho de La Bocayna, espacio mar\u00edtimo que separa las islas de Lanzarote y Fuerteventura.<\/p>\n<p>Un gran paseo en la otra direcci\u00f3n es a las playas de Papagayo y al Castillo de Las Coloradas, desde aqu\u00ed se tienen unas magn\u00edficas vistas de la isla y de Fuerteventura.<\/p>\n<p>Tambi\u00e9n se puede hacer senderismo o alquilar bicicletas en el centro comercial de Marina Rubic\u00f3n.<\/p>\n<p>Hay un parque acu\u00e1tico justo en frente del puerto a Fuerteventura y los transbordadores salen regularmente desde el puerto de Playa Blanca. Ver m\u00e1s informaci\u00f3n del ferry para los enlaces en la barra lateral.<\/p>\n<p>Para los m\u00e1s intr\u00e9pidos exploradores se puede ascender a Monta\u00f1a Roja, un volc\u00e1n extinto y el autob\u00fas n\u00f9mero 30 te lleva desde la estaci\u00f3n a la falda de la monta\u00f1a.<\/p>\n<p>La joya de la corona de Playa Blanca, es por supuesto, las cinco playas de Papagayo, tramos v\u00edrgenes, sin servicios, baja densidad de poblaci\u00f3n, arenas doradas y separadas por acantilados. Perfecto para caminar, pero tambi\u00e9n se puede acceder en coche. Tambi\u00e9n hay servicios de barco desde el puerto Marina Rubic\u00f3n a las playas de Papagayo.[\/et_pb_text][\/et_pb_column][\/et_pb_row][\/et_pb_section][et_pb_section fb_built=\u00bb1&#8243; admin_label=\u00bbpriviledge facilities\u00bb _builder_version=\u00bb4.11.1&#8243; _module_preset=\u00bbdefault\u00bb animation_style=\u00bbzoom\u00bb scroll_vertical_motion_enable=\u00bbon\u00bb scroll_fade_enable=\u00bbon\u00bb global_colors_info=\u00bb{}\u00bb global_module=\u00bb2487&#8243; theme_builder_area=\u00bbpost_content\u00bb][et_pb_row column_structure=\u00bb2_5,3_5&#8243; _builder_version=\u00bb4.11.1&#8243; _module_preset=\u00bbdefault\u00bb use_background_color_gradient=\u00bbon\u00bb background_color_gradient_start=\u00bbrgba(150,221,251,0.08)\u00bb background_color_gradient_end=\u00bbrgba(150,221,251,0.22)\u00bb border_radii=\u00bbon|10px|10px|10px|10px\u00bb box_shadow_style=\u00bbpreset3&#8243; global_colors_info=\u00bb{}\u00bb theme_builder_area=\u00bbpost_content\u00bb][et_pb_column type=\u00bb2_5&#8243; _builder_version=\u00bb4.11.1&#8243; _module_preset=\u00bbdefault\u00bb custom_padding=\u00bb27px|||36px|false|false\u00bb global_colors_info=\u00bb{}\u00bb theme_builder_area=\u00bbpost_content\u00bb][et_pb_text _builder_version=\u00bb4.11.1&#8243; _module_preset=\u00bbdefault\u00bb header_text_align=\u00bbcenter\u00bb header_text_color=\u00bb#1422CB\u00bb custom_margin_tablet=\u00bb\u00bb custom_margin_phone=\u00bb|4px|||false|false\u00bb custom_margin_last_edited=\u00bbon|phone\u00bb header_text_align_tablet=\u00bb\u00bb header_text_align_phone=\u00bbleft\u00bb header_text_align_last_edited=\u00bbon|phone\u00bb global_colors_info=\u00bb{}\u00bb theme_builder_area=\u00bbpost_content\u00bb]<\/p>\n<h1>Servicios Privilegios<\/h1>\n<p>Todos los clientes de nuestra villa tienen derecho a un pase de privilegio para acceder a las incre\u00edbles instalaciones de THB Tropical Island.<\/p>\n<p>[\/et_pb_text][et_pb_image src=\u00bbhttps:\/\/sungrovelanzarote.com\/wp-content\/uploads\/2016\/03\/privilege-pass-THB.png\u00bb title_text=\u00bbprivilege-pass-THB\u00bb align=\u00bbcenter\u00bb _builder_version=\u00bb4.11.1&#8243; _module_preset=\u00bbdefault\u00bb width_tablet=\u00bb\u00bb width_phone=\u00bb45%\u00bb width_last_edited=\u00bbon|phone\u00bb custom_padding=\u00bb|1px||||\u00bb global_colors_info=\u00bb{}\u00bb theme_builder_area=\u00bbpost_content\u00bb][\/et_pb_image][\/et_pb_column][et_pb_column type=\u00bb3_5&#8243; _builder_version=\u00bb4.11.1&#8243; _module_preset=\u00bbdefault\u00bb custom_padding=\u00bb|25px|||false|false\u00bb global_colors_info=\u00bb{}\u00bb theme_builder_area=\u00bbpost_content\u00bb][et_pb_gallery gallery_ids=\u00bb2161,2158,2227,2453&#8243; fullwidth=\u00bbon\u00bb admin_label=\u00bbpriviledge Gallery\u00bb _builder_version=\u00bb4.14.4&#8243; _module_preset=\u00bbdefault\u00bb locked=\u00bboff\u00bb global_colors_info=\u00bb{}\u00bb theme_builder_area=\u00bbpost_content\u00bb][\/et_pb_gallery][\/et_pb_column][\/et_pb_row][\/et_pb_section]<\/p>\n","protected":false},"excerpt":{"rendered":"<p>Actividades &nbsp; Actividades en Playa Blanca Las villas se encuentran a poca distancia de todas las actividades. Muchas de ellas est\u00e1n literalmente en la puerta. Sun Grove villas es un refugio perfecto para aquellos que quieran disfrutar de una vacaciones activas y desean llegar de casa para relajarse en un ambiente de lujo, c\u00f3modo y [&hellip;]<\/p>\n","protected":false},"author":101011,"featured_media":0,"parent":0,"menu_order":4,"comment_status":"closed","ping_status":"closed","template":"","meta":{"_et_pb_use_builder":"on","_et_pb_old_content":"<h2>Things to do in Playa Blanca<\/h2>\r\nThe villa is a short drive to all activities. Many are literally on the doorstep. Sun Grove Villas are a perfect retreat for those who want to enjoy an active holiday, then want to come home to relax in tranquil comfortable luxury.\r\n\r\nA few minutes walk away is the Sun Tropical Island resort, where Sun Grove Villa guests will have a privilege pass to access all the facilities. A well equipped gym \u00a0and tennis courts, along with a full spa suite with sauna, steam room, jacuzzi pool and large indoor pool.\r\n\r\nFurther in the resort you can find many water sports facilites. Surfing, Scuba diving, snorkelling, jetski, pedalo and banana boat are all popular. Playa Dorada beach in front of the commercial centre Papagayo is where you can find many activities. Classes are also available.\r\n\r\nThe long promenade stretches the length of the resort and is great for power walking, or taking an evening stroll. You can walk over two miles if you make it all the way to the 'Faro' lighthouse. A great walk in the other direction is to the Payagayo beaches and to Castillo del los Colorados, from here you have magnificent views of the island and beyond.\r\n\r\nYou can also take a segway tour or hire bicycles from the Rubicon main shopping centre.\r\n\r\nThere is a great waterpark just across the water in Fuerteventura, and ferries run regularly from the port in Playa Blanca. See ferry information from the links in the side bar.\r\n\r\nFor more intrepid explorers you can trek up Monta\u00f1a Roja, an extinct volcano. The number 30 bus brings you a little closer to the mountain from the resort.\r\n\r\nThe jewel in Playa Blanca's crown is of course the five Papagayo beaches. Untouched, unserviced, sparsely populated stretches of golden sand, separated by cliffs. Perfect to walk to, but also accessible, to a point, by car. There are also boat-taxi services to Papagayo beaches from Marina Rubicon and Playa Blanca port.","_et_gb_content_width":"","footnotes":""},"class_list":["post-303","page","type-page","status-publish","hentry"],"yoast_head":"<!-- This site is optimized with the Yoast SEO plugin v27.2 - https:\/\/yoast.com\/product\/yoast-seo-wordpress\/ -->\n<title>Sungrove Playa Blanca Villa con piscina privada para alquilar directamente<\/title>\n<meta name=\"description\" content=\"Playa Blanca Villa con piscina privada cerca de todas las actividades en Playa Blanca. Villa privada segura en su propio terreno.\" \/>\n<meta name=\"robots\" content=\"index, follow, max-snippet:-1, max-image-preview:large, max-video-preview:-1\" \/>\n<link rel=\"canonical\" href=\"https:\/\/sungrovelanzarote.com\/activities\/\" \/>\n<meta property=\"og:locale\" content=\"es_ES\" \/>\n<meta property=\"og:type\" content=\"article\" \/>\n<meta property=\"og:title\" content=\"Sungrove Playa Blanca Villa con piscina privada para alquilar directamente\" \/>\n<meta property=\"og:description\" content=\"Playa Blanca Villa con piscina privada cerca de todas las actividades en Playa Blanca. Villa privada segura en su propio terreno.\" \/>\n<meta property=\"og:url\" content=\"https:\/\/sungrovelanzarote.com\/activities\/\" \/>\n<meta property=\"og:site_name\" content=\"Sun Grove Villas\" \/>\n<meta property=\"article:modified_time\" content=\"2022-01-05T14:59:50+00:00\" \/>\n<meta name=\"twitter:label1\" content=\"Tiempo de lectura\" \/>\n\t<meta name=\"twitter:data1\" content=\"6 minutos\" \/>\n<script type=\"application\/ld+json\" class=\"yoast-schema-graph\">{\"@context\":\"https:\/\/schema.org\",\"@graph\":[{\"@type\":\"WebPage\",\"@id\":\"https:\/\/sungrovelanzarote.com\/activities\/\",\"url\":\"https:\/\/sungrovelanzarote.com\/activities\/\",\"name\":\"Sungrove Playa Blanca Villa con piscina privada para alquilar directamente\",\"isPartOf\":{\"@id\":\"https:\/\/sungrovelanzarote.com\/#website\"},\"datePublished\":\"2012-07-16T14:59:35+00:00\",\"dateModified\":\"2022-01-05T14:59:50+00:00\",\"description\":\"Playa Blanca Villa con piscina privada cerca de todas las actividades en Playa Blanca. Villa privada segura en su propio terreno.\",\"breadcrumb\":{\"@id\":\"https:\/\/sungrovelanzarote.com\/activities\/#breadcrumb\"},\"inLanguage\":\"es\",\"potentialAction\":[{\"@type\":\"ReadAction\",\"target\":[\"https:\/\/sungrovelanzarote.com\/activities\/\"]}]},{\"@type\":\"BreadcrumbList\",\"@id\":\"https:\/\/sungrovelanzarote.com\/activities\/#breadcrumb\",\"itemListElement\":[{\"@type\":\"ListItem\",\"position\":1,\"name\":\"Home\",\"item\":\"https:\/\/sungrovelanzarote.com\/es\/\"},{\"@type\":\"ListItem\",\"position\":2,\"name\":\"Actividades\"}]},{\"@type\":\"WebSite\",\"@id\":\"https:\/\/sungrovelanzarote.com\/#website\",\"url\":\"https:\/\/sungrovelanzarote.com\/\",\"name\":\"Sun Grove Villas\",\"description\":\"Villas de lujo y privadas con piscinas climatizadas en Lanzarote\",\"potentialAction\":[{\"@type\":\"SearchAction\",\"target\":{\"@type\":\"EntryPoint\",\"urlTemplate\":\"https:\/\/sungrovelanzarote.com\/?s={search_term_string}\"},\"query-input\":{\"@type\":\"PropertyValueSpecification\",\"valueRequired\":true,\"valueName\":\"search_term_string\"}}],\"inLanguage\":\"es\"}]}<\/script>\n<!-- \/ Yoast SEO plugin. -->","yoast_head_json":{"title":"Sungrove Playa Blanca Villa con piscina privada para alquilar directamente","description":"Playa Blanca Villa con piscina privada cerca de todas las actividades en Playa Blanca. Villa privada segura en su propio terreno.","robots":{"index":"index","follow":"follow","max-snippet":"max-snippet:-1","max-image-preview":"max-image-preview:large","max-video-preview":"max-video-preview:-1"},"canonical":"https:\/\/sungrovelanzarote.com\/activities\/","og_locale":"es_ES","og_type":"article","og_title":"Sungrove Playa Blanca Villa con piscina privada para alquilar directamente","og_description":"Playa Blanca Villa con piscina privada cerca de todas las actividades en Playa Blanca. Villa privada segura en su propio terreno.","og_url":"https:\/\/sungrovelanzarote.com\/activities\/","og_site_name":"Sun Grove Villas","article_modified_time":"2022-01-05T14:59:50+00:00","twitter_misc":{"Tiempo de lectura":"6 minutos"},"schema":{"@context":"https:\/\/schema.org","@graph":[{"@type":"WebPage","@id":"https:\/\/sungrovelanzarote.com\/activities\/","url":"https:\/\/sungrovelanzarote.com\/activities\/","name":"Sungrove Playa Blanca Villa con piscina privada para alquilar directamente","isPartOf":{"@id":"https:\/\/sungrovelanzarote.com\/#website"},"datePublished":"2012-07-16T14:59:35+00:00","dateModified":"2022-01-05T14:59:50+00:00","description":"Playa Blanca Villa con piscina privada cerca de todas las actividades en Playa Blanca. Villa privada segura en su propio terreno.","breadcrumb":{"@id":"https:\/\/sungrovelanzarote.com\/activities\/#breadcrumb"},"inLanguage":"es","potentialAction":[{"@type":"ReadAction","target":["https:\/\/sungrovelanzarote.com\/activities\/"]}]},{"@type":"BreadcrumbList","@id":"https:\/\/sungrovelanzarote.com\/activities\/#breadcrumb","itemListElement":[{"@type":"ListItem","position":1,"name":"Home","item":"https:\/\/sungrovelanzarote.com\/es\/"},{"@type":"ListItem","position":2,"name":"Actividades"}]},{"@type":"WebSite","@id":"https:\/\/sungrovelanzarote.com\/#website","url":"https:\/\/sungrovelanzarote.com\/","name":"Sun Grove Villas","description":"Villas de lujo y privadas con piscinas climatizadas en Lanzarote","potentialAction":[{"@type":"SearchAction","target":{"@type":"EntryPoint","urlTemplate":"https:\/\/sungrovelanzarote.com\/?s={search_term_string}"},"query-input":{"@type":"PropertyValueSpecification","valueRequired":true,"valueName":"search_term_string"}}],"inLanguage":"es"}]}},"_links":{"self":[{"href":"https:\/\/sungrovelanzarote.com\/es\/wp-json\/wp\/v2\/pages\/303","targetHints":{"allow":["GET"]}}],"collection":[{"href":"https:\/\/sungrovelanzarote.com\/es\/wp-json\/wp\/v2\/pages"}],"about":[{"href":"https:\/\/sungrovelanzarote.com\/es\/wp-json\/wp\/v2\/types\/page"}],"author":[{"embeddable":true,"href":"https:\/\/sungrovelanzarote.com\/es\/wp-json\/wp\/v2\/users\/101011"}],"replies":[{"embeddable":true,"href":"https:\/\/sungrovelanzarote.com\/es\/wp-json\/wp\/v2\/comments?post=303"}],"version-history":[{"count":19,"href":"https:\/\/sungrovelanzarote.com\/es\/wp-json\/wp\/v2\/pages\/303\/revisions"}],"predecessor-version":[{"id":2498,"href":"https:\/\/sungrovelanzarote.com\/es\/wp-json\/wp\/v2\/pages\/303\/revisions\/2498"}],"wp:attachment":[{"href":"https:\/\/sungrovelanzarote.com\/es\/wp-json\/wp\/v2\/media?parent=303"}],"curies":[{"name":"wp","href":"https:\/\/api.w.org\/{rel}","templated":true}]}}