{"id":301,"date":"2012-07-16T14:59:10","date_gmt":"2012-07-16T14:59:10","guid":{"rendered":"http:\/\/host19.qnop.net\/~sungrove\/playa-blanca\/"},"modified":"2022-01-05T14:58:22","modified_gmt":"2022-01-05T14:58:22","slug":"playa-blanca","status":"publish","type":"page","link":"https:\/\/sungrovelanzarote.com\/es\/playa-blanca\/","title":{"rendered":"Playa Blanca"},"content":{"rendered":"<p>[et_pb_section fb_built=\u00bb1&#8243; fullwidth=\u00bbon\u00bb _builder_version=\u00bb4.11.1&#8243; _module_preset=\u00bbdefault\u00bb locked=\u00bboff\u00bb global_colors_info=\u00bb{}\u00bb][et_pb_fullwidth_slider _builder_version=\u00bb4.11.1&#8243; _module_preset=\u00bbdefault\u00bb animation_style=\u00bbfade\u00bb auto=\u00bbon\u00bb global_colors_info=\u00bb{}\u00bb][et_pb_slide admin_title=\u00bbrubicon\u00bb _builder_version=\u00bb4.11.1&#8243; _module_preset=\u00bbdefault\u00bb background_image=\u00bbhttps:\/\/sungrovelanzarote.com\/wp-content\/uploads\/2012\/07\/rubicon.jpg\u00bb background_enable_image=\u00bbon\u00bb global_colors_info=\u00bb{}\u00bb sticky_transition=\u00bbon\u00bb][\/et_pb_slide][et_pb_slide admin_title=\u00bbpromenade\u00bb _builder_version=\u00bb4.11.1&#8243; _module_preset=\u00bbdefault\u00bb background_image=\u00bbhttps:\/\/sungrovelanzarote.com\/wp-content\/uploads\/2012\/07\/pb-promenade.jpg\u00bb background_enable_image=\u00bbon\u00bb global_colors_info=\u00bb{}\u00bb sticky_transition=\u00bbon\u00bb][\/et_pb_slide][et_pb_slide admin_title=\u00bbplaya dorada\u00bb _builder_version=\u00bb4.11.1&#8243; _module_preset=\u00bbdefault\u00bb background_image=\u00bbhttps:\/\/sungrovelanzarote.com\/wp-content\/uploads\/2012\/07\/pb-playadorada.jpg\u00bb background_enable_image=\u00bbon\u00bb global_colors_info=\u00bb{}\u00bb sticky_transition=\u00bbon\u00bb][\/et_pb_slide][et_pb_slide admin_title=\u00bbshopping\u00bb _builder_version=\u00bb4.11.1&#8243; _module_preset=\u00bbdefault\u00bb background_image=\u00bbhttps:\/\/sungrovelanzarote.com\/wp-content\/uploads\/2012\/07\/shopping.jpg\u00bb background_enable_image=\u00bbon\u00bb global_colors_info=\u00bb{}\u00bb sticky_transition=\u00bbon\u00bb][\/et_pb_slide][et_pb_slide admin_title=\u00bbbeach\u00bb _builder_version=\u00bb4.11.1&#8243; _module_preset=\u00bbdefault\u00bb background_image=\u00bbhttps:\/\/sungrovelanzarote.com\/wp-content\/uploads\/2012\/07\/walking.jpg\u00bb background_enable_image=\u00bbon\u00bb global_colors_info=\u00bb{}\u00bb sticky_transition=\u00bbon\u00bb][\/et_pb_slide][et_pb_slide admin_title=\u00bbfamily\u00bb _builder_version=\u00bb4.11.1&#8243; _module_preset=\u00bbdefault\u00bb background_image=\u00bbhttps:\/\/sungrovelanzarote.com\/wp-content\/uploads\/2012\/07\/family-on-beach.jpg\u00bb background_enable_image=\u00bbon\u00bb global_colors_info=\u00bb{}\u00bb sticky_transition=\u00bbon\u00bb][\/et_pb_slide][et_pb_slide admin_title=\u00bbpedalo\u00bb _builder_version=\u00bb4.11.1&#8243; _module_preset=\u00bbdefault\u00bb background_image=\u00bbhttps:\/\/sungrovelanzarote.com\/wp-content\/uploads\/2012\/07\/pedalo.jpg\u00bb background_enable_image=\u00bbon\u00bb global_colors_info=\u00bb{}\u00bb sticky_transition=\u00bbon\u00bb][\/et_pb_slide][et_pb_slide admin_title=\u00bbrubicon\u00bb _builder_version=\u00bb4.11.1&#8243; _module_preset=\u00bbdefault\u00bb background_image=\u00bbhttps:\/\/sungrovelanzarote.com\/wp-content\/uploads\/2012\/07\/pb-rubiconvillage.jpg\u00bb background_enable_image=\u00bbon\u00bb global_colors_info=\u00bb{}\u00bb sticky_transition=\u00bbon\u00bb][\/et_pb_slide][et_pb_slide admin_title=\u00bbbeach\u00bb _builder_version=\u00bb4.11.1&#8243; _module_preset=\u00bbdefault\u00bb background_image=\u00bbhttps:\/\/sungrovelanzarote.com\/wp-content\/uploads\/2012\/07\/papagayo-beach.jpg\u00bb background_enable_image=\u00bbon\u00bb global_colors_info=\u00bb{}\u00bb sticky_transition=\u00bbon\u00bb][\/et_pb_slide][et_pb_slide admin_title=\u00bbred house\u00bb _builder_version=\u00bb4.11.1&#8243; _module_preset=\u00bbdefault\u00bb background_image=\u00bbhttps:\/\/sungrovelanzarote.com\/wp-content\/uploads\/2012\/07\/pb-redhouse.jpg\u00bb background_enable_image=\u00bbon\u00bb global_colors_info=\u00bb{}\u00bb sticky_transition=\u00bbon\u00bb][\/et_pb_slide][\/et_pb_fullwidth_slider][\/et_pb_section][et_pb_section fb_built=\u00bb1&#8243; admin_label=\u00bbred house\u00bb _builder_version=\u00bb4.11.1&#8243; global_colors_info=\u00bb{}\u00bb][et_pb_row _builder_version=\u00bb3.25&#8243; background_size=\u00bbinitial\u00bb background_position=\u00bbtop_left\u00bb background_repeat=\u00bbrepeat\u00bb global_colors_info=\u00bb{}\u00bb][et_pb_column type=\u00bb4_4&#8243; _builder_version=\u00bb3.25&#8243; custom_padding=\u00bb|||\u00bb global_colors_info=\u00bb{}\u00bb custom_padding__hover=\u00bb|||\u00bb][et_pb_text _builder_version=\u00bb4.11.1&#8243; header_text_align=\u00bbleft\u00bb header_text_color=\u00bb#1422CB\u00bb header_font_size=\u00bb40px\u00bb header_line_height=\u00bb2.1em\u00bb header_2_text_align=\u00bbleft\u00bb header_2_text_color=\u00bb#3A85F7&#8243; header_3_text_align=\u00bbleft\u00bb header_3_text_color=\u00bb#1A48C5&#8243; header_4_text_align=\u00bbleft\u00bb header_5_text_align=\u00bbleft\u00bb header_6_text_align=\u00bbleft\u00bb background_size=\u00bbinitial\u00bb background_position=\u00bbtop_left\u00bb background_repeat=\u00bbrepeat\u00bb header_font_size_tablet=\u00bb\u00bb header_font_size_phone=\u00bb30px\u00bb header_font_size_last_edited=\u00bbon|phone\u00bb global_colors_info=\u00bb{}\u00bb]<\/p>\n<h1 align=\"justify\">Playa Blanca<\/h1>\n<h2 align=\"justify\">La parte m\u00e1s caliente de la isla<\/h2>\n<p>Playa Blanca est\u00e1 situada en la parte m\u00e1s al Sur de Lanzarote y se esta convirtiendo en una de las zonas de la isla con mejor turismo. Originalmente era un peque\u00f1o pueblo de pescadores que se ha ido transformando con grandes complejos de primera calidad.<\/p>\n<p>Marina Rubic\u00f3n, es el puerto deportivo privado mas grande de la isla y rodeado de un peque\u00f1o pueblo, de calles estrechas y adoquinadas, con tiendas de alto standing, caf\u00e9s y restaurantes.<\/p>\n<p>Playa Blanca puede presumir del clima m\u00e1s c\u00e1lido de Lanzarote, ya que casi siempre se disfruta de un c\u00e1lido sol y tambi\u00e9n puede presumir de algunas de las mejores playas, donde el mar es de color turquesa, cristalino y siempre tranquilo.<\/p>\n<p>Hay unas vistas magn\u00edficas a las monta\u00f1as, Isla de Lobos y Fuerteventura.<\/p>\n<p>El paseo mar\u00edtimo de Playa Blanca, al lado del mar, une el puerto, las playas y el pueblo de playa Blanca y est\u00e1 repleta de tiendas, restaurantes y bares. Desde el puerto, en el extremo del paseo, puede coger un ferry a Fuerteventura. Puede ir como pasajero a pie o con coche &nbsp;y cruzar, dura 15 minutos en el moderno FastCatn de Fred Olsen, es muy divertido, usted puede&nbsp; sentarse en la cubierta de la proa o de la terraza al aire libre y disfrutar del mar.<\/p>\n<blockquote>\n<h3 align=\"justify\">El complejo es ideal para familias, hay mucha vida nocturna.<\/h3>\n<\/blockquote>\n<p>El complejo es ideal para familias, hay mucha vida nocturna, entretenimiento y muchos bares ofrecen m\u00fasica en vivo. La elecci\u00f3n de los restaurantes es una delicia gastron\u00f3mica, que van desde las tapas canarias locales a la cocina internacional.<\/p>\n<p>Una gran ventaja de poder alojarse en Playa Blanca, es la proximidad a las playas de Papagayo. Estas playas son las mas bonitas de la isla (y algunas personas dicen que de toda Espa\u00f1a). Una visita a Papagayo es necesario si te vas a quedar en Playa Blanca, sin embargo para &nbsp;ir un d\u00eda a estas playas, usted necesitar\u00e1 coche.<\/p>\n<h3>Cl\u00ednica<\/h3>\n<p>Si usted tiene que ir a la cl\u00ednica, necesitar\u00e1 la tarjeta sanitaria.<\/p>\n<h3>Iglesia<\/h3>\n<p>La iglesia est\u00e1 en el centro del pueblo de Playa Blanca y ofrece los servicios tanto a los cat\u00f3licos como a los anglicanos.<\/p>\n<p>La comuni\u00f3n anglicana es el domingo a las 17,30 y la misa cat\u00f3lica es a las 10,00 horas.<\/p>\n<h3>Ferry a Fuerteventura<\/h3>\n<p>Usted puede coger un ferry desde el puerto de Playa Blanca a Corralero en el extremo norte de Fuerteventura.<\/p>\n<p>Hay dos compa\u00f1\u00edas que navegan entre Playa Blanca y Corralejo. <a href=\"http:\/\/www.navieraarmas.com\/\" target=\"_blank\" rel=\"noopener\">Armas \u2013 que dura aproximadamente 30 minutos<\/a>, y <a href=\"http:\/\/www.fredolsen.es\/es-es\/\" target=\"_blank\" rel=\"noopener\">Fred Olsen, que tarda 15 minutos<\/a><\/p>\n<h3>&nbsp;<\/h3>\n<h3>Comer y beber<\/h3>\n<p>Hay muchos restaurantes en Lanzarote. Una pareja que podemos recomendar son:<\/p>\n<p><strong>Casa Pedro<\/strong><br \/>Gueldera Calle, 1, 35570 Playa Blanca, Lanzarote, Espa\u00f1a<\/p>\n<p><strong>Restaurante Brisa Marina<\/strong><br \/>Avenida Mar\u00edtima, 24, 35570 de El Golfo, Lanzarote, Espa\u00f1a<\/p>\n<p>Cerca de Playa Blanca es la regi\u00f3n vin\u00edcola de La Geria. Usted puede visitar estas bodegas y probar el vino de Lanzarote fabuloso. <a href=\"http:\/\/www.stratvs.com\/\" target=\"_blank\" rel=\"noopener\">Una de las mejores bodegas es Stratvs<\/a>. Usted puede reservar un tour y tambi\u00e9n hay un restaurante muy bueno. Otras bodegas a tener en cuenta son<a href=\"http:\/\/www.lageria.com\/\" target=\"_blank\" rel=\"noopener\"> La Geria<\/a>, <a href=\"http:\/\/www.vinosrubicon.com\/\" target=\"_blank\" rel=\"noopener\">Rubicon<\/a> y <a href=\"http:\/\/www.elgrifo.com\/en\/\" target=\"_blank\" rel=\"noopener\">El Grifo<\/a>.<\/p>\n<p>&nbsp;<\/p>\n<p>[\/et_pb_text][\/et_pb_column][\/et_pb_row][\/et_pb_section][et_pb_section fb_built=\u00bb1&#8243; admin_label=\u00bbpriviledge facilities\u00bb _builder_version=\u00bb4.11.1&#8243; _module_preset=\u00bbdefault\u00bb animation_style=\u00bbzoom\u00bb scroll_vertical_motion_enable=\u00bbon\u00bb scroll_fade_enable=\u00bbon\u00bb global_colors_info=\u00bb{}\u00bb global_module=\u00bb2487&#8243; theme_builder_area=\u00bbpost_content\u00bb][et_pb_row column_structure=\u00bb2_5,3_5&#8243; _builder_version=\u00bb4.11.1&#8243; _module_preset=\u00bbdefault\u00bb use_background_color_gradient=\u00bbon\u00bb background_color_gradient_start=\u00bbrgba(150,221,251,0.08)\u00bb background_color_gradient_end=\u00bbrgba(150,221,251,0.22)\u00bb border_radii=\u00bbon|10px|10px|10px|10px\u00bb box_shadow_style=\u00bbpreset3&#8243; global_colors_info=\u00bb{}\u00bb theme_builder_area=\u00bbpost_content\u00bb][et_pb_column type=\u00bb2_5&#8243; _builder_version=\u00bb4.11.1&#8243; _module_preset=\u00bbdefault\u00bb custom_padding=\u00bb27px|||36px|false|false\u00bb global_colors_info=\u00bb{}\u00bb theme_builder_area=\u00bbpost_content\u00bb][et_pb_text _builder_version=\u00bb4.11.1&#8243; _module_preset=\u00bbdefault\u00bb header_text_align=\u00bbcenter\u00bb header_text_color=\u00bb#1422CB\u00bb custom_margin_tablet=\u00bb\u00bb custom_margin_phone=\u00bb|4px|||false|false\u00bb custom_margin_last_edited=\u00bbon|phone\u00bb header_text_align_tablet=\u00bb\u00bb header_text_align_phone=\u00bbleft\u00bb header_text_align_last_edited=\u00bbon|phone\u00bb global_colors_info=\u00bb{}\u00bb theme_builder_area=\u00bbpost_content\u00bb]<\/p>\n<h1>Servicios Privilegios<\/h1>\n<p>Todos los clientes de nuestra villa tienen derecho a un pase de privilegio para acceder a las incre\u00edbles instalaciones de THB Tropical Island.<\/p>\n<p>[\/et_pb_text][et_pb_image src=\u00bbhttps:\/\/sungrovelanzarote.com\/wp-content\/uploads\/2016\/03\/privilege-pass-THB.png\u00bb title_text=\u00bbprivilege-pass-THB\u00bb align=\u00bbcenter\u00bb _builder_version=\u00bb4.11.1&#8243; _module_preset=\u00bbdefault\u00bb width_tablet=\u00bb\u00bb width_phone=\u00bb45%\u00bb width_last_edited=\u00bbon|phone\u00bb custom_padding=\u00bb|1px||||\u00bb global_colors_info=\u00bb{}\u00bb theme_builder_area=\u00bbpost_content\u00bb][\/et_pb_image][\/et_pb_column][et_pb_column type=\u00bb3_5&#8243; _builder_version=\u00bb4.11.1&#8243; _module_preset=\u00bbdefault\u00bb custom_padding=\u00bb|25px|||false|false\u00bb global_colors_info=\u00bb{}\u00bb theme_builder_area=\u00bbpost_content\u00bb][et_pb_gallery gallery_ids=\u00bb2161,2158,2227,2453&#8243; fullwidth=\u00bbon\u00bb admin_label=\u00bbpriviledge Gallery\u00bb _builder_version=\u00bb4.14.4&#8243; _module_preset=\u00bbdefault\u00bb locked=\u00bboff\u00bb global_colors_info=\u00bb{}\u00bb theme_builder_area=\u00bbpost_content\u00bb][\/et_pb_gallery][\/et_pb_column][\/et_pb_row][\/et_pb_section]<\/p>\n","protected":false},"excerpt":{"rendered":"<p>Playa Blanca La parte m\u00e1s caliente de la isla Playa Blanca est\u00e1 situada en la parte m\u00e1s al Sur de Lanzarote y se esta convirtiendo en una de las zonas de la isla con mejor turismo. Originalmente era un peque\u00f1o pueblo de pescadores que se ha ido transformando con grandes complejos de primera calidad. Marina [&hellip;]<\/p>\n","protected":false},"author":101011,"featured_media":0,"parent":0,"menu_order":3,"comment_status":"closed","ping_status":"closed","template":"","meta":{"_et_pb_use_builder":"on","_et_pb_old_content":"<h2 align=\"justify\">The warmest part of the island<\/h2>\r\n<p align=\"justify\">Playa Blanca, at the southern-most tip of Lanzarote, is fast becoming one of the island's finest tourist areas. Originally a small fishing village it has been transformed into a first class holiday resort.<\/p>\r\n<p align=\"justify\">Marina Rubicon is the largest private marina on the island and is effectively a small village of interconnecting cobbled streets lined with high class shops, cafes, and restaurants.<\/p>\r\n<p align=\"justify\">Playa Blanca can boast the warmest weather on Lanzarote as it is almost always basked in warm sunshine, it can also lay claim to some of the finest beaches, where the deep turquoise sea is crystal clear and always calm. There are superb views of the mountains and the islands of Lobos and Fuerteventura across the water.<\/p>\r\n<p align=\"justify\">Playa Blanca's sea front promenade connects the beaches and is lined with shops, restaurants and bars. From the harbour at the far end of the promenade, you can catch a ferry to Fuerteventura. You can go as a foot passenger or with a car and the 15-minute crossing on the modern Fred Olsen FastCat is great fun as you can sit at the viewing deck at the front or on the open-air terrace and enjoy the ocean.<\/p>\r\n\r\n<blockquote>\r\n<h3 align=\"justify\">The resort is great for families,\r\nthere is plenty of nightlife.<\/h3>\r\n<\/blockquote>\r\n<p align=\"justify\">The resort is great for families, there is plenty of nightlife and entertainment with many of the bars offering live music. The choice of restaurants is a gastronomic delight, varying from local Canarian tapas to international cuisine.<\/p>\r\n<p align=\"justify\">A great advantage to staying in Playa Blanca villas is the proximity to the beaches of Papagayo. These beaches are the most beautiful beaches on the island (and some people say in all of Spain). A visit to Papagayo is a must if you are staying in Playa Blanca, however, do take a picnic as there are no shops or facilities here, and you will need a car.<\/p>\r\n\r\n<h3 align=\"justify\">Clinic<\/h3>\r\nFor the main state run clinic you will need an EU Health card and passport.\r\n<h3>Church<\/h3>\r\nThe Church is in the centre of the town and offers both Roman Catholic and Anglican services.\r\nAnglican Holy Communion is on Sunday at 5.30pm. Roman Catholic mass is at 10.00am\r\n<h3>Ferry to Fuerteventura<\/h3>\r\nYou can catch a ferry from the port at Playa Blanca to Corralejo at the northern tip of Fuerteventura. There are many activities to enjoy in Fuerteventura from windsurfing to sand dune surfing. You may choose to fly to Fuerteventura airport from your home location and drive across to Playa Blanca.\r\n\r\nThere are 2 companies who sail between Playa Blanca and Corralejo. <a href=\"http:\/\/www.navieraarmas.com\/en\/home\" target=\"_blank\">Armas - which takes about a half hour<\/a>, and <a href=\"http:\/\/www.fredolsen.es\/en-us\/\" target=\"_blank\">Fred Olsen, on a fast cat, which takes about 15 minutes<\/a>\r\n<h3>Eating and drinking<\/h3>\r\nThere are many fine restaurants in Lanzarote. A couple we can recommend are:\r\n\r\n<strong>Casa Pedro<\/strong>\r\nCalle Gueldera, 1,\u00a035570\u00a0Playa Blanca, Lanzarote,\u00a0Spain\r\n\r\n<strong>Restaurante Brisa Marina<\/strong>\r\nAvenida Maritima, 24,\u00a035570\u00a0El Golfo, Lanzarote,\u00a0Spain\r\n\r\nClose to Playa Blanca is the wine region of La Geria. You can visit these local wineries (bodegas) and sample the fabulous Lanzarote wine. <a href=\"http:\/\/www.stratvs.com\/\" target=\"_blank\">One of the finest bodegas is STRATVS<\/a>. You can book a tour and there is also a great restaurant here. Other bodegas to look out for are <a href=\"http:\/\/www.lageria.com\/\" target=\"_blank\">La Geria<\/a>, <a href=\"http:\/\/www.vinosrubicon.com\/\" target=\"_blank\">Rubicon<\/a>, and <a href=\"http:\/\/www.elgrifo.com\/en\/\" target=\"_blank\">El Grifo<\/a>.","_et_gb_content_width":"","footnotes":""},"class_list":["post-301","page","type-page","status-publish","hentry"],"yoast_head":"<!-- This site is optimized with the Yoast SEO plugin v27.2 - https:\/\/yoast.com\/product\/yoast-seo-wordpress\/ -->\n<title>sungrove playa blanca villas<\/title>\n<meta name=\"description\" content=\"sungrove playa blanca villas with private pools to rent direct from the owners\" \/>\n<meta name=\"robots\" content=\"index, follow, max-snippet:-1, max-image-preview:large, max-video-preview:-1\" \/>\n<link rel=\"canonical\" href=\"https:\/\/sungrovelanzarote.com\/es\/playa-blanca\/\" \/>\n<meta property=\"og:locale\" content=\"es_ES\" \/>\n<meta property=\"og:type\" content=\"article\" \/>\n<meta property=\"og:title\" content=\"sungrove playa blanca villas\" \/>\n<meta property=\"og:description\" content=\"sungrove playa blanca villas with private pools to rent direct from the owners\" \/>\n<meta property=\"og:url\" content=\"https:\/\/sungrovelanzarote.com\/es\/playa-blanca\/\" \/>\n<meta property=\"og:site_name\" content=\"Sun Grove Villas\" \/>\n<meta property=\"article:modified_time\" content=\"2022-01-05T14:58:22+00:00\" \/>\n<meta name=\"twitter:label1\" content=\"Tiempo de lectura\" \/>\n\t<meta name=\"twitter:data1\" content=\"7 minutos\" \/>\n<script type=\"application\/ld+json\" class=\"yoast-schema-graph\">{\"@context\":\"https:\/\/schema.org\",\"@graph\":[{\"@type\":\"WebPage\",\"@id\":\"https:\/\/sungrovelanzarote.com\/es\/playa-blanca\/\",\"url\":\"https:\/\/sungrovelanzarote.com\/es\/playa-blanca\/\",\"name\":\"sungrove playa blanca villas\",\"isPartOf\":{\"@id\":\"https:\/\/sungrovelanzarote.com\/#website\"},\"datePublished\":\"2012-07-16T14:59:10+00:00\",\"dateModified\":\"2022-01-05T14:58:22+00:00\",\"description\":\"sungrove playa blanca villas with private pools to rent direct from the owners\",\"breadcrumb\":{\"@id\":\"https:\/\/sungrovelanzarote.com\/es\/playa-blanca\/#breadcrumb\"},\"inLanguage\":\"es\",\"potentialAction\":[{\"@type\":\"ReadAction\",\"target\":[\"https:\/\/sungrovelanzarote.com\/es\/playa-blanca\/\"]}]},{\"@type\":\"BreadcrumbList\",\"@id\":\"https:\/\/sungrovelanzarote.com\/es\/playa-blanca\/#breadcrumb\",\"itemListElement\":[{\"@type\":\"ListItem\",\"position\":1,\"name\":\"Home\",\"item\":\"https:\/\/sungrovelanzarote.com\/es\/\"},{\"@type\":\"ListItem\",\"position\":2,\"name\":\"Playa Blanca\"}]},{\"@type\":\"WebSite\",\"@id\":\"https:\/\/sungrovelanzarote.com\/#website\",\"url\":\"https:\/\/sungrovelanzarote.com\/\",\"name\":\"Sun Grove Villas\",\"description\":\"Villas de lujo y privadas con piscinas climatizadas en Lanzarote\",\"potentialAction\":[{\"@type\":\"SearchAction\",\"target\":{\"@type\":\"EntryPoint\",\"urlTemplate\":\"https:\/\/sungrovelanzarote.com\/?s={search_term_string}\"},\"query-input\":{\"@type\":\"PropertyValueSpecification\",\"valueRequired\":true,\"valueName\":\"search_term_string\"}}],\"inLanguage\":\"es\"}]}<\/script>\n<!-- \/ Yoast SEO plugin. -->","yoast_head_json":{"title":"sungrove playa blanca villas","description":"sungrove playa blanca villas with private pools to rent direct from the owners","robots":{"index":"index","follow":"follow","max-snippet":"max-snippet:-1","max-image-preview":"max-image-preview:large","max-video-preview":"max-video-preview:-1"},"canonical":"https:\/\/sungrovelanzarote.com\/es\/playa-blanca\/","og_locale":"es_ES","og_type":"article","og_title":"sungrove playa blanca villas","og_description":"sungrove playa blanca villas with private pools to rent direct from the owners","og_url":"https:\/\/sungrovelanzarote.com\/es\/playa-blanca\/","og_site_name":"Sun Grove Villas","article_modified_time":"2022-01-05T14:58:22+00:00","twitter_misc":{"Tiempo de lectura":"7 minutos"},"schema":{"@context":"https:\/\/schema.org","@graph":[{"@type":"WebPage","@id":"https:\/\/sungrovelanzarote.com\/es\/playa-blanca\/","url":"https:\/\/sungrovelanzarote.com\/es\/playa-blanca\/","name":"sungrove playa blanca villas","isPartOf":{"@id":"https:\/\/sungrovelanzarote.com\/#website"},"datePublished":"2012-07-16T14:59:10+00:00","dateModified":"2022-01-05T14:58:22+00:00","description":"sungrove playa blanca villas with private pools to rent direct from the owners","breadcrumb":{"@id":"https:\/\/sungrovelanzarote.com\/es\/playa-blanca\/#breadcrumb"},"inLanguage":"es","potentialAction":[{"@type":"ReadAction","target":["https:\/\/sungrovelanzarote.com\/es\/playa-blanca\/"]}]},{"@type":"BreadcrumbList","@id":"https:\/\/sungrovelanzarote.com\/es\/playa-blanca\/#breadcrumb","itemListElement":[{"@type":"ListItem","position":1,"name":"Home","item":"https:\/\/sungrovelanzarote.com\/es\/"},{"@type":"ListItem","position":2,"name":"Playa Blanca"}]},{"@type":"WebSite","@id":"https:\/\/sungrovelanzarote.com\/#website","url":"https:\/\/sungrovelanzarote.com\/","name":"Sun Grove Villas","description":"Villas de lujo y privadas con piscinas climatizadas en Lanzarote","potentialAction":[{"@type":"SearchAction","target":{"@type":"EntryPoint","urlTemplate":"https:\/\/sungrovelanzarote.com\/?s={search_term_string}"},"query-input":{"@type":"PropertyValueSpecification","valueRequired":true,"valueName":"search_term_string"}}],"inLanguage":"es"}]}},"_links":{"self":[{"href":"https:\/\/sungrovelanzarote.com\/es\/wp-json\/wp\/v2\/pages\/301","targetHints":{"allow":["GET"]}}],"collection":[{"href":"https:\/\/sungrovelanzarote.com\/es\/wp-json\/wp\/v2\/pages"}],"about":[{"href":"https:\/\/sungrovelanzarote.com\/es\/wp-json\/wp\/v2\/types\/page"}],"author":[{"embeddable":true,"href":"https:\/\/sungrovelanzarote.com\/es\/wp-json\/wp\/v2\/users\/101011"}],"replies":[{"embeddable":true,"href":"https:\/\/sungrovelanzarote.com\/es\/wp-json\/wp\/v2\/comments?post=301"}],"version-history":[{"count":23,"href":"https:\/\/sungrovelanzarote.com\/es\/wp-json\/wp\/v2\/pages\/301\/revisions"}],"predecessor-version":[{"id":2495,"href":"https:\/\/sungrovelanzarote.com\/es\/wp-json\/wp\/v2\/pages\/301\/revisions\/2495"}],"wp:attachment":[{"href":"https:\/\/sungrovelanzarote.com\/es\/wp-json\/wp\/v2\/media?parent=301"}],"curies":[{"name":"wp","href":"https:\/\/api.w.org\/{rel}","templated":true}]}}