{"id":300,"date":"2012-07-16T14:58:44","date_gmt":"2012-07-16T14:58:44","guid":{"rendered":"http:\/\/host19.qnop.net\/~sungrove\/las-villas\/"},"modified":"2022-02-15T08:21:29","modified_gmt":"2022-02-15T08:21:29","slug":"the-villas","status":"publish","type":"page","link":"https:\/\/sungrovelanzarote.com\/es\/the-villas\/","title":{"rendered":"Las Villas"},"content":{"rendered":"<p>[et_pb_section fb_built=\u00bb1&#8243; _builder_version=\u00bb4.11.1&#8243; _module_preset=\u00bbdefault\u00bb background_enable_color=\u00bboff\u00bb global_colors_info=\u00bb{}\u00bb][et_pb_row column_structure=\u00bb1_3,2_3&#8243; _builder_version=\u00bb4.11.1&#8243; _module_preset=\u00bbdefault\u00bb custom_padding=\u00bb0px|||||\u00bb global_colors_info=\u00bb{}\u00bb][et_pb_column type=\u00bb1_3&#8243; _builder_version=\u00bb4.11.1&#8243; _module_preset=\u00bbdefault\u00bb global_colors_info=\u00bb{}\u00bb][et_pb_text _builder_version=\u00bb4.11.1&#8243; _module_preset=\u00bbdefault\u00bb header_text_color=\u00bb#1422CB\u00bb header_font_size=\u00bb40px\u00bb header_2_text_color=\u00bb#3A85F7&#8243; header_2_line_height=\u00bb1.4em\u00bb global_colors_info=\u00bb{}\u00bb]<\/p>\n<h1>Las Villas<\/h1>\n<h2>&nbsp;<\/h2>\n<h2>Almez, Arce, Boj, Cedro, Cipres<\/h2>\n<p>Este grupo de hermosas villas est\u00e1n situadas en la popular localidad de Playa Blanca y tienen todo lo necesario para unas vacaciones perfectas. Llevan el nombre de \u00e1rboles ya que se encuentran con agradables jardines. Se tratan de unas villas en un para\u00edso tropical, para las familias numerosas y parejas. Las villas est\u00e1n situadas en una calle tranquila y sin embargo est\u00e1 a un paseo del centro de Playa Blanca. <a href=\"#map\">Vea el mapa google para obtener m\u00e1s detalles.<\/a><\/p>\n<p>[\/et_pb_text][\/et_pb_column][et_pb_column type=\u00bb2_3&#8243; _builder_version=\u00bb4.11.1&#8243; _module_preset=\u00bbdefault\u00bb global_colors_info=\u00bb{}\u00bb][et_pb_gallery gallery_ids=\u00bb2233,2225,2237,2229,2247,2249,2217,2245,2251,2239,2223,2221,2235,2219&#8243; fullwidth=\u00bbon\u00bb _builder_version=\u00bb4.11.1&#8243; _module_preset=\u00bbdefault\u00bb border_radii=\u00bbon|6px|6px|6px|6px\u00bb locked=\u00bboff\u00bb global_colors_info=\u00bb{}\u00bb][\/et_pb_gallery][\/et_pb_column][\/et_pb_row][\/et_pb_section][et_pb_section fb_built=\u00bb1&#8243; admin_label=\u00bbpriviledge facilities\u00bb _builder_version=\u00bb4.11.1&#8243; _module_preset=\u00bbdefault\u00bb animation_style=\u00bbzoom\u00bb scroll_vertical_motion_enable=\u00bbon\u00bb scroll_fade_enable=\u00bbon\u00bb global_module=\u00bb2487&#8243; saved_tabs=\u00bball\u00bb global_colors_info=\u00bb{}\u00bb][et_pb_row column_structure=\u00bb2_5,3_5&#8243; _builder_version=\u00bb4.11.1&#8243; _module_preset=\u00bbdefault\u00bb use_background_color_gradient=\u00bbon\u00bb background_color_gradient_start=\u00bbrgba(150,221,251,0.08)\u00bb background_color_gradient_end=\u00bbrgba(150,221,251,0.22)\u00bb border_radii=\u00bbon|10px|10px|10px|10px\u00bb box_shadow_style=\u00bbpreset3&#8243; global_colors_info=\u00bb{}\u00bb][et_pb_column type=\u00bb2_5&#8243; _builder_version=\u00bb4.11.1&#8243; _module_preset=\u00bbdefault\u00bb custom_padding=\u00bb27px|||36px|false|false\u00bb global_colors_info=\u00bb{}\u00bb][et_pb_text _builder_version=\u00bb4.11.1&#8243; _module_preset=\u00bbdefault\u00bb header_text_align=\u00bbcenter\u00bb header_text_color=\u00bb#1422CB\u00bb custom_margin_tablet=\u00bb\u00bb custom_margin_phone=\u00bb|4px|||false|false\u00bb custom_margin_last_edited=\u00bbon|phone\u00bb header_text_align_tablet=\u00bb\u00bb header_text_align_phone=\u00bbleft\u00bb header_text_align_last_edited=\u00bbon|phone\u00bb global_colors_info=\u00bb{}\u00bb]<\/p>\n<h1>Servicios Privilegios<\/h1>\n<p>Todos los clientes de nuestra villa tienen derecho a un pase de privilegio para acceder a las incre\u00edbles instalaciones de THB Tropical Island.<\/p>\n<p>[\/et_pb_text][et_pb_image src=\u00bbhttps:\/\/sungrovelanzarote.com\/wp-content\/uploads\/2016\/03\/privilege-pass-THB.png\u00bb title_text=\u00bbprivilege-pass-THB\u00bb align=\u00bbcenter\u00bb _builder_version=\u00bb4.11.1&#8243; _module_preset=\u00bbdefault\u00bb width_tablet=\u00bb\u00bb width_phone=\u00bb45%\u00bb width_last_edited=\u00bbon|phone\u00bb custom_padding=\u00bb|1px||||\u00bb global_colors_info=\u00bb{}\u00bb][\/et_pb_image][\/et_pb_column][et_pb_column type=\u00bb3_5&#8243; _builder_version=\u00bb4.11.1&#8243; _module_preset=\u00bbdefault\u00bb custom_padding=\u00bb|25px|||false|false\u00bb global_colors_info=\u00bb{}\u00bb][et_pb_gallery gallery_ids=\u00bb2161,2158,2227,2453&#8243; fullwidth=\u00bbon\u00bb admin_label=\u00bbpriviledge Gallery\u00bb _builder_version=\u00bb4.14.4&#8243; _module_preset=\u00bbdefault\u00bb locked=\u00bboff\u00bb global_colors_info=\u00bb{}\u00bb][\/et_pb_gallery][\/et_pb_column][\/et_pb_row][\/et_pb_section][et_pb_section fb_built=\u00bb1&#8243; _builder_version=\u00bb4.11.1&#8243; _module_preset=\u00bbdefault\u00bb global_colors_info=\u00bb{}\u00bb][et_pb_row column_structure=\u00bb2_3,1_3&#8243; _builder_version=\u00bb4.11.1&#8243; _module_preset=\u00bbdefault\u00bb global_colors_info=\u00bb{}\u00bb][et_pb_column type=\u00bb2_3&#8243; _builder_version=\u00bb4.11.1&#8243; _module_preset=\u00bbdefault\u00bb global_colors_info=\u00bb{}\u00bb][et_pb_text _builder_version=\u00bb4.14.4&#8243; _module_preset=\u00bbdefault\u00bb header_text_color=\u00bb#1422CB\u00bb hover_enabled=\u00bb0&#8243; global_colors_info=\u00bb{}\u00bb sticky_enabled=\u00bb0&#8243;]<\/p>\n<h1>Villa descripci\u00f3n<\/h1>\n<p>Cada villa tiene su propia entrada privada y est\u00e1 amurada por todos los lados para la privacidad y seguridad. Sin embargo tiene magn\u00edficas vistas al mar desde la terraza de la azotea.<\/p>\n<p>Sin costo adicional, se puede acceder diariamente a las instalaciones deportivas (gimnasio y cancha tenis) Spa, sauna, ba\u00f1o turco, situados en el complejo THB Tropical Island Resort, a cinco minutos caminando desde las villas.<\/p>\n<p>Las cinco villas se encuentran una junto a la otra, que permite a los grandes grupos de familia poder reservar varias villas y tener las vacaciones juntos.<\/p>\n<p>Las villas son administradas por el due\u00f1o y arquitecto proyectista de las mismas y son altamente recomendadas por nuestros clientes.<\/p>\n<h3>\u00a0<\/h3>\n<h3>Interior<\/h3>\n<div>Las villas de una sola planta son todas iguales. Hay un amplio sal\u00f3n con TV smart TV, Nintendo Wii, una cocina moderna, bien equipada con frigor\u00edfico-congelador, horno, vitrocer\u00e1mica, microondas, lavavajillas, lavadora, tostadora, batidora y cafetera. Hay un amplio comedor en el interior y una mesa de comedor adicional para cenar en la terraza. Hay dos dormitorios; uno con cama doble y ba\u00f1o en suite, otro dormitorio con dos camas individuales y un ba\u00f1o con ducha. La villa dispone de aire acondicionado, calefacci\u00f3n y conexi\u00f3n a internet Wi-Fi teletrabajo, todo gratuito.<\/div>\n<div>\u00a0<\/div>\n<h3>Exterior<\/h3>\n<p>La terraza privada tiene una piscina de 7 x 3 m, que se limpia biol\u00f3gicamente como un sistema de cloraci\u00f3n del agua. Esto es mucho m\u00e1s agradable para la piel y los ojos. Hay c\u00f3modas tumbonas para tomar el sol, y un \u00e1rea sombreada con p\u00e9rgola para cenar o simplemente refrescarse. Tambi\u00e9n hay una barbacoa para cocinar junto a la piscina. Estas caracter\u00edsticas le proporcionan una agradable estancia al aire libre para esos d\u00edas calurosos. Hay una ducha junto a la piscina para refrescarse o ducharse despu\u00e9s de la playa. La escalera exterior proporciona un f\u00e1cil acceso al solarium, con c\u00f3modas tumbonas y unas preciosas vistas a las islas de Lobos y Fuerteventura.<\/p>\n<h2>Caracter\u00edsticas extra<\/h2>\n<p>Adem\u00e1s de todo lo que la villa tiene para ofrecer, los hu\u00e9spedes tienen el privilegio de utilizar el Spa, gimnasio y canchas de tenis en el hotel THB Tropical Island Resorts, a s\u00f3lo 5 minutos caminado. Sun Grove ofrece a sus hu\u00e9spedes un bono para su uso exclusivo, diario y personal, y es libre de utilizar todas estas instalaciones impresionantes, sin costo adicional.<\/p>\n<p>[\/et_pb_text][\/et_pb_column][et_pb_column type=\u00bb1_3&#8243; _builder_version=\u00bb4.11.1&#8243; _module_preset=\u00bbdefault\u00bb custom_padding=\u00bb20px|14px|14px|20px|false|false\u00bb border_radii=\u00bbon|8px|8px|8px|8px\u00bb box_shadow_style=\u00bbpreset1&#8243; global_colors_info=\u00bb{}\u00bb][et_pb_text admin_label=\u00bbfeatures\u00bb _builder_version=\u00bb4.11.1&#8243; _module_preset=\u00bbdefault\u00bb header_text_color=\u00bb#1422CB\u00bb global_colors_info=\u00bb{}\u00bb]<\/p>\n<h1>Caracter\u00edsticas de las villas<\/h1>\n<ul>\n<li>2 dormitorios, 2 ba\u00f1os (hasta 5 personas)<\/li>\n<li>Piscina privada climatizada \u2013 7 x 3m, 1.5m y 0,85m de profundidad<\/li>\n<li>Piscina biol\u00f3gica, sin productos qu\u00edmicos utilizados<\/li>\n<li>Villa privada<\/li>\n<li>Aparcamiento privado<\/li>\n<li>Ubicaci\u00f3n con vistas al mar y a la monta\u00f1a<\/li>\n<li>TV sat\u00e9lite \/ TV pantalla plana<\/li>\n<li>Nintendo Wii<\/li>\n<li>Internet con \u2013 WIFI<\/li>\n<li>WIFI teletrabajo<\/li>\n<li>Altavoz por Bluetooth<\/li>\n<li>Lavadora<\/li>\n<li>Lavavajilla<\/li>\n<li>Horno\/placa<\/li>\n<li>Microonda<\/li>\n<li>Frigor\u00edfico<\/li>\n<li>Batidora<\/li>\n<li>Caja fuerte para ordenador portatil<\/li>\n<li>Barbacoa<\/li>\n<li>Aire acondicionado<\/li>\n<li>Calefaccion<\/li>\n<li>Servicios del Spa<\/li>\n<li>Pista de tenis<\/li>\n<li>Gymnasio<\/li>\n<li>Cuna y trona \u2013 gratis<\/li>\n<li>Cama extra \u2013 gratis<\/li>\n<li>Pack de limpieza<\/li>\n<li>Albornoz<\/li>\n<\/ul>\n<p>[\/et_pb_text][\/et_pb_column][\/et_pb_row][\/et_pb_section][et_pb_section fb_built=\u00bb1&#8243; admin_label=\u00bbmap Section\u00bb module_id=\u00bbmap\u00bb _builder_version=\u00bb4.11.1&#8243; _module_preset=\u00bbdefault\u00bb background_enable_color=\u00bboff\u00bb top_divider_height=\u00bb65px\u00bb bottom_divider_color=\u00bbrgba(0,0,0,0.06)\u00bb bottom_divider_height=\u00bb180px\u00bb global_colors_info=\u00bb{}\u00bb][et_pb_row column_structure=\u00bb1_3,2_3&#8243; _builder_version=\u00bb4.11.1&#8243; _module_preset=\u00bbdefault\u00bb global_colors_info=\u00bb{}\u00bb][et_pb_column type=\u00bb1_3&#8243; _builder_version=\u00bb4.11.1&#8243; _module_preset=\u00bbdefault\u00bb global_colors_info=\u00bb{}\u00bb][et_pb_text _builder_version=\u00bb4.11.1&#8243; _module_preset=\u00bbdefault\u00bb header_text_align=\u00bbleft\u00bb header_text_color=\u00bb#1422CB\u00bb text_orientation=\u00bbright\u00bb global_colors_info=\u00bb{}\u00bb]<\/p>\n<h1>Nuestra ubicaci\u00f3n<\/h1>\n<p>[\/et_pb_text][et_pb_image src=\u00bbhttps:\/\/sungrovelanzarote.com\/wp-content\/uploads\/2021\/10\/map-thumb.jpg\u00bb title_text=\u00bbmap-thumb\u00bb url=\u00bbhttps:\/\/sungrovelanzarote.com\/SGV-lanzarote-map.pdf\u00bb url_new_window=\u00bbon\u00bb align=\u00bbright\u00bb _builder_version=\u00bb4.11.1&#8243; _module_preset=\u00bbdefault\u00bb width=\u00bb51%\u00bb border_radii=\u00bbon|15px|15px|15px|15px\u00bb box_shadow_style=\u00bbpreset3&#8243; global_colors_info=\u00bb{}\u00bb][\/et_pb_image][et_pb_text _builder_version=\u00bb4.11.1&#8243; _module_preset=\u00bbdefault\u00bb text_orientation=\u00bbright\u00bb global_colors_info=\u00bb{}\u00bb]Descarga un mapa de la isla[\/et_pb_text][\/et_pb_column][et_pb_column type=\u00bb2_3&#8243; _builder_version=\u00bb4.11.1&#8243; _module_preset=\u00bbdefault\u00bb global_colors_info=\u00bb{}\u00bb][et_pb_text admin_label=\u00bbstreetview location\u00bb _builder_version=\u00bb4.11.1&#8243; _module_preset=\u00bbdefault\u00bb global_colors_info=\u00bb{}\u00bb]<iframe loading=\"lazy\" style=\"border: 0;\" src=\"https:\/\/www.google.com\/maps\/embed?pb=!1m0!3m2!1ses!2ses!4v1438008614569!6m8!1m7!1sFLgF-sNRhlgDuF8ZQFuYlg!2m2!1d28.875032!2d-13.827043!3f284.585308784795!4f0!5f0.7820865974627469\" allowfullscreen=\"allowfullscreen\" width=\"640\" height=\"480\" frameborder=\"0\"><\/iframe>[\/et_pb_text][\/et_pb_column][\/et_pb_row][\/et_pb_section]<\/p>\n","protected":false},"excerpt":{"rendered":"<p>Las Villas &nbsp; Almez, Arce, Boj, Cedro, Cipres Este grupo de hermosas villas est\u00e1n situadas en la popular localidad de Playa Blanca y tienen todo lo necesario para unas vacaciones perfectas. Llevan el nombre de \u00e1rboles ya que se encuentran con agradables jardines. Se tratan de unas villas en un para\u00edso tropical, para las familias [&hellip;]<\/p>\n","protected":false},"author":101011,"featured_media":0,"parent":0,"menu_order":2,"comment_status":"closed","ping_status":"closed","template":"","meta":{"_et_pb_use_builder":"on","_et_pb_old_content":"<h2>Photo Gallery<\/h2><p>See the photo gallery below to view Sun Grove Villas Lanzarote.<\/p><p>[ngg_images source=\"galleries\" container_ids=\"1\" display_type=\"photocrati-nextgen_basic_slideshow\" gallery_width=\"640\" gallery_height=\"480\" cycle_effect=\"fade\" cycle_interval=\"4\" show_thumbnail_link=\"0\" thumbnail_link_text=\"[Show picture list]\" order_by=\"sortorder\" order_direction=\"ASC\" returns=\"included\" maximum_entity_count=\"500\"]<\/p><h2>Our location<\/h2><p><iframe style=\"border: 0;\" src=\"https:\/\/www.google.com\/maps\/embed?pb=!1m18!1m12!1m3!1d3493.7857522268873!2d-13.827157!3d28.874990000000004!2m3!1f0!2f0!3f0!3m2!1i1024!2i768!4f13.1!3m3!1m2!1s0xc462777ecd9bc0b%3A0x4ed1541a14a5788d!2sJ.F.ARQ%2C+S.L.+(SUN+GROVE+VILLAS)!5e0!3m2!1ses!2ses!4v1438008294123\" width=\"640\" height=\"480\" frameborder=\"0\" allowfullscreen=\"allowfullscreen\"><\/iframe><\/p><p><iframe style=\"border: 0;\" src=\"https:\/\/www.google.com\/maps\/embed?pb=!1m0!3m2!1ses!2ses!4v1438008614569!6m8!1m7!1sFLgF-sNRhlgDuF8ZQFuYlg!2m2!1d28.875032!2d-13.827043!3f284.585308784795!4f0!5f0.7820865974627469\" width=\"640\" height=\"480\" frameborder=\"0\" allowfullscreen=\"allowfullscreen\"><\/iframe><\/p><h2>Villas:<\/h2><h3>Almez, Arce, Boj, Cedro, Cipres<\/h3><p>[tabs]<\/p><p>[tab title=\"Intro\"]<br \/>This group of beautiful villas located in the popular resort of Playa Blanca have everything you need for a perfect holiday. They are aptly named after trees, for they are set in lush gardens. They are a home from home in a tropical paradise. For large families and couples alike. The villas are situated on a quiet street, yet are a walk (or short drive) to the main resort and all amenities. See map for details.<br \/>Each villa has it's own private entrance and is walled on all sides for privacy and security. Yet with a superb sea view from the roof terrace.<br \/>At no extra cost there is access to spa and sports facilities nearby.<\/p><p>The five villas are located beside one another which enable larger family groups to book multiple villas and holiday together.<br \/>The villas are managed by the owners and come highly recommended by previous guests.<\/p><p>[\/tab]<\/p><p>[tab title=\"Description\"]<\/p><h3>Each villa features<\/h3><ul><li>2 bedrooms, 2 bathrooms (up to 5 persons)<\/li><li>Private electrically heated swimming pool - 7 x 3m, depth between 1.5m & 0.85m<\/li><li>Natural non chemical chlorine for pool, kinder to your skin & eyes<\/li><li>Enclosed private grounds<\/li><li>Secure parking<\/li><li>Coastal location with sea and mountain views<\/li><li>Satellite TV \/ flat screen TV \/ DVD player<\/li><li>Internet access - WIFI<\/li><li>Bluetooth speaker<\/li><li>Nintendo Wii<\/li><li>Washing machine<\/li><li>Dishwasher<\/li><li>Electric oven\/ceramic hob<\/li><li>Microwave<\/li><li>Liquidizer<\/li><li>Fridge freezer<\/li><li>Safe specially designed for laptop computers<\/li><li>Coal Barbecue<\/li><li>Air conditioning\/heating<\/li><li>Spa facilities<\/li><li>Tennis courts<\/li><li>Gymnasium<\/li><li>Cot & High Chair<\/li><li>Extra bed - free of charge<\/li><li>Secure parking<\/li><li>Free wash pack<\/li><li>Bathrobe<\/li><\/ul><h3>Interior<\/h3><p>The single story villas are all identical. There is a spacious living room with flat-screen TV & DVD player and Nintendo Wii games console, a well equipped modern kitchen with fridge-freezer, oven, hob, microwave, dishwasher, washing machine, toaster, blender & coffee machine. There is ample dining space for 5 people inside and an additional dining table on the terrace for al fresco dining. There are two bedrooms, one double bed with en-suite bathroom with full bath & shower, the other is a twin bedroom. There is an additional bathroom with shower. The villa has free WIFI internet access and is also air conditioned and heating.<\/p><h3>Exterior<\/h3><p>The private terrace provides a large 7 x 3m heated swimming pool which is cleaned biologically with a salt water chlorinator system. This is much kinder on the skin and eyes. There are comfortable loungers for sunbathing, and a shaded pergola area for dining or just cooling down. There is also a coal barbecue for poolside cooking. It provides the perfect outdoor living for those long hot sunny days. There is an outdoor shower for cooling down or clean up after the beach.<br \/>The exterior staircase provides easy access to the rooftop sundeck, with comfortable loungers and stunning views across to the islands of Lobos and Fuerteventura<\/p><h2>Extra features<\/h2><p>In addition to all that the villa has to offer, guests have the privilege to use the private spa, gym and tennis facilities at the THB Tropical Island Resort, just 5 minutes walk away. Guests are provided with a voucher for their use only, and are free to use all these stunning facilities at no extra cost.<\/p><p>[\/tab]<\/p><p>[tab title=\"Maps\"]<i><br \/><\/i><\/p><p><a href=\"https:\/\/ejh.6b0.mytemp.website\/SGV-lanzarote-map.pdf\" target=\"_blank\" rel=\"noopener noreferrer\"><img class=\"alignnone wp-image-2137\" title=\"pdf-icon\" src=\"https:\/\/ejh.6b0.mytemp.website\/wp-content\/uploads\/2012\/07\/pdf-icon.png\" alt=\"\" \/><\/a><a title=\"Lanzarote map\" href=\"https:\/\/ejh.6b0.mytemp.website\/SGV-lanzarote-map.pdf\" target=\"_blank\" rel=\"noopener noreferrer\">Lanzarote Island - Map<\/a><\/p><p>\u00a0<\/p><p>[\/tab]<\/p><p>[\/tabs]<\/p>","_et_gb_content_width":"","footnotes":""},"class_list":["post-300","page","type-page","status-publish","hentry"],"yoast_head":"<!-- This site is optimized with the Yoast SEO plugin v27.2 - https:\/\/yoast.com\/product\/yoast-seo-wordpress\/ -->\n<title>sun grove villas lanzarote playa blanca to book direct from owner<\/title>\n<meta name=\"description\" content=\"sun grove villas lanzarote playa blanca. Luxury villas with private pools to book direct from owner\" \/>\n<meta name=\"robots\" content=\"index, follow, max-snippet:-1, max-image-preview:large, max-video-preview:-1\" \/>\n<link rel=\"canonical\" href=\"https:\/\/sungrovelanzarote.com\/es\/the-villas\/\" \/>\n<meta property=\"og:locale\" content=\"es_ES\" \/>\n<meta property=\"og:type\" content=\"article\" \/>\n<meta property=\"og:title\" content=\"sun grove villas lanzarote playa blanca to book direct from owner\" \/>\n<meta property=\"og:description\" content=\"sun grove villas lanzarote playa blanca. Luxury villas with private pools to book direct from owner\" \/>\n<meta property=\"og:url\" content=\"https:\/\/sungrovelanzarote.com\/es\/the-villas\/\" \/>\n<meta property=\"og:site_name\" content=\"Sun Grove Villas\" \/>\n<meta property=\"article:modified_time\" content=\"2022-02-15T08:21:29+00:00\" \/>\n<meta name=\"twitter:label1\" content=\"Tiempo de lectura\" \/>\n\t<meta name=\"twitter:data1\" content=\"7 minutos\" \/>\n<script type=\"application\/ld+json\" class=\"yoast-schema-graph\">{\"@context\":\"https:\/\/schema.org\",\"@graph\":[{\"@type\":\"WebPage\",\"@id\":\"https:\/\/sungrovelanzarote.com\/es\/the-villas\/\",\"url\":\"https:\/\/sungrovelanzarote.com\/es\/the-villas\/\",\"name\":\"sun grove villas lanzarote playa blanca to book direct from owner\",\"isPartOf\":{\"@id\":\"https:\/\/sungrovelanzarote.com\/#website\"},\"datePublished\":\"2012-07-16T14:58:44+00:00\",\"dateModified\":\"2022-02-15T08:21:29+00:00\",\"description\":\"sun grove villas lanzarote playa blanca. Luxury villas with private pools to book direct from owner\",\"breadcrumb\":{\"@id\":\"https:\/\/sungrovelanzarote.com\/es\/the-villas\/#breadcrumb\"},\"inLanguage\":\"es\",\"potentialAction\":[{\"@type\":\"ReadAction\",\"target\":[\"https:\/\/sungrovelanzarote.com\/es\/the-villas\/\"]}]},{\"@type\":\"BreadcrumbList\",\"@id\":\"https:\/\/sungrovelanzarote.com\/es\/the-villas\/#breadcrumb\",\"itemListElement\":[{\"@type\":\"ListItem\",\"position\":1,\"name\":\"Home\",\"item\":\"https:\/\/sungrovelanzarote.com\/es\/\"},{\"@type\":\"ListItem\",\"position\":2,\"name\":\"Las Villas\"}]},{\"@type\":\"WebSite\",\"@id\":\"https:\/\/sungrovelanzarote.com\/#website\",\"url\":\"https:\/\/sungrovelanzarote.com\/\",\"name\":\"Sun Grove Villas\",\"description\":\"Villas de lujo y privadas con piscinas climatizadas en Lanzarote\",\"potentialAction\":[{\"@type\":\"SearchAction\",\"target\":{\"@type\":\"EntryPoint\",\"urlTemplate\":\"https:\/\/sungrovelanzarote.com\/?s={search_term_string}\"},\"query-input\":{\"@type\":\"PropertyValueSpecification\",\"valueRequired\":true,\"valueName\":\"search_term_string\"}}],\"inLanguage\":\"es\"}]}<\/script>\n<!-- \/ Yoast SEO plugin. -->","yoast_head_json":{"title":"sun grove villas lanzarote playa blanca to book direct from owner","description":"sun grove villas lanzarote playa blanca. Luxury villas with private pools to book direct from owner","robots":{"index":"index","follow":"follow","max-snippet":"max-snippet:-1","max-image-preview":"max-image-preview:large","max-video-preview":"max-video-preview:-1"},"canonical":"https:\/\/sungrovelanzarote.com\/es\/the-villas\/","og_locale":"es_ES","og_type":"article","og_title":"sun grove villas lanzarote playa blanca to book direct from owner","og_description":"sun grove villas lanzarote playa blanca. Luxury villas with private pools to book direct from owner","og_url":"https:\/\/sungrovelanzarote.com\/es\/the-villas\/","og_site_name":"Sun Grove Villas","article_modified_time":"2022-02-15T08:21:29+00:00","twitter_misc":{"Tiempo de lectura":"7 minutos"},"schema":{"@context":"https:\/\/schema.org","@graph":[{"@type":"WebPage","@id":"https:\/\/sungrovelanzarote.com\/es\/the-villas\/","url":"https:\/\/sungrovelanzarote.com\/es\/the-villas\/","name":"sun grove villas lanzarote playa blanca to book direct from owner","isPartOf":{"@id":"https:\/\/sungrovelanzarote.com\/#website"},"datePublished":"2012-07-16T14:58:44+00:00","dateModified":"2022-02-15T08:21:29+00:00","description":"sun grove villas lanzarote playa blanca. Luxury villas with private pools to book direct from owner","breadcrumb":{"@id":"https:\/\/sungrovelanzarote.com\/es\/the-villas\/#breadcrumb"},"inLanguage":"es","potentialAction":[{"@type":"ReadAction","target":["https:\/\/sungrovelanzarote.com\/es\/the-villas\/"]}]},{"@type":"BreadcrumbList","@id":"https:\/\/sungrovelanzarote.com\/es\/the-villas\/#breadcrumb","itemListElement":[{"@type":"ListItem","position":1,"name":"Home","item":"https:\/\/sungrovelanzarote.com\/es\/"},{"@type":"ListItem","position":2,"name":"Las Villas"}]},{"@type":"WebSite","@id":"https:\/\/sungrovelanzarote.com\/#website","url":"https:\/\/sungrovelanzarote.com\/","name":"Sun Grove Villas","description":"Villas de lujo y privadas con piscinas climatizadas en Lanzarote","potentialAction":[{"@type":"SearchAction","target":{"@type":"EntryPoint","urlTemplate":"https:\/\/sungrovelanzarote.com\/?s={search_term_string}"},"query-input":{"@type":"PropertyValueSpecification","valueRequired":true,"valueName":"search_term_string"}}],"inLanguage":"es"}]}},"_links":{"self":[{"href":"https:\/\/sungrovelanzarote.com\/es\/wp-json\/wp\/v2\/pages\/300","targetHints":{"allow":["GET"]}}],"collection":[{"href":"https:\/\/sungrovelanzarote.com\/es\/wp-json\/wp\/v2\/pages"}],"about":[{"href":"https:\/\/sungrovelanzarote.com\/es\/wp-json\/wp\/v2\/types\/page"}],"author":[{"embeddable":true,"href":"https:\/\/sungrovelanzarote.com\/es\/wp-json\/wp\/v2\/users\/101011"}],"replies":[{"embeddable":true,"href":"https:\/\/sungrovelanzarote.com\/es\/wp-json\/wp\/v2\/comments?post=300"}],"version-history":[{"count":187,"href":"https:\/\/sungrovelanzarote.com\/es\/wp-json\/wp\/v2\/pages\/300\/revisions"}],"predecessor-version":[{"id":2513,"href":"https:\/\/sungrovelanzarote.com\/es\/wp-json\/wp\/v2\/pages\/300\/revisions\/2513"}],"wp:attachment":[{"href":"https:\/\/sungrovelanzarote.com\/es\/wp-json\/wp\/v2\/media?parent=300"}],"curies":[{"name":"wp","href":"https:\/\/api.w.org\/{rel}","templated":true}]}}