{"id":279,"date":"2012-07-16T13:17:57","date_gmt":"2012-07-16T13:17:57","guid":{"rendered":"http:\/\/host19.qnop.net\/~sungrove\/inicio\/"},"modified":"2022-03-24T11:34:14","modified_gmt":"2022-03-24T11:34:14","slug":"auto-draft","status":"publish","type":"page","link":"https:\/\/sungrovelanzarote.com\/es\/","title":{"rendered":"Inicio"},"content":{"rendered":"<p>[et_pb_section fb_built=\u00bb1&#8243; fullwidth=\u00bbon\u00bb _builder_version=\u00bb4.15&#8243; _module_preset=\u00bbdefault\u00bb global_colors_info=\u00bb{}\u00bb][et_pb_fullwidth_slider _builder_version=\u00bb4.15&#8243; _module_preset=\u00bbdefault\u00bb animation_style=\u00bbfade\u00bb auto=\u00bbon\u00bb global_colors_info=\u00bb{}\u00bb][et_pb_slide admin_title=\u00bbfamily pool\u00bb _builder_version=\u00bb4.15&#8243; _module_preset=\u00bbdefault\u00bb background_image=\u00bbhttps:\/\/sungrovelanzarote.com\/wp-content\/uploads\/2012\/07\/family-pool.jpg\u00bb background_enable_image=\u00bbon\u00bb global_colors_info=\u00bb{}\u00bb sticky_transition=\u00bbon\u00bb][\/et_pb_slide][et_pb_slide admin_title=\u00bbpool\u00bb _builder_version=\u00bb4.15&#8243; _module_preset=\u00bbdefault\u00bb background_image=\u00bbhttps:\/\/sungrovelanzarote.com\/wp-content\/uploads\/2012\/07\/villa-pool3.jpg\u00bb background_enable_image=\u00bbon\u00bb global_colors_info=\u00bb{}\u00bb sticky_transition=\u00bbon\u00bb][\/et_pb_slide][et_pb_slide admin_title=\u00bbvilla\u00bb _builder_version=\u00bb4.15&#8243; _module_preset=\u00bbdefault\u00bb background_image=\u00bbhttps:\/\/sungrovelanzarote.com\/wp-content\/uploads\/2012\/07\/villa-pool1a.jpg\u00bb background_enable_image=\u00bbon\u00bb global_colors_info=\u00bb{}\u00bb sticky_transition=\u00bbon\u00bb][\/et_pb_slide][et_pb_slide admin_title=\u00bbbeach\u00bb _builder_version=\u00bb4.15&#8243; _module_preset=\u00bbdefault\u00bb background_image=\u00bbhttps:\/\/sungrovelanzarote.com\/wp-content\/uploads\/2012\/07\/papagayo-beach.jpg\u00bb background_enable_image=\u00bbon\u00bb global_colors_info=\u00bb{}\u00bb sticky_transition=\u00bbon\u00bb][\/et_pb_slide][et_pb_slide admin_title=\u00bbfamily\u00bb _builder_version=\u00bb4.15&#8243; _module_preset=\u00bbdefault\u00bb background_image=\u00bbhttps:\/\/sungrovelanzarote.com\/wp-content\/uploads\/2012\/07\/family-on-beach.jpg\u00bb background_enable_image=\u00bbon\u00bb global_colors_info=\u00bb{}\u00bb sticky_transition=\u00bbon\u00bb][\/et_pb_slide][et_pb_slide admin_title=\u00bbspa\u00bb _builder_version=\u00bb4.15&#8243; _module_preset=\u00bbdefault\u00bb background_image=\u00bbhttps:\/\/sungrovelanzarote.com\/wp-content\/uploads\/2012\/07\/spa-facilities.jpg\u00bb background_enable_image=\u00bbon\u00bb global_colors_info=\u00bb{}\u00bb sticky_transition=\u00bbon\u00bb][\/et_pb_slide][et_pb_slide admin_title=\u00bblounge\u00bb _builder_version=\u00bb4.15&#8243; _module_preset=\u00bbdefault\u00bb background_image=\u00bbhttps:\/\/sungrovelanzarote.com\/wp-content\/uploads\/2012\/07\/calidad-superior.jpg\u00bb background_enable_image=\u00bbon\u00bb global_colors_info=\u00bb{}\u00bb sticky_transition=\u00bbon\u00bb][\/et_pb_slide][\/et_pb_fullwidth_slider][\/et_pb_section][et_pb_section fb_built=\u00bb1&#8243; _builder_version=\u00bb4.15&#8243; global_colors_info=\u00bb{}\u00bb][et_pb_row column_structure=\u00bb1_5,3_5,1_5&#8243; _builder_version=\u00bb4.15.1&#8243; _module_preset=\u00bbdefault\u00bb hover_enabled=\u00bb0&#8243; global_colors_info=\u00bb{}\u00bb disabled_on=\u00bbon|on|on\u00bb disabled=\u00bbon\u00bb sticky_enabled=\u00bb0&#8243;][et_pb_column type=\u00bb1_5&#8243; _builder_version=\u00bb4.15&#8243; _module_preset=\u00bbdefault\u00bb global_colors_info=\u00bb{}\u00bb][\/et_pb_column][et_pb_column type=\u00bb3_5&#8243; _builder_version=\u00bb4.15&#8243; _module_preset=\u00bbdefault\u00bb global_colors_info=\u00bb{}\u00bb][et_pb_text _builder_version=\u00bb4.15&#8243; _module_preset=\u00bbdefault\u00bb text_font=\u00bb|300||on|||||\u00bb text_text_color=\u00bb#ff0000&#8243; text_font_size=\u00bb23px\u00bb background_color=\u00bbrgba(150,221,251,0.26)\u00bb text_orientation=\u00bbcenter\u00bb custom_margin=\u00bb0px|0px|0px|0px|false|false\u00bb custom_padding=\u00bb30px|30px|30px|30px|false|false\u00bb box_shadow_style=\u00bbpreset3&#8243; global_colors_info=\u00bb{}\u00bb]<\/p>\n<p>Los servicios gratuitos de Gimnasio y Tenis est\u00e1n disponibles. El servicio SPA de momento no estar\u00e1 disponible.<\/p>\n<p>[\/et_pb_text][\/et_pb_column][et_pb_column type=\u00bb1_5&#8243; _builder_version=\u00bb4.15&#8243; _module_preset=\u00bbdefault\u00bb global_colors_info=\u00bb{}\u00bb][\/et_pb_column][\/et_pb_row][et_pb_row column_structure=\u00bb1_5,1_5,1_5,1_5,1_5&#8243; _builder_version=\u00bb4.15&#8243; _module_preset=\u00bbdefault\u00bb global_colors_info=\u00bb{}\u00bb][et_pb_column type=\u00bb1_5&#8243; _builder_version=\u00bb4.15&#8243; _module_preset=\u00bbdefault\u00bb global_colors_info=\u00bb{}\u00bb][et_pb_image src=\u00bbhttps:\/\/sungrovelanzarote.com\/wp-content\/uploads\/2012\/07\/sgv-seal.png\u00bb title_text=\u00bbsgv-seal\u00bb _builder_version=\u00bb4.15&#8243; _module_preset=\u00bbdefault\u00bb global_colors_info=\u00bb{}\u00bb][\/et_pb_image][\/et_pb_column][et_pb_column type=\u00bb1_5&#8243; _builder_version=\u00bb4.15&#8243; _module_preset=\u00bbdefault\u00bb global_colors_info=\u00bb{}\u00bb][et_pb_text admin_label=\u00bbTitle\u00bb _builder_version=\u00bb4.15&#8243; _module_preset=\u00bbdefault\u00bb text_font=\u00bb|600|||||||\u00bb text_text_color=\u00bb#1A48C5&#8243; text_font_size=\u00bb15px\u00bb text_line_height=\u00bb1.5em\u00bb text_orientation=\u00bbcenter\u00bb global_colors_info=\u00bb{}\u00bb]<\/p>\n<h3>Reserva f\u00e1cil<\/h3>\n<p>[\/et_pb_text][et_pb_image src=\u00bbhttps:\/\/sungrovelanzarote.com\/wp-content\/uploads\/2012\/07\/icon-laptop.png\u00bb title_text=\u00bbicon-laptop\u00bb align=\u00bbcenter\u00bb _builder_version=\u00bb4.15&#8243; _module_preset=\u00bbdefault\u00bb global_colors_info=\u00bb{}\u00bb][\/et_pb_image][et_pb_text _builder_version=\u00bb4.15&#8243; _module_preset=\u00bbdefault\u00bb text_font=\u00bb|600|||||||\u00bb text_text_color=\u00bb#1A48C5&#8243; text_font_size=\u00bb15px\u00bb text_line_height=\u00bb1.5em\u00bb text_orientation=\u00bbcenter\u00bb global_colors_info=\u00bb{}\u00bb]<\/p>\n<p>Reserva directa a trav\u00e9s de nuestro formulario de reserva.<\/p>\n<p>[\/et_pb_text][\/et_pb_column][et_pb_column type=\u00bb1_5&#8243; _builder_version=\u00bb4.15&#8243; _module_preset=\u00bbdefault\u00bb global_colors_info=\u00bb{}\u00bb][et_pb_text admin_label=\u00bbTitle\u00bb _builder_version=\u00bb4.15&#8243; _module_preset=\u00bbdefault\u00bb text_font=\u00bb|600|||||||\u00bb text_text_color=\u00bb#1A48C5&#8243; text_font_size=\u00bb15px\u00bb text_line_height=\u00bb1.5em\u00bb text_orientation=\u00bbcenter\u00bb global_colors_info=\u00bb{}\u00bb]<\/p>\n<h3>Flexible<\/h3>\n<p>[\/et_pb_text][et_pb_image src=\u00bbhttps:\/\/sungrovelanzarote.com\/wp-content\/uploads\/2012\/07\/icon-calendar.png\u00bb title_text=\u00bbicon-calendar\u00bb align=\u00bbcenter\u00bb _builder_version=\u00bb4.15&#8243; _module_preset=\u00bbdefault\u00bb global_colors_info=\u00bb{}\u00bb][\/et_pb_image][et_pb_text _builder_version=\u00bb4.15&#8243; _module_preset=\u00bbdefault\u00bb text_font=\u00bb|600|||||||\u00bb text_text_color=\u00bb#1A48C5&#8243; text_font_size=\u00bb15px\u00bb text_line_height=\u00bb1.5em\u00bb text_orientation=\u00bbcenter\u00bb global_colors_info=\u00bb{}\u00bb]<\/p>\n<p>Somos flexibles en las fechas de llegada, buscar vuelos baratos a Lanzarote.<\/p>\n<p>[\/et_pb_text][\/et_pb_column][et_pb_column type=\u00bb1_5&#8243; _builder_version=\u00bb4.15&#8243; _module_preset=\u00bbdefault\u00bb global_colors_info=\u00bb{}\u00bb][et_pb_text admin_label=\u00bbTitle\u00bb _builder_version=\u00bb4.15&#8243; _module_preset=\u00bbdefault\u00bb text_font=\u00bb|600|||||||\u00bb text_text_color=\u00bb#1A48C5&#8243; text_font_size=\u00bb15px\u00bb text_line_height=\u00bb1.5em\u00bb text_orientation=\u00bbcenter\u00bb global_colors_info=\u00bb{}\u00bb]<\/p>\n<h3>Buen precio<\/h3>\n<p>[\/et_pb_text][et_pb_image src=\u00bbhttps:\/\/sungrovelanzarote.com\/wp-content\/uploads\/2012\/07\/icon-wallet.png\u00bb title_text=\u00bbicon-wallet\u00bb align=\u00bbcenter\u00bb _builder_version=\u00bb4.15&#8243; _module_preset=\u00bbdefault\u00bb global_colors_info=\u00bb{}\u00bb][\/et_pb_image][et_pb_text _builder_version=\u00bb4.15&#8243; _module_preset=\u00bbdefault\u00bb text_font=\u00bb|600|||||||\u00bb text_text_color=\u00bb#1A48C5&#8243; text_font_size=\u00bb15px\u00bb text_line_height=\u00bb1.5em\u00bb text_orientation=\u00bbcenter\u00bb global_colors_info=\u00bb{}\u00bb]<\/p>\n<p>Calidad y lujo a precios asequibles.<\/p>\n<p>[\/et_pb_text][\/et_pb_column][et_pb_column type=\u00bb1_5&#8243; _builder_version=\u00bb4.15&#8243; _module_preset=\u00bbdefault\u00bb global_colors_info=\u00bb{}\u00bb][et_pb_text admin_label=\u00bbTitle\u00bb _builder_version=\u00bb4.15&#8243; _module_preset=\u00bbdefault\u00bb text_font=\u00bb|600|||||||\u00bb text_text_color=\u00bb#1A48C5&#8243; text_font_size=\u00bb15px\u00bb text_line_height=\u00bb1.5em\u00bb text_orientation=\u00bbcenter\u00bb global_colors_info=\u00bb{}\u00bb]<\/p>\n<h3>Bienvenidos<\/h3>\n<p>[\/et_pb_text][et_pb_image src=\u00bbhttps:\/\/sungrovelanzarote.com\/wp-content\/uploads\/2012\/07\/icon-shopping.png\u00bb title_text=\u00bbicon-shopping\u00bb align=\u00bbcenter\u00bb _builder_version=\u00bb4.15&#8243; _module_preset=\u00bbdefault\u00bb global_colors_info=\u00bb{}\u00bb][\/et_pb_image][et_pb_text _builder_version=\u00bb4.15&#8243; _module_preset=\u00bbdefault\u00bb text_font=\u00bb|600|||||||\u00bb text_text_color=\u00bb#1A48C5&#8243; text_font_size=\u00bb15px\u00bb text_line_height=\u00bb1.5em\u00bb text_orientation=\u00bbcenter\u00bb global_colors_info=\u00bb{}\u00bb]<\/p>\n<p>Una bienvenida cari\u00f1osa le espera a usted ya su familia.<\/p>\n<p>[\/et_pb_text][\/et_pb_column][\/et_pb_row][\/et_pb_section]<\/p>\n","protected":false},"excerpt":{"rendered":"<p>Los servicios gratuitos de Gimnasio y Tenis est\u00e1n disponibles. El servicio SPA de momento no estar\u00e1 disponible.Reserva f\u00e1cilReserva directa a trav\u00e9s de nuestro formulario de reserva.FlexibleSomos flexibles en las fechas de llegada, buscar vuelos baratos a Lanzarote.Buen precioCalidad y lujo a precios asequibles.BienvenidosUna bienvenida cari\u00f1osa le espera a usted ya su familia.<\/p>\n","protected":false},"author":101011,"featured_media":0,"parent":0,"menu_order":1,"comment_status":"open","ping_status":"open","template":"","meta":{"_et_pb_use_builder":"on","_et_pb_old_content":"[one_fifth]<img class=\"aligncenter wp-image-210\" title=\"sgv-seal\" src=\"https:\/\/sungrovelanzarote.com\/wp-content\/uploads\/2012\/07\/sgv-seal.png\" alt=\"\">[\/one_fifth]\r\n\r\n[one_fifth]\r\n<h4 style=\"text-align: center;\">Easy to book<\/h4>\r\n<a href=\"\/?page_id=23\"><img class=\"aligncenter wp-image-211\" title=\"icon-laptop\" src=\"https:\/\/sungrovelanzarote.com\/\/wp-content\/uploads\/2012\/07\/icon-laptop.png\" alt=\"\"><\/a>\r\n<p style=\"text-align: center;\">Book direct via our easy to use booking form.[\/one_fifth]<\/p>\r\n[one_fifth]\r\n<h4 style=\"text-align: center;\">Flexible<\/h4>\r\n<a href=\"\/?page_id=23\"><img class=\"aligncenter wp-image-212\" title=\"icon-calendar\" src=\"https:\/\/sungrovelanzarote.com\/\/wp-content\/uploads\/2012\/07\/icon-calendar.png\" alt=\"\"><\/a>\r\n<p style=\"text-align: center;\">We are flexible on dates check out flight options.[\/one_fifth]<\/p>\r\n[one_fifth]\r\n<h4 style=\"text-align: center;\">Affordable<\/h4>\r\n<a href=\"\/?page_id=1494\"><img class=\"aligncenter wp-image-213\" title=\"icon-wallet\" src=\"https:\/\/sungrovelanzarote.com\/\/wp-content\/uploads\/2012\/07\/icon-wallet.png\" alt=\"\"><\/a>\r\n<p style=\"text-align: center;\">Quality and luxury at affordable prices.[\/one_fifth]<\/p>\r\n[one_fifth_last]\r\n<h4 style=\"text-align: center;\">Welcome<\/h4>\r\n<a href=\"\/?page_id=16\"><img class=\"aligncenter wp-image-214\" title=\"icon-shopping\" src=\"https:\/\/sungrovelanzarote.com\/\/wp-content\/uploads\/2012\/07\/icon-shopping.png\" alt=\"\" width=\"76\" height=\"108\"><\/a>\r\n<p style=\"text-align: center;\">A warm welcome awaits you and your family.[\/one_fifth_last]<\/p>\r\n<p style=\"text-align: center;\">\u00a0\r\n<span style=\"color: #ff0000;\"><strong>IMPORTANT! FREE SPA, GYM AND TENNIS SERVICES WILL BE AVAILABLE FROM AUGUST.<\/strong><\/span><\/p>","_et_gb_content_width":"","footnotes":""},"class_list":["post-279","page","type-page","status-publish","hentry"],"yoast_head":"<!-- This site is optimized with the Yoast SEO plugin v27.2 - https:\/\/yoast.com\/product\/yoast-seo-wordpress\/ -->\n<title>Sungrove Villas Lanzarote<\/title>\n<meta name=\"description\" content=\"Sungrove Villas Lanzarote luxury villas with pool in playa blanca\" \/>\n<meta name=\"robots\" content=\"index, follow, max-snippet:-1, max-image-preview:large, max-video-preview:-1\" \/>\n<link rel=\"canonical\" href=\"https:\/\/sungrovelanzarote.com\/es\/\" \/>\n<meta property=\"og:locale\" content=\"es_ES\" \/>\n<meta property=\"og:type\" content=\"article\" \/>\n<meta property=\"og:title\" content=\"Sungrove Villas Lanzarote\" \/>\n<meta property=\"og:description\" content=\"Sungrove Villas Lanzarote luxury villas with pool in playa blanca\" \/>\n<meta property=\"og:url\" content=\"https:\/\/sungrovelanzarote.com\/es\/\" \/>\n<meta property=\"og:site_name\" content=\"Sun Grove Villas\" \/>\n<meta property=\"article:modified_time\" content=\"2022-03-24T11:34:14+00:00\" \/>\n<meta name=\"twitter:label1\" content=\"Tiempo de lectura\" \/>\n\t<meta name=\"twitter:data1\" content=\"5 minutos\" \/>\n<script type=\"application\/ld+json\" class=\"yoast-schema-graph\">{\"@context\":\"https:\/\/schema.org\",\"@graph\":[{\"@type\":\"WebPage\",\"@id\":\"https:\/\/sungrovelanzarote.com\/es\/\",\"url\":\"https:\/\/sungrovelanzarote.com\/es\/\",\"name\":\"Sungrove Villas Lanzarote\",\"isPartOf\":{\"@id\":\"https:\/\/sungrovelanzarote.com\/#website\"},\"datePublished\":\"2012-07-16T13:17:57+00:00\",\"dateModified\":\"2022-03-24T11:34:14+00:00\",\"description\":\"Sungrove Villas Lanzarote luxury villas with pool in playa blanca\",\"breadcrumb\":{\"@id\":\"https:\/\/sungrovelanzarote.com\/es\/#breadcrumb\"},\"inLanguage\":\"es\",\"potentialAction\":[{\"@type\":\"ReadAction\",\"target\":[\"https:\/\/sungrovelanzarote.com\/es\/\"]}]},{\"@type\":\"BreadcrumbList\",\"@id\":\"https:\/\/sungrovelanzarote.com\/es\/#breadcrumb\",\"itemListElement\":[{\"@type\":\"ListItem\",\"position\":1,\"name\":\"Home\",\"item\":\"https:\/\/sungrovelanzarote.com\/es\/\"},{\"@type\":\"ListItem\",\"position\":2,\"name\":\"Inicio\"}]},{\"@type\":\"WebSite\",\"@id\":\"https:\/\/sungrovelanzarote.com\/#website\",\"url\":\"https:\/\/sungrovelanzarote.com\/\",\"name\":\"Sun Grove Villas\",\"description\":\"Villas de lujo y privadas con piscinas climatizadas en Lanzarote\",\"potentialAction\":[{\"@type\":\"SearchAction\",\"target\":{\"@type\":\"EntryPoint\",\"urlTemplate\":\"https:\/\/sungrovelanzarote.com\/?s={search_term_string}\"},\"query-input\":{\"@type\":\"PropertyValueSpecification\",\"valueRequired\":true,\"valueName\":\"search_term_string\"}}],\"inLanguage\":\"es\"}]}<\/script>\n<!-- \/ Yoast SEO plugin. -->","yoast_head_json":{"title":"Sungrove Villas Lanzarote","description":"Sungrove Villas Lanzarote luxury villas with pool in playa blanca","robots":{"index":"index","follow":"follow","max-snippet":"max-snippet:-1","max-image-preview":"max-image-preview:large","max-video-preview":"max-video-preview:-1"},"canonical":"https:\/\/sungrovelanzarote.com\/es\/","og_locale":"es_ES","og_type":"article","og_title":"Sungrove Villas Lanzarote","og_description":"Sungrove Villas Lanzarote luxury villas with pool in playa blanca","og_url":"https:\/\/sungrovelanzarote.com\/es\/","og_site_name":"Sun Grove Villas","article_modified_time":"2022-03-24T11:34:14+00:00","twitter_misc":{"Tiempo de lectura":"5 minutos"},"schema":{"@context":"https:\/\/schema.org","@graph":[{"@type":"WebPage","@id":"https:\/\/sungrovelanzarote.com\/es\/","url":"https:\/\/sungrovelanzarote.com\/es\/","name":"Sungrove Villas Lanzarote","isPartOf":{"@id":"https:\/\/sungrovelanzarote.com\/#website"},"datePublished":"2012-07-16T13:17:57+00:00","dateModified":"2022-03-24T11:34:14+00:00","description":"Sungrove Villas Lanzarote luxury villas with pool in playa blanca","breadcrumb":{"@id":"https:\/\/sungrovelanzarote.com\/es\/#breadcrumb"},"inLanguage":"es","potentialAction":[{"@type":"ReadAction","target":["https:\/\/sungrovelanzarote.com\/es\/"]}]},{"@type":"BreadcrumbList","@id":"https:\/\/sungrovelanzarote.com\/es\/#breadcrumb","itemListElement":[{"@type":"ListItem","position":1,"name":"Home","item":"https:\/\/sungrovelanzarote.com\/es\/"},{"@type":"ListItem","position":2,"name":"Inicio"}]},{"@type":"WebSite","@id":"https:\/\/sungrovelanzarote.com\/#website","url":"https:\/\/sungrovelanzarote.com\/","name":"Sun Grove Villas","description":"Villas de lujo y privadas con piscinas climatizadas en Lanzarote","potentialAction":[{"@type":"SearchAction","target":{"@type":"EntryPoint","urlTemplate":"https:\/\/sungrovelanzarote.com\/?s={search_term_string}"},"query-input":{"@type":"PropertyValueSpecification","valueRequired":true,"valueName":"search_term_string"}}],"inLanguage":"es"}]}},"_links":{"self":[{"href":"https:\/\/sungrovelanzarote.com\/es\/wp-json\/wp\/v2\/pages\/279","targetHints":{"allow":["GET"]}}],"collection":[{"href":"https:\/\/sungrovelanzarote.com\/es\/wp-json\/wp\/v2\/pages"}],"about":[{"href":"https:\/\/sungrovelanzarote.com\/es\/wp-json\/wp\/v2\/types\/page"}],"author":[{"embeddable":true,"href":"https:\/\/sungrovelanzarote.com\/es\/wp-json\/wp\/v2\/users\/101011"}],"replies":[{"embeddable":true,"href":"https:\/\/sungrovelanzarote.com\/es\/wp-json\/wp\/v2\/comments?post=279"}],"version-history":[{"count":26,"href":"https:\/\/sungrovelanzarote.com\/es\/wp-json\/wp\/v2\/pages\/279\/revisions"}],"predecessor-version":[{"id":2537,"href":"https:\/\/sungrovelanzarote.com\/es\/wp-json\/wp\/v2\/pages\/279\/revisions\/2537"}],"wp:attachment":[{"href":"https:\/\/sungrovelanzarote.com\/es\/wp-json\/wp\/v2\/media?parent=279"}],"curies":[{"name":"wp","href":"https:\/\/api.w.org\/{rel}","templated":true}]}}