{"id":306,"date":"2012-07-16T14:58:44","date_gmt":"2012-07-16T14:58:44","guid":{"rendered":"http:\/\/host19.qnop.net\/~sungrove\/die-villen\/"},"modified":"2022-02-15T08:24:35","modified_gmt":"2022-02-15T08:24:35","slug":"the-villas","status":"publish","type":"page","link":"https:\/\/sungrovelanzarote.com\/de\/the-villas\/","title":{"rendered":"Die Villen"},"content":{"rendered":"<p>[et_pb_section fb_built=&#8220;1&#8243; _builder_version=&#8220;4.11.1&#8243; _module_preset=&#8220;default&#8220; background_enable_color=&#8220;off&#8220; global_colors_info=&#8220;{}&#8220;][et_pb_row column_structure=&#8220;1_3,2_3&#8243; _builder_version=&#8220;4.11.1&#8243; _module_preset=&#8220;default&#8220; custom_padding=&#8220;0px|||||&#8220; global_colors_info=&#8220;{}&#8220;][et_pb_column type=&#8220;1_3&#8243; _builder_version=&#8220;4.11.1&#8243; _module_preset=&#8220;default&#8220; global_colors_info=&#8220;{}&#8220;][et_pb_text _builder_version=&#8220;4.11.1&#8243; _module_preset=&#8220;default&#8220; header_text_color=&#8220;#1422CB&#8220; header_font_size=&#8220;40px&#8220; header_2_text_color=&#8220;#3A85F7&#8243; header_2_line_height=&#8220;1.4em&#8220; global_colors_info=&#8220;{}&#8220;]<\/p>\n<h1>Die Villen<\/h1>\n<h2>&nbsp;<\/h2>\n<h2>Almez, Arce, Boj, Cedro, Cipres<\/h2>\n<p>Diese sch\u00f6ne Villenanlage befindet sich an dem bekannten Ort Playa Blanca und bietet alles, was Sie f\u00fcr einen perfekten Urlaub ben\u00f6tigen. Der Name der Anlage trifft bestens, da sie sich zwischen pr\u00e4chtigen B\u00e4umen befindet. Sie bietet ein zuhause in einem tropischen Paradies fern der Heimat. F\u00fcr grosse Familien genauso geeignet wie f\u00fcr P\u00e4rchen. Die Villen liegen an einer ruhigen Strasse. Der Ortskern, die Gesch\u00e4fte und alle Freizeitbesch\u00e4ftigungen sind zu Fuss (oder eine kurze Fahrt) zu erreichen. <a href=\"#map\">N\u00e4here Einzeilheiten k\u00f6nnen Sie aus der Karte entnehmen.<\/a><\/p>\n<p>[\/et_pb_text][\/et_pb_column][et_pb_column type=&#8220;2_3&#8243; _builder_version=&#8220;4.11.1&#8243; _module_preset=&#8220;default&#8220; global_colors_info=&#8220;{}&#8220;][et_pb_gallery gallery_ids=&#8220;2232,2248,2246,2216,2244,2220,2238,2236,2224,2228,2222,2250,2234,2218,2214&#8243; fullwidth=&#8220;on&#8220; _builder_version=&#8220;4.11.1&#8243; _module_preset=&#8220;default&#8220; border_radii=&#8220;on|6px|6px|6px|6px&#8220; global_colors_info=&#8220;{}&#8220;][\/et_pb_gallery][\/et_pb_column][\/et_pb_row][\/et_pb_section][et_pb_section fb_built=&#8220;1&#8243; admin_label=&#8220;priviledge facilities&#8220; _builder_version=&#8220;4.11.1&#8243; _module_preset=&#8220;default&#8220; animation_style=&#8220;zoom&#8220; scroll_vertical_motion_enable=&#8220;on&#8220; scroll_fade_enable=&#8220;on&#8220; global_module=&#8220;2485&#8243; saved_tabs=&#8220;all&#8220; global_colors_info=&#8220;{}&#8220;][et_pb_row column_structure=&#8220;2_5,3_5&#8243; _builder_version=&#8220;4.11.1&#8243; _module_preset=&#8220;default&#8220; use_background_color_gradient=&#8220;on&#8220; background_color_gradient_start=&#8220;rgba(150,221,251,0.08)&#8220; background_color_gradient_end=&#8220;rgba(150,221,251,0.22)&#8220; border_radii=&#8220;on|10px|10px|10px|10px&#8220; box_shadow_style=&#8220;preset3&#8243; global_colors_info=&#8220;{}&#8220;][et_pb_column type=&#8220;2_5&#8243; _builder_version=&#8220;4.11.1&#8243; _module_preset=&#8220;default&#8220; custom_padding=&#8220;27px|||36px|false|false&#8220; global_colors_info=&#8220;{}&#8220;][et_pb_text _builder_version=&#8220;4.11.1&#8243; _module_preset=&#8220;default&#8220; header_text_align=&#8220;center&#8220; header_text_color=&#8220;#1422CB&#8220; custom_margin_tablet=&#8220;&#8220; custom_margin_phone=&#8220;|4px|||false|false&#8220; custom_margin_last_edited=&#8220;on|phone&#8220; header_text_align_tablet=&#8220;&#8220; header_text_align_phone=&#8220;left&#8220; header_text_align_last_edited=&#8220;on|phone&#8220; global_colors_info=&#8220;{}&#8220;]<\/p>\n<h1>Mehr Komfort<\/h1>\n<p>Alle unsere Villeng\u00e4ste haben Anspruch auf einen Privilegienpass f\u00fcr den Zugang zu den unglaublichen Einrichtungen von THB Tropical Island.<\/p>\n<p>[\/et_pb_text][et_pb_image src=&#8220;https:\/\/sungrovelanzarote.com\/wp-content\/uploads\/2016\/03\/privilege-pass-THB.png&#8220; title_text=&#8220;privilege-pass-THB&#8220; align=&#8220;center&#8220; _builder_version=&#8220;4.11.1&#8243; _module_preset=&#8220;default&#8220; width_tablet=&#8220;&#8220; width_phone=&#8220;45%&#8220; width_last_edited=&#8220;on|phone&#8220; custom_padding=&#8220;|1px||||&#8220; global_colors_info=&#8220;{}&#8220;][\/et_pb_image][\/et_pb_column][et_pb_column type=&#8220;3_5&#8243; _builder_version=&#8220;4.11.1&#8243; _module_preset=&#8220;default&#8220; custom_padding=&#8220;|25px|||false|false&#8220; global_colors_info=&#8220;{}&#8220;][et_pb_gallery gallery_ids=&#8220;2160,2157,2226,2452&#8243; fullwidth=&#8220;on&#8220; admin_label=&#8220;priviledge Gallery&#8220; _builder_version=&#8220;4.14.4&#8243; _module_preset=&#8220;default&#8220; locked=&#8220;off&#8220; global_colors_info=&#8220;{}&#8220;][\/et_pb_gallery][\/et_pb_column][\/et_pb_row][\/et_pb_section][et_pb_section fb_built=&#8220;1&#8243; _builder_version=&#8220;4.11.1&#8243; _module_preset=&#8220;default&#8220; global_colors_info=&#8220;{}&#8220;][et_pb_row column_structure=&#8220;2_3,1_3&#8243; _builder_version=&#8220;4.11.1&#8243; _module_preset=&#8220;default&#8220; global_colors_info=&#8220;{}&#8220;][et_pb_column type=&#8220;2_3&#8243; _builder_version=&#8220;4.11.1&#8243; _module_preset=&#8220;default&#8220; global_colors_info=&#8220;{}&#8220;][et_pb_text _builder_version=&#8220;4.14.4&#8243; _module_preset=&#8220;default&#8220; header_text_color=&#8220;#1422CB&#8220; global_colors_info=&#8220;{}&#8220;]<\/p>\n<h1>Villen Bezeichnung<\/h1>\n<p>Jede Villa hat ihren eigenen privaten Eingang und ist von allen Seiten mit einer Mauer umgrenzt, zum einen die Privatsph\u00e4re zu wahren und zum anderen f\u00fcr Ihre Sicherheit. Zu alledem gibt es einen pr\u00e4chtigen Blick von der Dachterrasse aus.<\/p>\n<p>Ohne Zusatzkosten gibt es in der N\u00e4he Zugang zu einem spa und Sportbereich.<br \/>Die f\u00fcnf Villen liegen nebeneinander, so dass gr\u00f6ssere Familien mehrere Villen buchen k\u00f6nnen, um den Urlaub zusammen verbringen zu k\u00f6nnen. Die Villen werden von den Eigent\u00fcmern geleitet. Die besten Empfehlungen kommen von den G\u00e4sten, die die Anlage bereits besucht haben.\u00a0<\/p>\n<h3>\u00a0<\/h3>\n<h3>Innere<\/h3>\n<p>Die einst\u00f6ckigen Villen sind alle gleich. Es gibt ein ger\u00e4umiges Wohnzimmer mit Smart-TV, Nintendo Wii, eine moderne, gut ausgestattete K\u00fcche mit K\u00fchlschrank mit Gefrierfach, Backofen, Cerankochfeld, Mikrowelle, Geschirrsp\u00fcler, Waschmaschine, Toaster, Mixer und Kaffeemaschine. Es gibt einen ger\u00e4umigen Essbereich im Inneren und einen zus\u00e4tzlichen Esstisch zum Essen auf der Terrasse. Es gibt zwei Schlafzimmer; eines mit Doppelbett und eigenem Bad, ein weiteres Schlafzimmer mit zwei Einzelbetten und ein Badezimmer mit Dusche. Die Villa verf\u00fcgt \u00fcber Klimaanlage, Heizung und Internetanschluss Wi-Fi-Telearbeit, alles kostenlos.<\/p>\n<h3>\u00c4u\u00dfere<\/h3>\n<p>Die private Terrasse hat einen 7 x 3 m beheizten Swimming pool, der biologisch mit einem Salzwasser-Chlorsystem gereinigt wird. Diese Methode ist wesentlich schonender f\u00fcr Haut und Augen. Es gibt gem\u00fctliche Liegest\u00fchle zum Sonnenbaden und einen \u00fcberdachten Pergolabereich zum Essen oder einfach nur zur Abk\u00fchlung. Weiterhin gibt es einen Holzkohlegrill, um direkt am Swimmingpool zu essen. Ein perfekter Aussenbereich f\u00fcr den Aufenthalt an diesen sch\u00f6nen langen warmen Sonnentagen. Hier gibt es auch eine Aussendusche, um sich abzuk\u00fchlen oder nach dem Strand zu duschen. Die Aussentreppe erleichtert den Zugang zu der Dachterrasse. Von den Liegest\u00fchlen aus l\u00e4sst sich die pr\u00e4chtige Aussicht nach Lobos und Fuerteventura geniessen.<\/p>\n<h2>Mehr Komfort<\/h2>\n<p>Zu all dem, was die Villen bieten, haben die G\u00e4ste das Privileg, den privaten spa und Sportbereich sowie die Tennispl\u00e4tze der THB Tropical Island Ferienanlage zu nutzen, die gerade 5 Minuten entfernt liegt. Die G\u00e4ste bekommen einen Gutschein allein f\u00fcr Ihren Gebrauch, wobei sie alle diese fabelhaften Einrichtungen kostenlos nutzen k\u00f6nnen.<\/p>\n<p>[\/et_pb_text][\/et_pb_column][et_pb_column type=&#8220;1_3&#8243; _builder_version=&#8220;4.11.1&#8243; _module_preset=&#8220;default&#8220; custom_padding=&#8220;20px|14px|14px|20px|false|false&#8220; border_radii=&#8220;on|8px|8px|8px|8px&#8220; box_shadow_style=&#8220;preset1&#8243; global_colors_info=&#8220;{}&#8220;][et_pb_text admin_label=&#8220;features&#8220; _builder_version=&#8220;4.14.4&#8243; _module_preset=&#8220;default&#8220; header_text_color=&#8220;#1422CB&#8220; global_colors_info=&#8220;{}&#8220;]<\/p>\n<h1>Villa features<\/h1>\n<ul>\n<li>2 Schlafzimmer, 2 Badezimmer\u00a0(bis zu 5 Personen)<\/li>\n<li>Beheizten Privat Swimmingpool 7m x 3m, Tiefe: 0,85m-1.5m, biologische Pool ohne Chemie<\/li>\n<li>Private Haus auf eigenem Grundst\u00fcck<\/li>\n<li>Private Parkpl\u00e4tze<\/li>\n<li>Lage an der K\u00fcste, das Meer.\u00a0Blick auf Meer und Berge<\/li>\n<li>Satellite TV \/ flatscreen TV<\/li>\n<li>Nintendo Wii<\/li>\n<li>Internet \u2013 WIFI<\/li>\n<li>Wi-Fi-Telearbeit<\/li>\n<li><span id=\"result_box\" class=\"short_text\" lang=\"de\" tabindex=\"-1\"><span class=\"\">Bluetooth Lautsprecher<\/span><\/span><\/li>\n<li>Waschmaschine<\/li>\n<li>Sp\u00fclmaschine<\/li>\n<li>Ofen\/Kochfeld<\/li>\n<li>Mikrowelle<\/li>\n<li>Mixbecher<\/li>\n<li>K\u00fchl-Gefrierkombination<\/li>\n<li>Geldschrank f\u00fcr laptop-computer<\/li>\n<li>Grill<\/li>\n<li>Klimaanlage\/Erhitzen<\/li>\n<li>Spa<\/li>\n<li>Tennispl\u00e4tze<\/li>\n<li>Gymnasium<\/li>\n<li>Kinderbett &amp; Kinderstuhl<\/li>\n<li>Bett extra \u2013 kostenlos<\/li>\n<li>Bademantel<\/li>\n<\/ul>\n<p>[\/et_pb_text][\/et_pb_column][\/et_pb_row][\/et_pb_section][et_pb_section fb_built=&#8220;1&#8243; admin_label=&#8220;map Section&#8220; module_id=&#8220;map&#8220; _builder_version=&#8220;4.11.1&#8243; _module_preset=&#8220;default&#8220; background_enable_color=&#8220;off&#8220; top_divider_height=&#8220;65px&#8220; bottom_divider_color=&#8220;rgba(0,0,0,0.06)&#8220; bottom_divider_height=&#8220;180px&#8220; global_colors_info=&#8220;{}&#8220;][et_pb_row column_structure=&#8220;1_3,2_3&#8243; _builder_version=&#8220;4.11.1&#8243; _module_preset=&#8220;default&#8220; global_colors_info=&#8220;{}&#8220;][et_pb_column type=&#8220;1_3&#8243; _builder_version=&#8220;4.11.1&#8243; _module_preset=&#8220;default&#8220; global_colors_info=&#8220;{}&#8220;][et_pb_text _builder_version=&#8220;4.11.1&#8243; _module_preset=&#8220;default&#8220; header_text_align=&#8220;left&#8220; header_text_color=&#8220;#1422CB&#8220; text_orientation=&#8220;right&#8220; global_colors_info=&#8220;{}&#8220;]<\/p>\n<h1>Unser Lage<\/h1>\n<p>[\/et_pb_text][et_pb_image src=&#8220;https:\/\/sungrovelanzarote.com\/wp-content\/uploads\/2021\/10\/map-thumb.jpg&#8220; title_text=&#8220;map-thumb&#8220; url=&#8220;https:\/\/sungrovelanzarote.com\/SGV-lanzarote-map.pdf&#8220; url_new_window=&#8220;on&#8220; align=&#8220;right&#8220; _builder_version=&#8220;4.11.1&#8243; _module_preset=&#8220;default&#8220; width=&#8220;51%&#8220; border_radii=&#8220;on|15px|15px|15px|15px&#8220; box_shadow_style=&#8220;preset3&#8243; global_colors_info=&#8220;{}&#8220;][\/et_pb_image][et_pb_text _builder_version=&#8220;4.11.1&#8243; _module_preset=&#8220;default&#8220; text_orientation=&#8220;right&#8220; global_colors_info=&#8220;{}&#8220;]Laden Sie eine Karte der Insel herunter[\/et_pb_text][\/et_pb_column][et_pb_column type=&#8220;2_3&#8243; _builder_version=&#8220;4.11.1&#8243; _module_preset=&#8220;default&#8220; global_colors_info=&#8220;{}&#8220;][et_pb_text admin_label=&#8220;streetview location&#8220; _builder_version=&#8220;4.11.1&#8243; _module_preset=&#8220;default&#8220; global_colors_info=&#8220;{}&#8220;]<iframe loading=\"lazy\" style=\"border: 0;\" src=\"https:\/\/www.google.com\/maps\/embed?pb=!1m0!3m2!1ses!2ses!4v1438008614569!6m8!1m7!1sFLgF-sNRhlgDuF8ZQFuYlg!2m2!1d28.875032!2d-13.827043!3f284.585308784795!4f0!5f0.7820865974627469\" allowfullscreen=\"allowfullscreen\" width=\"640\" height=\"480\" frameborder=\"0\"><\/iframe>[\/et_pb_text][\/et_pb_column][\/et_pb_row][\/et_pb_section]<\/p>\n","protected":false},"excerpt":{"rendered":"<p>Die Villen &nbsp; Almez, Arce, Boj, Cedro, Cipres Diese sch\u00f6ne Villenanlage befindet sich an dem bekannten Ort Playa Blanca und bietet alles, was Sie f\u00fcr einen perfekten Urlaub ben\u00f6tigen. Der Name der Anlage trifft bestens, da sie sich zwischen pr\u00e4chtigen B\u00e4umen befindet. Sie bietet ein zuhause in einem tropischen Paradies fern der Heimat. F\u00fcr grosse [&hellip;]<\/p>\n","protected":false},"author":101011,"featured_media":0,"parent":0,"menu_order":2,"comment_status":"closed","ping_status":"closed","template":"","meta":{"_et_pb_use_builder":"on","_et_pb_old_content":"<h2>Photo Gallery<\/h2><p>See the photo gallery below to view Sun Grove Villas Lanzarote.<\/p><p>[ngg_images source=\"galleries\" container_ids=\"1\" display_type=\"photocrati-nextgen_basic_slideshow\" gallery_width=\"640\" gallery_height=\"480\" cycle_effect=\"fade\" cycle_interval=\"4\" show_thumbnail_link=\"0\" thumbnail_link_text=\"[Show picture list]\" order_by=\"sortorder\" order_direction=\"ASC\" returns=\"included\" maximum_entity_count=\"500\"]<\/p><h2>Our location<\/h2><p><iframe style=\"border: 0;\" src=\"https:\/\/www.google.com\/maps\/embed?pb=!1m18!1m12!1m3!1d3493.7857522268873!2d-13.827157!3d28.874990000000004!2m3!1f0!2f0!3f0!3m2!1i1024!2i768!4f13.1!3m3!1m2!1s0xc462777ecd9bc0b%3A0x4ed1541a14a5788d!2sJ.F.ARQ%2C+S.L.+(SUN+GROVE+VILLAS)!5e0!3m2!1ses!2ses!4v1438008294123\" width=\"640\" height=\"480\" frameborder=\"0\" allowfullscreen=\"allowfullscreen\"><\/iframe><\/p><p><iframe style=\"border: 0;\" src=\"https:\/\/www.google.com\/maps\/embed?pb=!1m0!3m2!1ses!2ses!4v1438008614569!6m8!1m7!1sFLgF-sNRhlgDuF8ZQFuYlg!2m2!1d28.875032!2d-13.827043!3f284.585308784795!4f0!5f0.7820865974627469\" width=\"640\" height=\"480\" frameborder=\"0\" allowfullscreen=\"allowfullscreen\"><\/iframe><\/p><h2>Villas:<\/h2><h3>Almez, Arce, Boj, Cedro, Cipres<\/h3><p>[tabs]<\/p><p>[tab title=\"Intro\"]<br \/>This group of beautiful villas located in the popular resort of Playa Blanca have everything you need for a perfect holiday. They are aptly named after trees, for they are set in lush gardens. They are a home from home in a tropical paradise. For large families and couples alike. The villas are situated on a quiet street, yet are a walk (or short drive) to the main resort and all amenities. See map for details.<br \/>Each villa has it's own private entrance and is walled on all sides for privacy and security. Yet with a superb sea view from the roof terrace.<br \/>At no extra cost there is access to spa and sports facilities nearby.<\/p><p>The five villas are located beside one another which enable larger family groups to book multiple villas and holiday together.<br \/>The villas are managed by the owners and come highly recommended by previous guests.<\/p><p>[\/tab]<\/p><p>[tab title=\"Description\"]<\/p><h3>Each villa features<\/h3><ul><li>2 bedrooms, 2 bathrooms (up to 5 persons)<\/li><li>Private electrically heated swimming pool - 7 x 3m, depth between 1.5m & 0.85m<\/li><li>Natural non chemical chlorine for pool, kinder to your skin & eyes<\/li><li>Enclosed private grounds<\/li><li>Secure parking<\/li><li>Coastal location with sea and mountain views<\/li><li>Satellite TV \/ flat screen TV \/ DVD player<\/li><li>Internet access - WIFI<\/li><li>Bluetooth speaker<\/li><li>Nintendo Wii<\/li><li>Washing machine<\/li><li>Dishwasher<\/li><li>Electric oven\/ceramic hob<\/li><li>Microwave<\/li><li>Liquidizer<\/li><li>Fridge freezer<\/li><li>Safe specially designed for laptop computers<\/li><li>Coal Barbecue<\/li><li>Air conditioning\/heating<\/li><li>Spa facilities<\/li><li>Tennis courts<\/li><li>Gymnasium<\/li><li>Cot & High Chair<\/li><li>Extra bed - free of charge<\/li><li>Secure parking<\/li><li>Free wash pack<\/li><li>Bathrobe<\/li><\/ul><h3>Interior<\/h3><p>The single story villas are all identical. There is a spacious living room with flat-screen TV & DVD player and Nintendo Wii games console, a well equipped modern kitchen with fridge-freezer, oven, hob, microwave, dishwasher, washing machine, toaster, blender & coffee machine. There is ample dining space for 5 people inside and an additional dining table on the terrace for al fresco dining. There are two bedrooms, one double bed with en-suite bathroom with full bath & shower, the other is a twin bedroom. There is an additional bathroom with shower. The villa has free WIFI internet access and is also air conditioned and heating.<\/p><h3>Exterior<\/h3><p>The private terrace provides a large 7 x 3m heated swimming pool which is cleaned biologically with a salt water chlorinator system. This is much kinder on the skin and eyes. There are comfortable loungers for sunbathing, and a shaded pergola area for dining or just cooling down. There is also a coal barbecue for poolside cooking. It provides the perfect outdoor living for those long hot sunny days. There is an outdoor shower for cooling down or clean up after the beach.<br \/>The exterior staircase provides easy access to the rooftop sundeck, with comfortable loungers and stunning views across to the islands of Lobos and Fuerteventura<\/p><h2>Extra features<\/h2><p>In addition to all that the villa has to offer, guests have the privilege to use the private spa, gym and tennis facilities at the THB Tropical Island Resort, just 5 minutes walk away. Guests are provided with a voucher for their use only, and are free to use all these stunning facilities at no extra cost.<\/p><p>[\/tab]<\/p><p>[tab title=\"Maps\"]<i><br \/><\/i><\/p><p><a href=\"https:\/\/ejh.6b0.mytemp.website\/SGV-lanzarote-map.pdf\" target=\"_blank\" rel=\"noopener noreferrer\"><img class=\"alignnone wp-image-2134\" title=\"pdf-icon\" src=\"https:\/\/ejh.6b0.mytemp.website\/wp-content\/uploads\/2012\/07\/pdf-icon.png\" alt=\"\" \/><\/a><a title=\"Lanzarote map\" href=\"https:\/\/ejh.6b0.mytemp.website\/SGV-lanzarote-map.pdf\" target=\"_blank\" rel=\"noopener noreferrer\">Lanzarote Island - Map<\/a><\/p><p>\u00a0<\/p><p>[\/tab]<\/p><p>[\/tabs]<\/p>","_et_gb_content_width":"","footnotes":""},"class_list":["post-306","page","type-page","status-publish","hentry"],"yoast_head":"<!-- This site is optimized with the Yoast SEO plugin v27.2 - https:\/\/yoast.com\/product\/yoast-seo-wordpress\/ -->\n<title>sun grove villas lanzarote playa blanca to book direct from owner<\/title>\n<meta name=\"description\" content=\"sun grove villas lanzarote playa blanca. Luxury villas with private pools to book direct from owner\" \/>\n<meta name=\"robots\" content=\"index, follow, max-snippet:-1, max-image-preview:large, max-video-preview:-1\" \/>\n<link rel=\"canonical\" href=\"https:\/\/sungrovelanzarote.com\/de\/the-villas\/\" \/>\n<meta property=\"og:locale\" content=\"de_DE\" \/>\n<meta property=\"og:type\" content=\"article\" \/>\n<meta property=\"og:title\" content=\"sun grove villas lanzarote playa blanca to book direct from owner\" \/>\n<meta property=\"og:description\" content=\"sun grove villas lanzarote playa blanca. Luxury villas with private pools to book direct from owner\" \/>\n<meta property=\"og:url\" content=\"https:\/\/sungrovelanzarote.com\/de\/the-villas\/\" \/>\n<meta property=\"og:site_name\" content=\"Sun Grove Villas\" \/>\n<meta property=\"article:modified_time\" content=\"2022-02-15T08:24:35+00:00\" \/>\n<meta name=\"twitter:label1\" content=\"Gesch\u00e4tzte Lesezeit\" \/>\n\t<meta name=\"twitter:data1\" content=\"6\u00a0Minuten\" \/>\n<script type=\"application\/ld+json\" class=\"yoast-schema-graph\">{\"@context\":\"https:\/\/schema.org\",\"@graph\":[{\"@type\":\"WebPage\",\"@id\":\"https:\/\/sungrovelanzarote.com\/de\/the-villas\/\",\"url\":\"https:\/\/sungrovelanzarote.com\/de\/the-villas\/\",\"name\":\"sun grove villas lanzarote playa blanca to book direct from owner\",\"isPartOf\":{\"@id\":\"https:\/\/sungrovelanzarote.com\/#website\"},\"datePublished\":\"2012-07-16T14:58:44+00:00\",\"dateModified\":\"2022-02-15T08:24:35+00:00\",\"description\":\"sun grove villas lanzarote playa blanca. Luxury villas with private pools to book direct from owner\",\"breadcrumb\":{\"@id\":\"https:\/\/sungrovelanzarote.com\/de\/the-villas\/#breadcrumb\"},\"inLanguage\":\"de\",\"potentialAction\":[{\"@type\":\"ReadAction\",\"target\":[\"https:\/\/sungrovelanzarote.com\/de\/the-villas\/\"]}]},{\"@type\":\"BreadcrumbList\",\"@id\":\"https:\/\/sungrovelanzarote.com\/de\/the-villas\/#breadcrumb\",\"itemListElement\":[{\"@type\":\"ListItem\",\"position\":1,\"name\":\"Home\",\"item\":\"https:\/\/sungrovelanzarote.com\/de\/\"},{\"@type\":\"ListItem\",\"position\":2,\"name\":\"Die Villen\"}]},{\"@type\":\"WebSite\",\"@id\":\"https:\/\/sungrovelanzarote.com\/#website\",\"url\":\"https:\/\/sungrovelanzarote.com\/\",\"name\":\"Sun Grove Villas\",\"description\":\"Luxus-Villen mit beheizten Pools in Lanzarote\",\"potentialAction\":[{\"@type\":\"SearchAction\",\"target\":{\"@type\":\"EntryPoint\",\"urlTemplate\":\"https:\/\/sungrovelanzarote.com\/?s={search_term_string}\"},\"query-input\":{\"@type\":\"PropertyValueSpecification\",\"valueRequired\":true,\"valueName\":\"search_term_string\"}}],\"inLanguage\":\"de\"}]}<\/script>\n<!-- \/ Yoast SEO plugin. -->","yoast_head_json":{"title":"sun grove villas lanzarote playa blanca to book direct from owner","description":"sun grove villas lanzarote playa blanca. Luxury villas with private pools to book direct from owner","robots":{"index":"index","follow":"follow","max-snippet":"max-snippet:-1","max-image-preview":"max-image-preview:large","max-video-preview":"max-video-preview:-1"},"canonical":"https:\/\/sungrovelanzarote.com\/de\/the-villas\/","og_locale":"de_DE","og_type":"article","og_title":"sun grove villas lanzarote playa blanca to book direct from owner","og_description":"sun grove villas lanzarote playa blanca. Luxury villas with private pools to book direct from owner","og_url":"https:\/\/sungrovelanzarote.com\/de\/the-villas\/","og_site_name":"Sun Grove Villas","article_modified_time":"2022-02-15T08:24:35+00:00","twitter_misc":{"Gesch\u00e4tzte Lesezeit":"6\u00a0Minuten"},"schema":{"@context":"https:\/\/schema.org","@graph":[{"@type":"WebPage","@id":"https:\/\/sungrovelanzarote.com\/de\/the-villas\/","url":"https:\/\/sungrovelanzarote.com\/de\/the-villas\/","name":"sun grove villas lanzarote playa blanca to book direct from owner","isPartOf":{"@id":"https:\/\/sungrovelanzarote.com\/#website"},"datePublished":"2012-07-16T14:58:44+00:00","dateModified":"2022-02-15T08:24:35+00:00","description":"sun grove villas lanzarote playa blanca. Luxury villas with private pools to book direct from owner","breadcrumb":{"@id":"https:\/\/sungrovelanzarote.com\/de\/the-villas\/#breadcrumb"},"inLanguage":"de","potentialAction":[{"@type":"ReadAction","target":["https:\/\/sungrovelanzarote.com\/de\/the-villas\/"]}]},{"@type":"BreadcrumbList","@id":"https:\/\/sungrovelanzarote.com\/de\/the-villas\/#breadcrumb","itemListElement":[{"@type":"ListItem","position":1,"name":"Home","item":"https:\/\/sungrovelanzarote.com\/de\/"},{"@type":"ListItem","position":2,"name":"Die Villen"}]},{"@type":"WebSite","@id":"https:\/\/sungrovelanzarote.com\/#website","url":"https:\/\/sungrovelanzarote.com\/","name":"Sun Grove Villas","description":"Luxus-Villen mit beheizten Pools in Lanzarote","potentialAction":[{"@type":"SearchAction","target":{"@type":"EntryPoint","urlTemplate":"https:\/\/sungrovelanzarote.com\/?s={search_term_string}"},"query-input":{"@type":"PropertyValueSpecification","valueRequired":true,"valueName":"search_term_string"}}],"inLanguage":"de"}]}},"_links":{"self":[{"href":"https:\/\/sungrovelanzarote.com\/de\/wp-json\/wp\/v2\/pages\/306","targetHints":{"allow":["GET"]}}],"collection":[{"href":"https:\/\/sungrovelanzarote.com\/de\/wp-json\/wp\/v2\/pages"}],"about":[{"href":"https:\/\/sungrovelanzarote.com\/de\/wp-json\/wp\/v2\/types\/page"}],"author":[{"embeddable":true,"href":"https:\/\/sungrovelanzarote.com\/de\/wp-json\/wp\/v2\/users\/101011"}],"replies":[{"embeddable":true,"href":"https:\/\/sungrovelanzarote.com\/de\/wp-json\/wp\/v2\/comments?post=306"}],"version-history":[{"count":151,"href":"https:\/\/sungrovelanzarote.com\/de\/wp-json\/wp\/v2\/pages\/306\/revisions"}],"predecessor-version":[{"id":2519,"href":"https:\/\/sungrovelanzarote.com\/de\/wp-json\/wp\/v2\/pages\/306\/revisions\/2519"}],"wp:attachment":[{"href":"https:\/\/sungrovelanzarote.com\/de\/wp-json\/wp\/v2\/media?parent=306"}],"curies":[{"name":"wp","href":"https:\/\/api.w.org\/{rel}","templated":true}]}}