{"id":304,"date":"2012-07-16T14:59:35","date_gmt":"2012-07-16T14:59:35","guid":{"rendered":"http:\/\/host19.qnop.net\/~sungrove\/aktivitaten\/"},"modified":"2022-01-05T14:59:22","modified_gmt":"2022-01-05T14:59:22","slug":"activities","status":"publish","type":"page","link":"https:\/\/sungrovelanzarote.com\/de\/activities\/","title":{"rendered":"Aktivit\u00e4ten"},"content":{"rendered":"<p>[et_pb_section fb_built=&#8220;1&#8243; fullwidth=&#8220;on&#8220; _builder_version=&#8220;4.11.1&#8243; _module_preset=&#8220;default&#8220; locked=&#8220;off&#8220; global_colors_info=&#8220;{}&#8220;][et_pb_fullwidth_slider _builder_version=&#8220;4.11.1&#8243; _module_preset=&#8220;default&#8220; animation_style=&#8220;fade&#8220; auto=&#8220;on&#8220; auto_speed=&#8220;2000&#8243; auto_ignore_hover=&#8220;on&#8220; global_colors_info=&#8220;{}&#8220;][et_pb_slide admin_title=&#8220;swim&#8220; _builder_version=&#8220;4.11.1&#8243; _module_preset=&#8220;default&#8220; background_image=&#8220;https:\/\/sungrovelanzarote.com\/wp-content\/uploads\/2012\/07\/swim.jpg&#8220; background_enable_image=&#8220;on&#8220; global_colors_info=&#8220;{}&#8220; sticky_transition=&#8220;on&#8220;][\/et_pb_slide][et_pb_slide admin_title=&#8220;bike&#8220; _builder_version=&#8220;4.11.1&#8243; _module_preset=&#8220;default&#8220; background_image=&#8220;https:\/\/sungrovelanzarote.com\/wp-content\/uploads\/2012\/07\/active-mountainbike.jpg&#8220; background_enable_image=&#8220;on&#8220; global_colors_info=&#8220;{}&#8220; sticky_transition=&#8220;on&#8220;][\/et_pb_slide][et_pb_slide admin_title=&#8220;surf&#8220; _builder_version=&#8220;4.11.1&#8243; _module_preset=&#8220;default&#8220; background_image=&#8220;https:\/\/sungrovelanzarote.com\/wp-content\/uploads\/2012\/07\/surf.jpg&#8220; background_enable_image=&#8220;on&#8220; global_colors_info=&#8220;{}&#8220; sticky_transition=&#8220;on&#8220;][\/et_pb_slide][et_pb_slide admin_title=&#8220;vollyball&#8220; _builder_version=&#8220;4.11.1&#8243; _module_preset=&#8220;default&#8220; background_image=&#8220;https:\/\/sungrovelanzarote.com\/wp-content\/uploads\/2012\/07\/beach-volleyball.jpg&#8220; background_enable_image=&#8220;on&#8220; global_colors_info=&#8220;{}&#8220; sticky_transition=&#8220;on&#8220;][\/et_pb_slide][et_pb_slide admin_title=&#8220;snorkel&#8220; _builder_version=&#8220;4.11.1&#8243; _module_preset=&#8220;default&#8220; background_image=&#8220;https:\/\/sungrovelanzarote.com\/wp-content\/uploads\/2012\/07\/snorkel.jpg&#8220; background_enable_image=&#8220;on&#8220; global_colors_info=&#8220;{}&#8220; sticky_transition=&#8220;on&#8220;][\/et_pb_slide][et_pb_slide admin_title=&#8220;banana boat&#8220; _builder_version=&#8220;4.11.1&#8243; _module_preset=&#8220;default&#8220; background_image=&#8220;https:\/\/sungrovelanzarote.com\/wp-content\/uploads\/2012\/07\/banana-boat.jpg&#8220; background_enable_image=&#8220;on&#8220; global_colors_info=&#8220;{}&#8220; sticky_transition=&#8220;on&#8220;][\/et_pb_slide][et_pb_slide admin_title=&#8220;pedalo&#8220; _builder_version=&#8220;4.11.1&#8243; _module_preset=&#8220;default&#8220; background_image=&#8220;https:\/\/sungrovelanzarote.com\/wp-content\/uploads\/2012\/07\/pedalo.jpg&#8220; background_enable_image=&#8220;on&#8220; global_colors_info=&#8220;{}&#8220; sticky_transition=&#8220;on&#8220;][\/et_pb_slide][et_pb_slide admin_title=&#8220;tennis&#8220; _builder_version=&#8220;4.11.1&#8243; _module_preset=&#8220;default&#8220; background_image=&#8220;https:\/\/sungrovelanzarote.com\/wp-content\/uploads\/2012\/07\/tennis.jpg&#8220; background_enable_image=&#8220;on&#8220; global_colors_info=&#8220;{}&#8220; sticky_transition=&#8220;on&#8220;][\/et_pb_slide][et_pb_slide admin_title=&#8220;horseriding&#8220; _builder_version=&#8220;4.11.1&#8243; _module_preset=&#8220;default&#8220; background_image=&#8220;https:\/\/sungrovelanzarote.com\/wp-content\/uploads\/2012\/07\/horseriding.jpg&#8220; background_enable_image=&#8220;on&#8220; global_colors_info=&#8220;{}&#8220; sticky_transition=&#8220;on&#8220;][\/et_pb_slide][et_pb_slide admin_title=&#8220;gym&#8220; _builder_version=&#8220;4.11.1&#8243; _module_preset=&#8220;default&#8220; background_image=&#8220;https:\/\/sungrovelanzarote.com\/wp-content\/uploads\/2012\/07\/running-machine.jpg&#8220; background_enable_image=&#8220;on&#8220; global_colors_info=&#8220;{}&#8220; sticky_transition=&#8220;on&#8220;][\/et_pb_slide][\/et_pb_fullwidth_slider][\/et_pb_section][et_pb_section fb_built=&#8220;1&#8243; _builder_version=&#8220;3.22&#8243; global_colors_info=&#8220;{}&#8220;][et_pb_row _builder_version=&#8220;3.25&#8243; background_size=&#8220;initial&#8220; background_position=&#8220;top_left&#8220; background_repeat=&#8220;repeat&#8220; global_colors_info=&#8220;{}&#8220;][et_pb_column type=&#8220;4_4&#8243; _builder_version=&#8220;3.25&#8243; custom_padding=&#8220;|||&#8220; global_colors_info=&#8220;{}&#8220; custom_padding__hover=&#8220;|||&#8220;][et_pb_text _builder_version=&#8220;4.11.1&#8243; header_text_color=&#8220;#1422CB&#8220; header_font_size=&#8220;40px&#8220; header_2_text_color=&#8220;#3A85F7&#8243; background_size=&#8220;initial&#8220; background_position=&#8220;top_left&#8220; background_repeat=&#8220;repeat&#8220; global_colors_info=&#8220;{}&#8220;]<\/p>\n<h1>Aktivit\u00e4ten<\/h1>\n<p>&nbsp;<\/p>\n<h2>Aktivit\u00e4ten in Playa Blanca<\/h2>\n<p>Die Villa liegt nicht weit von allen Freizeitm\u00f6glichkeiten. Viele liegen buchst\u00e4blich vor der Haust\u00fcr. Die Sun Grove Villen sind bestens f\u00fcr all diejenigen geeignet, die aktiv Ferien machen m\u00f6chten, dann aber nachhause kommen wollen, um sich in einem ruhigen bequemen Luxus zu entspannen.<\/p>\n<p>Ein paar Minuten entfernt erreicht man zu Fuss die Sun Tropical Island Ferienanlage, in der die G\u00e4ste der Sun Grove Villen bevorzugten Zugang zu allen Freizeitbesch\u00e4ftigungen haben. Eine gut ausgestattete Sporthalle und Tennispl\u00e4tze, zusammen mit einer voll ausgestatteten spa-Anlage mit Sauna, Dampfbad, Jacuzzi und einem grossen Pool im Innenbereich.<\/p>\n<p>In der Anlage finden Sie weiterhin viele Wassersportm\u00f6glichkeiten vor. Surfing, Scuba Tauchen, Schnorkeln, Jetski, Tretboot und Bananenboot. Am Playa Dorada Strand vor dem Einkaufszentrum Papagayo k\u00f6nnen sie viele Vergn\u00fcgungs- und Unterhaltungsm\u00f6glichkeiten finden. Unterrichtsm\u00f6glichkeiten werden geboten.Die lange Promenade erstreckt sich \u00fcber die L\u00e4nge des Ortes und ist f\u00fcr trainierte L\u00e4ufer bestens geeignet , aber auch f\u00fcr einen Abendspaziergang. Sie k\u00f6nnen \u00fcber zwei Kilometer gehen, wenn Sie bis zum Leuchtturm laufen. Eine grosse Tour geht in die andere Richtung zu den Papagayostr\u00e4nden und zum Castillo de los Colorados. Von hier aus haben Sie pr\u00e4chtige Aussichten auf die Insel und weiter hinaus.<\/p>\n<p>Sie k\u00f6nnen auch eine Tour mit dem Segway (eien Art motorisierter Roller) machen oder vom Rubicon Haupteinkaufszentrum Fahrr\u00e4der leihen.<\/p>\n<p>Einen grossen Wasserpark finden Sie hier gerade mal kurz \u00fcbers Meer nach Fuerteventura r\u00fcber. Die F\u00e4hren fahren regelm\u00e4ssig vom Hafen von Playa Blanca aus. Die Information f\u00fcr die \u00dcberfahrten mit der F\u00e4hre finden Sie an der Aush\u00e4ngetafel.<\/p>\n<p>F\u00fcr Unerschrockene gibt es die M\u00f6glichkeit die Monta\u00f1a Roja, einen erloschenen Vulkan zu erklimmen. Die Buslinie 30 bringt Sie von dem Ort in die N\u00e4he des Vulkans.<\/p>\n<p>Das Juwel von Playa Blanca sind selbstverst\u00e4ndlich die f\u00fcnf Papagayo Str\u00e4nde. Unber\u00fchrte, ohne jegliche Versorgungseinrichtungen, fast menschenleere goldene Sandstreifen, die von Klippen und Felsenk\u00fcste getrennt sind. Man kann diese Str\u00e4nde zu Fuss erkunden, aber auch einige davon mit dem Auto anfahren. Vom Hafen von Playa Blanca und von der Hafenanlage Marina Rubicon gibt es auch Schifftaxis nach den Papagayostr\u00e4nden.<\/p>\n<p>[\/et_pb_text][\/et_pb_column][\/et_pb_row][\/et_pb_section][et_pb_section fb_built=&#8220;1&#8243; admin_label=&#8220;priviledge facilities&#8220; _builder_version=&#8220;4.11.1&#8243; _module_preset=&#8220;default&#8220; animation_style=&#8220;zoom&#8220; scroll_vertical_motion_enable=&#8220;on&#8220; scroll_fade_enable=&#8220;on&#8220; global_colors_info=&#8220;{}&#8220; global_module=&#8220;2485&#8243; theme_builder_area=&#8220;post_content&#8220;][et_pb_row column_structure=&#8220;2_5,3_5&#8243; _builder_version=&#8220;4.11.1&#8243; _module_preset=&#8220;default&#8220; use_background_color_gradient=&#8220;on&#8220; background_color_gradient_start=&#8220;rgba(150,221,251,0.08)&#8220; background_color_gradient_end=&#8220;rgba(150,221,251,0.22)&#8220; border_radii=&#8220;on|10px|10px|10px|10px&#8220; box_shadow_style=&#8220;preset3&#8243; global_colors_info=&#8220;{}&#8220; theme_builder_area=&#8220;post_content&#8220;][et_pb_column type=&#8220;2_5&#8243; _builder_version=&#8220;4.11.1&#8243; _module_preset=&#8220;default&#8220; custom_padding=&#8220;27px|||36px|false|false&#8220; global_colors_info=&#8220;{}&#8220; theme_builder_area=&#8220;post_content&#8220;][et_pb_text _builder_version=&#8220;4.11.1&#8243; _module_preset=&#8220;default&#8220; header_text_align=&#8220;center&#8220; header_text_color=&#8220;#1422CB&#8220; custom_margin_tablet=&#8220;&#8220; custom_margin_phone=&#8220;|4px|||false|false&#8220; custom_margin_last_edited=&#8220;on|phone&#8220; header_text_align_tablet=&#8220;&#8220; header_text_align_phone=&#8220;left&#8220; header_text_align_last_edited=&#8220;on|phone&#8220; global_colors_info=&#8220;{}&#8220; theme_builder_area=&#8220;post_content&#8220;]<\/p>\n<h1>Mehr Komfort<\/h1>\n<p>Alle unsere Villeng\u00e4ste haben Anspruch auf einen Privilegienpass f\u00fcr den Zugang zu den unglaublichen Einrichtungen von THB Tropical Island.<\/p>\n<p>[\/et_pb_text][et_pb_image src=&#8220;https:\/\/sungrovelanzarote.com\/wp-content\/uploads\/2016\/03\/privilege-pass-THB.png&#8220; title_text=&#8220;privilege-pass-THB&#8220; align=&#8220;center&#8220; _builder_version=&#8220;4.11.1&#8243; _module_preset=&#8220;default&#8220; width_tablet=&#8220;&#8220; width_phone=&#8220;45%&#8220; width_last_edited=&#8220;on|phone&#8220; custom_padding=&#8220;|1px||||&#8220; global_colors_info=&#8220;{}&#8220; theme_builder_area=&#8220;post_content&#8220;][\/et_pb_image][\/et_pb_column][et_pb_column type=&#8220;3_5&#8243; _builder_version=&#8220;4.11.1&#8243; _module_preset=&#8220;default&#8220; custom_padding=&#8220;|25px|||false|false&#8220; global_colors_info=&#8220;{}&#8220; theme_builder_area=&#8220;post_content&#8220;][et_pb_gallery gallery_ids=&#8220;2160,2157,2226,2452&#8243; fullwidth=&#8220;on&#8220; admin_label=&#8220;priviledge Gallery&#8220; _builder_version=&#8220;4.14.4&#8243; _module_preset=&#8220;default&#8220; locked=&#8220;off&#8220; global_colors_info=&#8220;{}&#8220; theme_builder_area=&#8220;post_content&#8220;][\/et_pb_gallery][\/et_pb_column][\/et_pb_row][\/et_pb_section]<\/p>\n","protected":false},"excerpt":{"rendered":"<p>Aktivit\u00e4ten &nbsp; Aktivit\u00e4ten in Playa Blanca Die Villa liegt nicht weit von allen Freizeitm\u00f6glichkeiten. Viele liegen buchst\u00e4blich vor der Haust\u00fcr. Die Sun Grove Villen sind bestens f\u00fcr all diejenigen geeignet, die aktiv Ferien machen m\u00f6chten, dann aber nachhause kommen wollen, um sich in einem ruhigen bequemen Luxus zu entspannen. Ein paar Minuten entfernt erreicht man [&hellip;]<\/p>\n","protected":false},"author":101011,"featured_media":0,"parent":0,"menu_order":4,"comment_status":"closed","ping_status":"closed","template":"","meta":{"_et_pb_use_builder":"on","_et_pb_old_content":"<h2>Things to do in Playa Blanca<\/h2>\r\nThe villa is a short drive to all activities. Many are literally on the doorstep. Sun Grove Villas are a perfect retreat for those who want to enjoy an active holiday, then want to come home to relax in tranquil comfortable luxury.\r\n\r\nA few minutes walk away is the Sun Tropical Island resort, where Sun Grove Villa guests will have a privilege pass to access all the facilities. A well equipped gym \u00a0and tennis courts, along with a full spa suite with sauna, steam room, jacuzzi pool and large indoor pool.\r\n\r\nFurther in the resort you can find many water sports facilites. Surfing, Scuba diving, snorkelling, jetski, pedalo and banana boat are all popular. Playa Dorada beach in front of the commercial centre Papagayo is where you can find many activities. Classes are also available.\r\n\r\nThe long promenade stretches the length of the resort and is great for power walking, or taking an evening stroll. You can walk over two miles if you make it all the way to the 'Faro' lighthouse. A great walk in the other direction is to the Payagayo beaches and to Castillo del los Colorados, from here you have magnificent views of the island and beyond.\r\n\r\nYou can also take a segway tour or hire bicycles from the Rubicon main shopping centre.\r\n\r\nThere is a great waterpark just across the water in Fuerteventura, and ferries run regularly from the port in Playa Blanca. See ferry information from the links in the side bar.\r\n\r\nFor more intrepid explorers you can trek up Monta\u00f1a Roja, an extinct volcano. The number 30 bus brings you a little closer to the mountain from the resort.\r\n\r\nThe jewel in Playa Blanca's crown is of course the five Papagayo beaches. Untouched, unserviced, sparsely populated stretches of golden sand, separated by cliffs. Perfect to walk to, but also accessible, to a point, by car. There are also boat-taxi services to Papagayo beaches from Marina Rubicon and Playa Blanca port.","_et_gb_content_width":"","footnotes":""},"class_list":["post-304","page","type-page","status-publish","hentry"],"yoast_head":"<!-- This site is optimized with the Yoast SEO plugin v27.2 - https:\/\/yoast.com\/product\/yoast-seo-wordpress\/ -->\n<title>Sungrove Playa Blanca Villa with private pool to rent direct from owner<\/title>\n<meta name=\"description\" content=\"Playa Blanca Villa with private pool close to all activities in Playa Blanca. Private villa secure in its own grounds.\" \/>\n<meta name=\"robots\" content=\"index, follow, max-snippet:-1, max-image-preview:large, max-video-preview:-1\" \/>\n<link rel=\"canonical\" href=\"https:\/\/sungrovelanzarote.com\/activities\/\" \/>\n<meta property=\"og:locale\" content=\"de_DE\" \/>\n<meta property=\"og:type\" content=\"article\" \/>\n<meta property=\"og:title\" content=\"Sungrove Playa Blanca Villa with private pool to rent direct from owner\" \/>\n<meta property=\"og:description\" content=\"Playa Blanca Villa with private pool close to all activities in Playa Blanca. Private villa secure in its own grounds.\" \/>\n<meta property=\"og:url\" content=\"https:\/\/sungrovelanzarote.com\/activities\/\" \/>\n<meta property=\"og:site_name\" content=\"Sun Grove Villas\" \/>\n<meta property=\"article:modified_time\" content=\"2022-01-05T14:59:22+00:00\" \/>\n<meta name=\"twitter:label1\" content=\"Gesch\u00e4tzte Lesezeit\" \/>\n\t<meta name=\"twitter:data1\" content=\"6\u00a0Minuten\" \/>\n<script type=\"application\/ld+json\" class=\"yoast-schema-graph\">{\"@context\":\"https:\/\/schema.org\",\"@graph\":[{\"@type\":\"WebPage\",\"@id\":\"https:\/\/sungrovelanzarote.com\/activities\/\",\"url\":\"https:\/\/sungrovelanzarote.com\/activities\/\",\"name\":\"Sungrove Playa Blanca Villa with private pool to rent direct from owner\",\"isPartOf\":{\"@id\":\"https:\/\/sungrovelanzarote.com\/#website\"},\"datePublished\":\"2012-07-16T14:59:35+00:00\",\"dateModified\":\"2022-01-05T14:59:22+00:00\",\"description\":\"Playa Blanca Villa with private pool close to all activities in Playa Blanca. Private villa secure in its own grounds.\",\"breadcrumb\":{\"@id\":\"https:\/\/sungrovelanzarote.com\/activities\/#breadcrumb\"},\"inLanguage\":\"de\",\"potentialAction\":[{\"@type\":\"ReadAction\",\"target\":[\"https:\/\/sungrovelanzarote.com\/activities\/\"]}]},{\"@type\":\"BreadcrumbList\",\"@id\":\"https:\/\/sungrovelanzarote.com\/activities\/#breadcrumb\",\"itemListElement\":[{\"@type\":\"ListItem\",\"position\":1,\"name\":\"Home\",\"item\":\"https:\/\/sungrovelanzarote.com\/de\/\"},{\"@type\":\"ListItem\",\"position\":2,\"name\":\"Aktivit\u00e4ten\"}]},{\"@type\":\"WebSite\",\"@id\":\"https:\/\/sungrovelanzarote.com\/#website\",\"url\":\"https:\/\/sungrovelanzarote.com\/\",\"name\":\"Sun Grove Villas\",\"description\":\"Luxus-Villen mit beheizten Pools in Lanzarote\",\"potentialAction\":[{\"@type\":\"SearchAction\",\"target\":{\"@type\":\"EntryPoint\",\"urlTemplate\":\"https:\/\/sungrovelanzarote.com\/?s={search_term_string}\"},\"query-input\":{\"@type\":\"PropertyValueSpecification\",\"valueRequired\":true,\"valueName\":\"search_term_string\"}}],\"inLanguage\":\"de\"}]}<\/script>\n<!-- \/ Yoast SEO plugin. -->","yoast_head_json":{"title":"Sungrove Playa Blanca Villa with private pool to rent direct from owner","description":"Playa Blanca Villa with private pool close to all activities in Playa Blanca. Private villa secure in its own grounds.","robots":{"index":"index","follow":"follow","max-snippet":"max-snippet:-1","max-image-preview":"max-image-preview:large","max-video-preview":"max-video-preview:-1"},"canonical":"https:\/\/sungrovelanzarote.com\/activities\/","og_locale":"de_DE","og_type":"article","og_title":"Sungrove Playa Blanca Villa with private pool to rent direct from owner","og_description":"Playa Blanca Villa with private pool close to all activities in Playa Blanca. Private villa secure in its own grounds.","og_url":"https:\/\/sungrovelanzarote.com\/activities\/","og_site_name":"Sun Grove Villas","article_modified_time":"2022-01-05T14:59:22+00:00","twitter_misc":{"Gesch\u00e4tzte Lesezeit":"6\u00a0Minuten"},"schema":{"@context":"https:\/\/schema.org","@graph":[{"@type":"WebPage","@id":"https:\/\/sungrovelanzarote.com\/activities\/","url":"https:\/\/sungrovelanzarote.com\/activities\/","name":"Sungrove Playa Blanca Villa with private pool to rent direct from owner","isPartOf":{"@id":"https:\/\/sungrovelanzarote.com\/#website"},"datePublished":"2012-07-16T14:59:35+00:00","dateModified":"2022-01-05T14:59:22+00:00","description":"Playa Blanca Villa with private pool close to all activities in Playa Blanca. Private villa secure in its own grounds.","breadcrumb":{"@id":"https:\/\/sungrovelanzarote.com\/activities\/#breadcrumb"},"inLanguage":"de","potentialAction":[{"@type":"ReadAction","target":["https:\/\/sungrovelanzarote.com\/activities\/"]}]},{"@type":"BreadcrumbList","@id":"https:\/\/sungrovelanzarote.com\/activities\/#breadcrumb","itemListElement":[{"@type":"ListItem","position":1,"name":"Home","item":"https:\/\/sungrovelanzarote.com\/de\/"},{"@type":"ListItem","position":2,"name":"Aktivit\u00e4ten"}]},{"@type":"WebSite","@id":"https:\/\/sungrovelanzarote.com\/#website","url":"https:\/\/sungrovelanzarote.com\/","name":"Sun Grove Villas","description":"Luxus-Villen mit beheizten Pools in Lanzarote","potentialAction":[{"@type":"SearchAction","target":{"@type":"EntryPoint","urlTemplate":"https:\/\/sungrovelanzarote.com\/?s={search_term_string}"},"query-input":{"@type":"PropertyValueSpecification","valueRequired":true,"valueName":"search_term_string"}}],"inLanguage":"de"}]}},"_links":{"self":[{"href":"https:\/\/sungrovelanzarote.com\/de\/wp-json\/wp\/v2\/pages\/304","targetHints":{"allow":["GET"]}}],"collection":[{"href":"https:\/\/sungrovelanzarote.com\/de\/wp-json\/wp\/v2\/pages"}],"about":[{"href":"https:\/\/sungrovelanzarote.com\/de\/wp-json\/wp\/v2\/types\/page"}],"author":[{"embeddable":true,"href":"https:\/\/sungrovelanzarote.com\/de\/wp-json\/wp\/v2\/users\/101011"}],"replies":[{"embeddable":true,"href":"https:\/\/sungrovelanzarote.com\/de\/wp-json\/wp\/v2\/comments?post=304"}],"version-history":[{"count":10,"href":"https:\/\/sungrovelanzarote.com\/de\/wp-json\/wp\/v2\/pages\/304\/revisions"}],"predecessor-version":[{"id":2497,"href":"https:\/\/sungrovelanzarote.com\/de\/wp-json\/wp\/v2\/pages\/304\/revisions\/2497"}],"wp:attachment":[{"href":"https:\/\/sungrovelanzarote.com\/de\/wp-json\/wp\/v2\/media?parent=304"}],"curies":[{"name":"wp","href":"https:\/\/api.w.org\/{rel}","templated":true}]}}