{"id":302,"date":"2012-07-16T14:59:10","date_gmt":"2012-07-16T14:59:10","guid":{"rendered":"http:\/\/host19.qnop.net\/~sungrove\/playa-blanca\/"},"modified":"2022-01-05T14:57:55","modified_gmt":"2022-01-05T14:57:55","slug":"playa-blanca","status":"publish","type":"page","link":"https:\/\/sungrovelanzarote.com\/de\/playa-blanca\/","title":{"rendered":"Playa Blanca"},"content":{"rendered":"<p>[et_pb_section fb_built=&#8220;1&#8243; fullwidth=&#8220;on&#8220; _builder_version=&#8220;4.11.1&#8243; _module_preset=&#8220;default&#8220; locked=&#8220;off&#8220; global_colors_info=&#8220;{}&#8220;][et_pb_fullwidth_slider _builder_version=&#8220;4.11.1&#8243; _module_preset=&#8220;default&#8220; animation_style=&#8220;fade&#8220; auto=&#8220;on&#8220; global_colors_info=&#8220;{}&#8220;][et_pb_slide admin_title=&#8220;rubicon&#8220; _builder_version=&#8220;4.11.1&#8243; _module_preset=&#8220;default&#8220; background_image=&#8220;https:\/\/sungrovelanzarote.com\/wp-content\/uploads\/2012\/07\/rubicon.jpg&#8220; background_enable_image=&#8220;on&#8220; global_colors_info=&#8220;{}&#8220; sticky_transition=&#8220;on&#8220;][\/et_pb_slide][et_pb_slide admin_title=&#8220;promenade&#8220; _builder_version=&#8220;4.11.1&#8243; _module_preset=&#8220;default&#8220; background_image=&#8220;https:\/\/sungrovelanzarote.com\/wp-content\/uploads\/2012\/07\/pb-promenade.jpg&#8220; background_enable_image=&#8220;on&#8220; global_colors_info=&#8220;{}&#8220; sticky_transition=&#8220;on&#8220;][\/et_pb_slide][et_pb_slide admin_title=&#8220;playa dorada&#8220; _builder_version=&#8220;4.11.1&#8243; _module_preset=&#8220;default&#8220; background_image=&#8220;https:\/\/sungrovelanzarote.com\/wp-content\/uploads\/2012\/07\/pb-playadorada.jpg&#8220; background_enable_image=&#8220;on&#8220; global_colors_info=&#8220;{}&#8220; sticky_transition=&#8220;on&#8220;][\/et_pb_slide][et_pb_slide admin_title=&#8220;shopping&#8220; _builder_version=&#8220;4.11.1&#8243; _module_preset=&#8220;default&#8220; background_image=&#8220;https:\/\/sungrovelanzarote.com\/wp-content\/uploads\/2012\/07\/shopping.jpg&#8220; background_enable_image=&#8220;on&#8220; global_colors_info=&#8220;{}&#8220; sticky_transition=&#8220;on&#8220;][\/et_pb_slide][et_pb_slide admin_title=&#8220;beach&#8220; _builder_version=&#8220;4.11.1&#8243; _module_preset=&#8220;default&#8220; background_image=&#8220;https:\/\/sungrovelanzarote.com\/wp-content\/uploads\/2012\/07\/walking.jpg&#8220; background_enable_image=&#8220;on&#8220; global_colors_info=&#8220;{}&#8220; sticky_transition=&#8220;on&#8220;][\/et_pb_slide][et_pb_slide admin_title=&#8220;family&#8220; _builder_version=&#8220;4.11.1&#8243; _module_preset=&#8220;default&#8220; background_image=&#8220;https:\/\/sungrovelanzarote.com\/wp-content\/uploads\/2012\/07\/family-on-beach.jpg&#8220; background_enable_image=&#8220;on&#8220; global_colors_info=&#8220;{}&#8220; sticky_transition=&#8220;on&#8220;][\/et_pb_slide][et_pb_slide admin_title=&#8220;pedalo&#8220; _builder_version=&#8220;4.11.1&#8243; _module_preset=&#8220;default&#8220; background_image=&#8220;https:\/\/sungrovelanzarote.com\/wp-content\/uploads\/2012\/07\/pedalo.jpg&#8220; background_enable_image=&#8220;on&#8220; global_colors_info=&#8220;{}&#8220; sticky_transition=&#8220;on&#8220;][\/et_pb_slide][et_pb_slide admin_title=&#8220;rubicon&#8220; _builder_version=&#8220;4.11.1&#8243; _module_preset=&#8220;default&#8220; background_image=&#8220;https:\/\/sungrovelanzarote.com\/wp-content\/uploads\/2012\/07\/pb-rubiconvillage.jpg&#8220; background_enable_image=&#8220;on&#8220; global_colors_info=&#8220;{}&#8220; sticky_transition=&#8220;on&#8220;][\/et_pb_slide][et_pb_slide admin_title=&#8220;beach&#8220; _builder_version=&#8220;4.11.1&#8243; _module_preset=&#8220;default&#8220; background_image=&#8220;https:\/\/sungrovelanzarote.com\/wp-content\/uploads\/2012\/07\/papagayo-beach.jpg&#8220; background_enable_image=&#8220;on&#8220; global_colors_info=&#8220;{}&#8220; sticky_transition=&#8220;on&#8220;][\/et_pb_slide][et_pb_slide admin_title=&#8220;red house&#8220; _builder_version=&#8220;4.11.1&#8243; _module_preset=&#8220;default&#8220; background_image=&#8220;https:\/\/sungrovelanzarote.com\/wp-content\/uploads\/2012\/07\/pb-redhouse.jpg&#8220; background_enable_image=&#8220;on&#8220; global_colors_info=&#8220;{}&#8220; sticky_transition=&#8220;on&#8220;][\/et_pb_slide][\/et_pb_fullwidth_slider][\/et_pb_section][et_pb_section fb_built=&#8220;1&#8243; admin_label=&#8220;red house&#8220; _builder_version=&#8220;4.11.1&#8243; global_colors_info=&#8220;{}&#8220;][et_pb_row _builder_version=&#8220;3.25&#8243; background_size=&#8220;initial&#8220; background_position=&#8220;top_left&#8220; background_repeat=&#8220;repeat&#8220; global_colors_info=&#8220;{}&#8220;][et_pb_column type=&#8220;4_4&#8243; _builder_version=&#8220;3.25&#8243; custom_padding=&#8220;|||&#8220; global_colors_info=&#8220;{}&#8220; custom_padding__hover=&#8220;|||&#8220;][et_pb_text _builder_version=&#8220;4.11.1&#8243; header_text_align=&#8220;left&#8220; header_text_color=&#8220;#1422CB&#8220; header_font_size=&#8220;40px&#8220; header_line_height=&#8220;2.1em&#8220; header_2_text_align=&#8220;left&#8220; header_2_text_color=&#8220;#3A85F7&#8243; header_3_text_align=&#8220;left&#8220; header_3_text_color=&#8220;#1A48C5&#8243; header_4_text_align=&#8220;left&#8220; header_5_text_align=&#8220;left&#8220; header_6_text_align=&#8220;left&#8220; background_size=&#8220;initial&#8220; background_position=&#8220;top_left&#8220; background_repeat=&#8220;repeat&#8220; header_font_size_tablet=&#8220;&#8220; header_font_size_phone=&#8220;28px&#8220; header_font_size_last_edited=&#8220;on|phone&#8220; global_colors_info=&#8220;{}&#8220;]<\/p>\n<h1 align=\"justify\">Playa Blanca<\/h1>\n<h2 align=\"justify\">Der w\u00e4rmste Platz der Insel<\/h2>\n<p>Playa Blanca an der s\u00fcdlichsten Spitze von Lanzarote ist schnell zu einem der sch\u00f6nsten Ferienorte herangewachsen. Urspr\u00fcnglich&nbsp; ein winziges Fischerdorf, das sich in ein erste Klasse Ferienort gewandelt hat.<\/p>\n<p>Marina Rubic\u00f3n ist die gr\u00f6sste private Hafenanlage auf der Insel. Ein kleiner Ort von Gassen durchzogen, die von erste Klasse Gesch\u00e4ften, Cafes und Restaurants ges\u00e4umt werden.<\/p>\n<p>Playa Blanca kann das w\u00e4rmste Klima in Lanzarote bieten, da es fast immer im warmen Sonnenschein liegt. Es kann sich weiterhin r\u00fchmen, neben den feinsten Str\u00e4nden zu liegen, wo das tief t\u00fcrkisblaue Wasser kristallklar und immer warm ist. Hier gibt es pr\u00e4chtige Ausblicke auf die Berge und \u00fcbers Meer auf die Inseln Lobos und Fuerteventura.<\/p>\n<p>Playa Blanca\u00b4s Promenade entlang dem Meer verbindet die Str\u00e4nde und ist von Gesch\u00e4ften, Restaurants und Bars ges\u00e4umt.&nbsp; Vom Hafen am Ende der Promenade k\u00f6nnen Sie die F\u00e4hre nach Fuerteventura nehmen. Sie k\u00f6nnen lediglich als Passagier mitfahren, aber auch Ihr Auto mitnehmen. In 15 Minuten fahren Sie mit dem modernen Schnellboot der Fred Olsen Linie nach Fuerteventura. Es ist ein Riesenspass, da Sie entweder auf dem Ausblickdeck vorne sitzen k\u00f6nnen oder auf der Freiluftterrasse, von wo aus Sie das Meer geniessen k\u00f6nnen.<\/p>\n<blockquote>\n<h3 align=\"justify\">Dieser Ort ist f\u00fcr Familien bestens geeignet. Es gibt ein reichhaltiges Angebot, um sich ins Nachtleben zu st\u00fcrzen.<\/h3>\n<\/blockquote>\n<p>Der Ort ist grossartig f\u00fcr Familien. Es gibt ein reichhaltiges Angebot f\u00fcrs Nachtleben und Unterhaltungsm\u00f6glichkeiten in den vielen Bars, die Lifemusik bieten.&nbsp; Die Auswahl der Restaurants ist ein gastronomisches Highlight, welches von lokalen kanarischen Snacks bis zur internationalen K\u00fcche reicht.<\/p>\n<p>Ein grosser Vorteil in Playa Blanca die Ferien zu verbringen, ist die N\u00e4he zu den Papagayostr\u00e4nden. Diese Str\u00e4nde sind die sch\u00f6nsten der Insel&nbsp; (manche Leute sagen sogar von ganz Spanien). Ein Besuch an die Papagayostr\u00e4nde ist ein Muss, wenn Sie in Playa Blanca sind. Nehmen Sie jedoch ein Picnic mit, da hier keine Gesch\u00e4fte oder andere M\u00f6glichkeiten sind. Ausserdem brauchen Sie ein Auto.<\/p>\n<h3>Klinik<\/h3>\n<p>Falls Sie eine \u00e4rztliche Versorgung in Anspruch nehmen m\u00fcssen, brauchen Sie eine EU-Versicherungskarte und Ihren Ausweis.<\/p>\n<h3>Kirche<\/h3>\n<p>Die Kirche befindet sich im Ortskern und es werden r\u00f6misch-katholische und evangelische Gottesdienste abgehalten. Der evangelische Gottesdienst wird am Sonntag um 17:30 Uhr abgehalten und die r\u00f6misch-katholische Messe&nbsp; um 10 Uhr.<\/p>\n<h3>Die F\u00e4hre nach Fuerteventura<\/h3>\n<p>Sie k\u00f6nnen eine F\u00e4hre vom Hafen von Playa Blanca nach Corralejo , der n\u00f6rdlichsten Spitze von Fuerteventura nehmen. Es gibt viel Abwechslung auf Fuerteventura vom Windsurfen zum Sandd\u00fcnen surfen. Sie k\u00f6nnen auch von zuhause aus zum Flughafen von Fuerteventura fliegen und dann nach Playa Blanca mit dem Schiff \u00fcbersetzen.<\/p>\n<p><strong>Es gibt zwei Schiffsredereien von Playa Blanca und Corralejo. <a href=\"http:\/\/www.navieraarmas.com\/en\/home\" target=\"_blank\" rel=\"noopener\">Die Armas Linie, die etwa eine halbe<\/a> Stunde braucht und die <a href=\"http:\/\/www.fredolsen.es\/en-us\/\" target=\"_blank\" rel=\"noopener\">Fred Olsen, ein Jetfoil<\/a>, welches 15 Minuten braucht.<\/strong><\/p>\n<h3>Essen &amp; trinken<\/h3>\n<p><strong>Es gibt viele Feinschmeckerrestaurants in Lanzarote. Hier einige, die wir empfehlen k\u00f6nnen:<\/strong><\/p>\n<p><strong>Casa Pedro<\/strong><br \/>Calle Gueldera, 1,&nbsp;35570&nbsp;Playa Blanca, Lanzarote,&nbsp;Spain<\/p>\n<p><strong>Restaurante Brisa Marina<\/strong><br \/>Avenida Maritima, 24,&nbsp;35570&nbsp;El Golfo, Lanzarote,&nbsp;Spain<\/p>\n<p>In der N\u00e4he von Playa Blanca liegt das Weingebiet La Geria. Sie k\u00f6nnen die lokalen Weinkeller (bodegas) besuchen und den k\u00f6stlichen Wein von Lanzarote versuchen. Eine der edelsten <a href=\"http:\/\/www.stratvs.com\/\" target=\"_blank\" rel=\"noopener\">Bodegas ist STRATVS<\/a>. Sie k\u00f6nnen einen Ausflug buchen, da gibt es auch&nbsp; ein grossartiges Restaurant. Ebenso zu erw\u00e4hnen&nbsp; sind die Bodegas <a href=\"http:\/\/www.lageria.com\/\" target=\"_blank\" rel=\"noopener\">La Geria<\/a>, <a href=\"http:\/\/www.vinosrubicon.com\/\" target=\"_blank\" rel=\"noopener\">Rubic\u00f3n<\/a> und <a href=\"http:\/\/www.elgrifo.com\/en\/\" target=\"_blank\" rel=\"noopener\">El Grifo<\/a>.<\/p>\n<p>&nbsp;<\/p>\n<p>[\/et_pb_text][\/et_pb_column][\/et_pb_row][\/et_pb_section][et_pb_section fb_built=&#8220;1&#8243; admin_label=&#8220;priviledge facilities&#8220; _builder_version=&#8220;4.11.1&#8243; _module_preset=&#8220;default&#8220; animation_style=&#8220;zoom&#8220; scroll_vertical_motion_enable=&#8220;on&#8220; scroll_fade_enable=&#8220;on&#8220; global_colors_info=&#8220;{}&#8220; global_module=&#8220;2485&#8243; theme_builder_area=&#8220;post_content&#8220;][et_pb_row column_structure=&#8220;2_5,3_5&#8243; _builder_version=&#8220;4.11.1&#8243; _module_preset=&#8220;default&#8220; use_background_color_gradient=&#8220;on&#8220; background_color_gradient_start=&#8220;rgba(150,221,251,0.08)&#8220; background_color_gradient_end=&#8220;rgba(150,221,251,0.22)&#8220; border_radii=&#8220;on|10px|10px|10px|10px&#8220; box_shadow_style=&#8220;preset3&#8243; global_colors_info=&#8220;{}&#8220; theme_builder_area=&#8220;post_content&#8220;][et_pb_column type=&#8220;2_5&#8243; _builder_version=&#8220;4.11.1&#8243; _module_preset=&#8220;default&#8220; custom_padding=&#8220;27px|||36px|false|false&#8220; global_colors_info=&#8220;{}&#8220; theme_builder_area=&#8220;post_content&#8220;][et_pb_text _builder_version=&#8220;4.11.1&#8243; _module_preset=&#8220;default&#8220; header_text_align=&#8220;center&#8220; header_text_color=&#8220;#1422CB&#8220; custom_margin_tablet=&#8220;&#8220; custom_margin_phone=&#8220;|4px|||false|false&#8220; custom_margin_last_edited=&#8220;on|phone&#8220; header_text_align_tablet=&#8220;&#8220; header_text_align_phone=&#8220;left&#8220; header_text_align_last_edited=&#8220;on|phone&#8220; global_colors_info=&#8220;{}&#8220; theme_builder_area=&#8220;post_content&#8220;]<\/p>\n<h1>Mehr Komfort<\/h1>\n<p>Alle unsere Villeng\u00e4ste haben Anspruch auf einen Privilegienpass f\u00fcr den Zugang zu den unglaublichen Einrichtungen von THB Tropical Island.<\/p>\n<p>[\/et_pb_text][et_pb_image src=&#8220;https:\/\/sungrovelanzarote.com\/wp-content\/uploads\/2016\/03\/privilege-pass-THB.png&#8220; title_text=&#8220;privilege-pass-THB&#8220; align=&#8220;center&#8220; _builder_version=&#8220;4.11.1&#8243; _module_preset=&#8220;default&#8220; width_tablet=&#8220;&#8220; width_phone=&#8220;45%&#8220; width_last_edited=&#8220;on|phone&#8220; custom_padding=&#8220;|1px||||&#8220; global_colors_info=&#8220;{}&#8220; theme_builder_area=&#8220;post_content&#8220;][\/et_pb_image][\/et_pb_column][et_pb_column type=&#8220;3_5&#8243; _builder_version=&#8220;4.11.1&#8243; _module_preset=&#8220;default&#8220; custom_padding=&#8220;|25px|||false|false&#8220; global_colors_info=&#8220;{}&#8220; theme_builder_area=&#8220;post_content&#8220;][et_pb_gallery gallery_ids=&#8220;2160,2157,2226,2452&#8243; fullwidth=&#8220;on&#8220; admin_label=&#8220;priviledge Gallery&#8220; _builder_version=&#8220;4.14.4&#8243; _module_preset=&#8220;default&#8220; locked=&#8220;off&#8220; global_colors_info=&#8220;{}&#8220; theme_builder_area=&#8220;post_content&#8220;][\/et_pb_gallery][\/et_pb_column][\/et_pb_row][\/et_pb_section]<\/p>\n","protected":false},"excerpt":{"rendered":"<p>Playa Blanca Der w\u00e4rmste Platz der Insel Playa Blanca an der s\u00fcdlichsten Spitze von Lanzarote ist schnell zu einem der sch\u00f6nsten Ferienorte herangewachsen. Urspr\u00fcnglich&nbsp; ein winziges Fischerdorf, das sich in ein erste Klasse Ferienort gewandelt hat. Marina Rubic\u00f3n ist die gr\u00f6sste private Hafenanlage auf der Insel. Ein kleiner Ort von Gassen durchzogen, die von erste [&hellip;]<\/p>\n","protected":false},"author":101011,"featured_media":0,"parent":0,"menu_order":3,"comment_status":"closed","ping_status":"closed","template":"","meta":{"_et_pb_use_builder":"on","_et_pb_old_content":"<h2 align=\"justify\">The warmest part of the island<\/h2>\r\n<p align=\"justify\">Playa Blanca, at the southern-most tip of Lanzarote, is fast becoming one of the island's finest tourist areas. Originally a small fishing village it has been transformed into a first class holiday resort.<\/p>\r\n<p align=\"justify\">Marina Rubicon is the largest private marina on the island and is effectively a small village of interconnecting cobbled streets lined with high class shops, cafes, and restaurants.<\/p>\r\n<p align=\"justify\">Playa Blanca can boast the warmest weather on Lanzarote as it is almost always basked in warm sunshine, it can also lay claim to some of the finest beaches, where the deep turquoise sea is crystal clear and always calm. There are superb views of the mountains and the islands of Lobos and Fuerteventura across the water.<\/p>\r\n<p align=\"justify\">Playa Blanca's sea front promenade connects the beaches and is lined with shops, restaurants and bars. From the harbour at the far end of the promenade, you can catch a ferry to Fuerteventura. You can go as a foot passenger or with a car and the 15-minute crossing on the modern Fred Olsen FastCat is great fun as you can sit at the viewing deck at the front or on the open-air terrace and enjoy the ocean.<\/p>\r\n\r\n<blockquote>\r\n<h3 align=\"justify\">The resort is great for families,\r\nthere is plenty of nightlife.<\/h3>\r\n<\/blockquote>\r\n<p align=\"justify\">The resort is great for families, there is plenty of nightlife and entertainment with many of the bars offering live music. The choice of restaurants is a gastronomic delight, varying from local Canarian tapas to international cuisine.<\/p>\r\n<p align=\"justify\">A great advantage to staying in Playa Blanca villas is the proximity to the beaches of Papagayo. These beaches are the most beautiful beaches on the island (and some people say in all of Spain). A visit to Papagayo is a must if you are staying in Playa Blanca, however, do take a picnic as there are no shops or facilities here, and you will need a car.<\/p>\r\n\r\n<h3 align=\"justify\">Clinic<\/h3>\r\nFor the main state run clinic you will need an EU Health card and passport.\r\n<h3>Church<\/h3>\r\nThe Church is in the centre of the town and offers both Roman Catholic and Anglican services.\r\nAnglican Holy Communion is on Sunday at 5.30pm. Roman Catholic mass is at 10.00am\r\n<h3>Ferry to Fuerteventura<\/h3>\r\nYou can catch a ferry from the port at Playa Blanca to Corralejo at the northern tip of Fuerteventura. There are many activities to enjoy in Fuerteventura from windsurfing to sand dune surfing. You may choose to fly to Fuerteventura airport from your home location and drive across to Playa Blanca.\r\n\r\nThere are 2 companies who sail between Playa Blanca and Corralejo. <a href=\"http:\/\/www.navieraarmas.com\/en\/home\" target=\"_blank\">Armas - which takes about a half hour<\/a>, and <a href=\"http:\/\/www.fredolsen.es\/en-us\/\" target=\"_blank\">Fred Olsen, on a fast cat, which takes about 15 minutes<\/a>\r\n<h3>Eating and drinking<\/h3>\r\nThere are many fine restaurants in Lanzarote. A couple we can recommend are:\r\n\r\n<strong>Casa Pedro<\/strong>\r\nCalle Gueldera, 1,\u00a035570\u00a0Playa Blanca, Lanzarote,\u00a0Spain\r\n\r\n<strong>Restaurante Brisa Marina<\/strong>\r\nAvenida Maritima, 24,\u00a035570\u00a0El Golfo, Lanzarote,\u00a0Spain\r\n\r\nClose to Playa Blanca is the wine region of La Geria. You can visit these local wineries (bodegas) and sample the fabulous Lanzarote wine. <a href=\"http:\/\/www.stratvs.com\/\" target=\"_blank\">One of the finest bodegas is STRATVS<\/a>. You can book a tour and there is also a great restaurant here. Other bodegas to look out for are <a href=\"http:\/\/www.lageria.com\/\" target=\"_blank\">La Geria<\/a>, <a href=\"http:\/\/www.vinosrubicon.com\/\" target=\"_blank\">Rubicon<\/a>, and <a href=\"http:\/\/www.elgrifo.com\/en\/\" target=\"_blank\">El Grifo<\/a>.","_et_gb_content_width":"","footnotes":""},"class_list":["post-302","page","type-page","status-publish","hentry"],"yoast_head":"<!-- This site is optimized with the Yoast SEO plugin v27.2 - https:\/\/yoast.com\/product\/yoast-seo-wordpress\/ -->\n<title>sungrove playa blanca villas<\/title>\n<meta name=\"description\" content=\"sungrove playa blanca villas with private pools to rent direct from the owners\" \/>\n<meta name=\"robots\" content=\"index, follow, max-snippet:-1, max-image-preview:large, max-video-preview:-1\" \/>\n<link rel=\"canonical\" href=\"https:\/\/sungrovelanzarote.com\/playa-blanca\/\" \/>\n<meta property=\"og:locale\" content=\"de_DE\" \/>\n<meta property=\"og:type\" content=\"article\" \/>\n<meta property=\"og:title\" content=\"sungrove playa blanca villas\" \/>\n<meta property=\"og:description\" content=\"sungrove playa blanca villas with private pools to rent direct from the owners\" \/>\n<meta property=\"og:url\" content=\"https:\/\/sungrovelanzarote.com\/playa-blanca\/\" \/>\n<meta property=\"og:site_name\" content=\"Sun Grove Villas\" \/>\n<meta property=\"article:modified_time\" content=\"2022-01-05T14:57:55+00:00\" \/>\n<meta name=\"twitter:label1\" content=\"Gesch\u00e4tzte Lesezeit\" \/>\n\t<meta name=\"twitter:data1\" content=\"7\u00a0Minuten\" \/>\n<script type=\"application\/ld+json\" class=\"yoast-schema-graph\">{\"@context\":\"https:\/\/schema.org\",\"@graph\":[{\"@type\":\"WebPage\",\"@id\":\"https:\/\/sungrovelanzarote.com\/playa-blanca\/\",\"url\":\"https:\/\/sungrovelanzarote.com\/playa-blanca\/\",\"name\":\"sungrove playa blanca villas\",\"isPartOf\":{\"@id\":\"https:\/\/sungrovelanzarote.com\/#website\"},\"datePublished\":\"2012-07-16T14:59:10+00:00\",\"dateModified\":\"2022-01-05T14:57:55+00:00\",\"description\":\"sungrove playa blanca villas with private pools to rent direct from the owners\",\"breadcrumb\":{\"@id\":\"https:\/\/sungrovelanzarote.com\/playa-blanca\/#breadcrumb\"},\"inLanguage\":\"de\",\"potentialAction\":[{\"@type\":\"ReadAction\",\"target\":[\"https:\/\/sungrovelanzarote.com\/playa-blanca\/\"]}]},{\"@type\":\"BreadcrumbList\",\"@id\":\"https:\/\/sungrovelanzarote.com\/playa-blanca\/#breadcrumb\",\"itemListElement\":[{\"@type\":\"ListItem\",\"position\":1,\"name\":\"Home\",\"item\":\"https:\/\/sungrovelanzarote.com\/de\/\"},{\"@type\":\"ListItem\",\"position\":2,\"name\":\"Playa Blanca\"}]},{\"@type\":\"WebSite\",\"@id\":\"https:\/\/sungrovelanzarote.com\/#website\",\"url\":\"https:\/\/sungrovelanzarote.com\/\",\"name\":\"Sun Grove Villas\",\"description\":\"Luxus-Villen mit beheizten Pools in Lanzarote\",\"potentialAction\":[{\"@type\":\"SearchAction\",\"target\":{\"@type\":\"EntryPoint\",\"urlTemplate\":\"https:\/\/sungrovelanzarote.com\/?s={search_term_string}\"},\"query-input\":{\"@type\":\"PropertyValueSpecification\",\"valueRequired\":true,\"valueName\":\"search_term_string\"}}],\"inLanguage\":\"de\"}]}<\/script>\n<!-- \/ Yoast SEO plugin. -->","yoast_head_json":{"title":"sungrove playa blanca villas","description":"sungrove playa blanca villas with private pools to rent direct from the owners","robots":{"index":"index","follow":"follow","max-snippet":"max-snippet:-1","max-image-preview":"max-image-preview:large","max-video-preview":"max-video-preview:-1"},"canonical":"https:\/\/sungrovelanzarote.com\/playa-blanca\/","og_locale":"de_DE","og_type":"article","og_title":"sungrove playa blanca villas","og_description":"sungrove playa blanca villas with private pools to rent direct from the owners","og_url":"https:\/\/sungrovelanzarote.com\/playa-blanca\/","og_site_name":"Sun Grove Villas","article_modified_time":"2022-01-05T14:57:55+00:00","twitter_misc":{"Gesch\u00e4tzte Lesezeit":"7\u00a0Minuten"},"schema":{"@context":"https:\/\/schema.org","@graph":[{"@type":"WebPage","@id":"https:\/\/sungrovelanzarote.com\/playa-blanca\/","url":"https:\/\/sungrovelanzarote.com\/playa-blanca\/","name":"sungrove playa blanca villas","isPartOf":{"@id":"https:\/\/sungrovelanzarote.com\/#website"},"datePublished":"2012-07-16T14:59:10+00:00","dateModified":"2022-01-05T14:57:55+00:00","description":"sungrove playa blanca villas with private pools to rent direct from the owners","breadcrumb":{"@id":"https:\/\/sungrovelanzarote.com\/playa-blanca\/#breadcrumb"},"inLanguage":"de","potentialAction":[{"@type":"ReadAction","target":["https:\/\/sungrovelanzarote.com\/playa-blanca\/"]}]},{"@type":"BreadcrumbList","@id":"https:\/\/sungrovelanzarote.com\/playa-blanca\/#breadcrumb","itemListElement":[{"@type":"ListItem","position":1,"name":"Home","item":"https:\/\/sungrovelanzarote.com\/de\/"},{"@type":"ListItem","position":2,"name":"Playa Blanca"}]},{"@type":"WebSite","@id":"https:\/\/sungrovelanzarote.com\/#website","url":"https:\/\/sungrovelanzarote.com\/","name":"Sun Grove Villas","description":"Luxus-Villen mit beheizten Pools in Lanzarote","potentialAction":[{"@type":"SearchAction","target":{"@type":"EntryPoint","urlTemplate":"https:\/\/sungrovelanzarote.com\/?s={search_term_string}"},"query-input":{"@type":"PropertyValueSpecification","valueRequired":true,"valueName":"search_term_string"}}],"inLanguage":"de"}]}},"_links":{"self":[{"href":"https:\/\/sungrovelanzarote.com\/de\/wp-json\/wp\/v2\/pages\/302","targetHints":{"allow":["GET"]}}],"collection":[{"href":"https:\/\/sungrovelanzarote.com\/de\/wp-json\/wp\/v2\/pages"}],"about":[{"href":"https:\/\/sungrovelanzarote.com\/de\/wp-json\/wp\/v2\/types\/page"}],"author":[{"embeddable":true,"href":"https:\/\/sungrovelanzarote.com\/de\/wp-json\/wp\/v2\/users\/101011"}],"replies":[{"embeddable":true,"href":"https:\/\/sungrovelanzarote.com\/de\/wp-json\/wp\/v2\/comments?post=302"}],"version-history":[{"count":14,"href":"https:\/\/sungrovelanzarote.com\/de\/wp-json\/wp\/v2\/pages\/302\/revisions"}],"predecessor-version":[{"id":2494,"href":"https:\/\/sungrovelanzarote.com\/de\/wp-json\/wp\/v2\/pages\/302\/revisions\/2494"}],"wp:attachment":[{"href":"https:\/\/sungrovelanzarote.com\/de\/wp-json\/wp\/v2\/media?parent=302"}],"curies":[{"name":"wp","href":"https:\/\/api.w.org\/{rel}","templated":true}]}}