{"id":280,"date":"2012-07-16T13:17:57","date_gmt":"2012-07-16T13:17:57","guid":{"rendered":"http:\/\/host19.qnop.net\/~sungrove\/home\/"},"modified":"2022-03-24T11:33:40","modified_gmt":"2022-03-24T11:33:40","slug":"auto-draft","status":"publish","type":"page","link":"https:\/\/sungrovelanzarote.com\/de\/","title":{"rendered":"Home"},"content":{"rendered":"<p>[et_pb_section fb_built=&#8220;1&#8243; fullwidth=&#8220;on&#8220; _builder_version=&#8220;4.15&#8243; _module_preset=&#8220;default&#8220; global_colors_info=&#8220;{}&#8220;][et_pb_fullwidth_slider _builder_version=&#8220;4.15&#8243; _module_preset=&#8220;default&#8220; animation_style=&#8220;fade&#8220; auto=&#8220;on&#8220; global_colors_info=&#8220;{}&#8220;][et_pb_slide admin_title=&#8220;family pool&#8220; _builder_version=&#8220;4.15&#8243; _module_preset=&#8220;default&#8220; background_image=&#8220;https:\/\/sungrovelanzarote.com\/wp-content\/uploads\/2012\/07\/family-pool.jpg&#8220; background_enable_image=&#8220;on&#8220; global_colors_info=&#8220;{}&#8220; sticky_transition=&#8220;on&#8220;][\/et_pb_slide][et_pb_slide admin_title=&#8220;pool&#8220; _builder_version=&#8220;4.15&#8243; _module_preset=&#8220;default&#8220; background_image=&#8220;https:\/\/sungrovelanzarote.com\/wp-content\/uploads\/2012\/07\/villa-pool3.jpg&#8220; background_enable_image=&#8220;on&#8220; global_colors_info=&#8220;{}&#8220; sticky_transition=&#8220;on&#8220;][\/et_pb_slide][et_pb_slide admin_title=&#8220;villa&#8220; _builder_version=&#8220;4.15&#8243; _module_preset=&#8220;default&#8220; background_image=&#8220;https:\/\/sungrovelanzarote.com\/wp-content\/uploads\/2012\/07\/villa-pool1a.jpg&#8220; background_enable_image=&#8220;on&#8220; global_colors_info=&#8220;{}&#8220; sticky_transition=&#8220;on&#8220;][\/et_pb_slide][et_pb_slide admin_title=&#8220;beach&#8220; _builder_version=&#8220;4.15&#8243; _module_preset=&#8220;default&#8220; background_image=&#8220;https:\/\/sungrovelanzarote.com\/wp-content\/uploads\/2012\/07\/papagayo-beach.jpg&#8220; background_enable_image=&#8220;on&#8220; global_colors_info=&#8220;{}&#8220; sticky_transition=&#8220;on&#8220;][\/et_pb_slide][et_pb_slide admin_title=&#8220;family&#8220; _builder_version=&#8220;4.15&#8243; _module_preset=&#8220;default&#8220; background_image=&#8220;https:\/\/sungrovelanzarote.com\/wp-content\/uploads\/2012\/07\/family-on-beach.jpg&#8220; background_enable_image=&#8220;on&#8220; global_colors_info=&#8220;{}&#8220; sticky_transition=&#8220;on&#8220;][\/et_pb_slide][et_pb_slide admin_title=&#8220;spa&#8220; _builder_version=&#8220;4.15&#8243; _module_preset=&#8220;default&#8220; background_image=&#8220;https:\/\/sungrovelanzarote.com\/wp-content\/uploads\/2012\/07\/spa-facilities.jpg&#8220; background_enable_image=&#8220;on&#8220; global_colors_info=&#8220;{}&#8220; sticky_transition=&#8220;on&#8220;][\/et_pb_slide][et_pb_slide admin_title=&#8220;lounge&#8220; _builder_version=&#8220;4.15&#8243; _module_preset=&#8220;default&#8220; background_image=&#8220;https:\/\/sungrovelanzarote.com\/wp-content\/uploads\/2012\/07\/calidad-superior.jpg&#8220; background_enable_image=&#8220;on&#8220; global_colors_info=&#8220;{}&#8220; sticky_transition=&#8220;on&#8220;][\/et_pb_slide][\/et_pb_fullwidth_slider][\/et_pb_section][et_pb_section fb_built=&#8220;1&#8243; _builder_version=&#8220;4.15&#8243; global_colors_info=&#8220;{}&#8220;][et_pb_row column_structure=&#8220;1_5,3_5,1_5&#8243; _builder_version=&#8220;4.15.1&#8243; _module_preset=&#8220;default&#8220; hover_enabled=&#8220;0&#8243; global_colors_info=&#8220;{}&#8220; disabled_on=&#8220;on|on|on&#8220; disabled=&#8220;on&#8220; sticky_enabled=&#8220;0&#8243;][et_pb_column type=&#8220;1_5&#8243; _builder_version=&#8220;4.15&#8243; _module_preset=&#8220;default&#8220; global_colors_info=&#8220;{}&#8220;][\/et_pb_column][et_pb_column type=&#8220;3_5&#8243; _builder_version=&#8220;4.15&#8243; _module_preset=&#8220;default&#8220; global_colors_info=&#8220;{}&#8220;][et_pb_text _builder_version=&#8220;4.15&#8243; _module_preset=&#8220;default&#8220; text_font=&#8220;|300||on|||||&#8220; text_text_color=&#8220;#ff0000&#8243; text_font_size=&#8220;23px&#8220; background_color=&#8220;rgba(150,221,251,0.26)&#8220; text_orientation=&#8220;center&#8220; custom_margin=&#8220;0px|0px|0px|0px|false|false&#8220; custom_padding=&#8220;30px|30px|30px|30px|false|false&#8220; box_shadow_style=&#8220;preset3&#8243; global_colors_info=&#8220;{}&#8220;]<\/p>\n<p>Der Fitnessraum und die Tennispl\u00e4tze stehen kostenlos zur Verf\u00fcgung. Das Spa ist derzeit noch nicht verf\u00fcgbar.<\/p>\n<p>[\/et_pb_text][\/et_pb_column][et_pb_column type=&#8220;1_5&#8243; _builder_version=&#8220;4.15&#8243; _module_preset=&#8220;default&#8220; global_colors_info=&#8220;{}&#8220;][\/et_pb_column][\/et_pb_row][et_pb_row column_structure=&#8220;1_5,1_5,1_5,1_5,1_5&#8243; _builder_version=&#8220;4.15&#8243; _module_preset=&#8220;default&#8220; global_colors_info=&#8220;{}&#8220;][et_pb_column type=&#8220;1_5&#8243; _builder_version=&#8220;4.15&#8243; _module_preset=&#8220;default&#8220; global_colors_info=&#8220;{}&#8220;][et_pb_image src=&#8220;https:\/\/sungrovelanzarote.com\/wp-content\/uploads\/2012\/07\/sgv-seal.png&#8220; title_text=&#8220;sgv-seal&#8220; _builder_version=&#8220;4.15&#8243; _module_preset=&#8220;default&#8220; global_colors_info=&#8220;{}&#8220;][\/et_pb_image][\/et_pb_column][et_pb_column type=&#8220;1_5&#8243; _builder_version=&#8220;4.15&#8243; _module_preset=&#8220;default&#8220; global_colors_info=&#8220;{}&#8220;][et_pb_text admin_label=&#8220;title&#8220; _builder_version=&#8220;4.15&#8243; _module_preset=&#8220;default&#8220; text_font=&#8220;|600|||||||&#8220; text_text_color=&#8220;#1A48C5&#8243; text_font_size=&#8220;15px&#8220; text_line_height=&#8220;1.5em&#8220; header_2_text_color=&#8220;#000000&#8243; text_orientation=&#8220;center&#8220; global_colors_info=&#8220;{}&#8220;]<\/p>\n<h3>Einfache Reservierung<\/h3>\n<p>[\/et_pb_text][et_pb_image src=&#8220;https:\/\/sungrovelanzarote.com\/wp-content\/uploads\/2012\/07\/icon-laptop.png&#8220; title_text=&#8220;icon-laptop&#8220; align=&#8220;center&#8220; _builder_version=&#8220;4.15&#8243; _module_preset=&#8220;default&#8220; global_colors_info=&#8220;{}&#8220;][\/et_pb_image][et_pb_text _builder_version=&#8220;4.15&#8243; _module_preset=&#8220;default&#8220; text_font=&#8220;|600|||||||&#8220; text_text_color=&#8220;#1A48C5&#8243; text_font_size=&#8220;15px&#8220; text_line_height=&#8220;1.5em&#8220; text_orientation=&#8220;center&#8220; global_colors_info=&#8220;{}&#8220;]<\/p>\n<p>Buchen Sie direkt \u00fcber unsere einfache Buchungsseite.<\/p>\n<p>[\/et_pb_text][\/et_pb_column][et_pb_column type=&#8220;1_5&#8243; _builder_version=&#8220;4.15&#8243; _module_preset=&#8220;default&#8220; global_colors_info=&#8220;{}&#8220;][et_pb_text admin_label=&#8220;title&#8220; _builder_version=&#8220;4.15&#8243; _module_preset=&#8220;default&#8220; text_font=&#8220;|600|||||||&#8220; text_text_color=&#8220;#1A48C5&#8243; text_font_size=&#8220;15px&#8220; text_line_height=&#8220;1.5em&#8220; header_2_text_color=&#8220;#000000&#8243; text_orientation=&#8220;center&#8220; global_colors_info=&#8220;{}&#8220;]<\/p>\n<h3>Flexibel<\/h3>\n<p>[\/et_pb_text][et_pb_image src=&#8220;https:\/\/sungrovelanzarote.com\/wp-content\/uploads\/2012\/07\/icon-calendar.png&#8220; title_text=&#8220;icon-calendar&#8220; align=&#8220;center&#8220; _builder_version=&#8220;4.15&#8243; _module_preset=&#8220;default&#8220; global_colors_info=&#8220;{}&#8220;][\/et_pb_image][et_pb_text _builder_version=&#8220;4.15&#8243; _module_preset=&#8220;default&#8220; text_font=&#8220;|600|||||||&#8220; text_text_color=&#8220;#1A48C5&#8243; text_font_size=&#8220;15px&#8220; text_line_height=&#8220;1.5em&#8220; text_orientation=&#8220;center&#8220; global_colors_info=&#8220;{}&#8220;]<\/p>\n<p>Wir passenger uns an die Abreisezeiten an.<\/p>\n<p>[\/et_pb_text][\/et_pb_column][et_pb_column type=&#8220;1_5&#8243; _builder_version=&#8220;4.15&#8243; _module_preset=&#8220;default&#8220; global_colors_info=&#8220;{}&#8220;][et_pb_text admin_label=&#8220;title&#8220; _builder_version=&#8220;4.15&#8243; _module_preset=&#8220;default&#8220; text_font=&#8220;|600|||||||&#8220; text_text_color=&#8220;#1A48C5&#8243; text_font_size=&#8220;15px&#8220; text_letter_spacing=&#8220;-2px&#8220; text_line_height=&#8220;1.5em&#8220; header_2_text_color=&#8220;#000000&#8243; text_orientation=&#8220;center&#8220; global_colors_info=&#8220;{}&#8220;]<\/p>\n<h3>Erschwinglich<\/h3>\n<p>[\/et_pb_text][et_pb_image src=&#8220;https:\/\/sungrovelanzarote.com\/wp-content\/uploads\/2012\/07\/icon-wallet.png&#8220; title_text=&#8220;icon-wallet&#8220; align=&#8220;center&#8220; _builder_version=&#8220;4.15&#8243; _module_preset=&#8220;default&#8220; global_colors_info=&#8220;{}&#8220;][\/et_pb_image][et_pb_text _builder_version=&#8220;4.15&#8243; _module_preset=&#8220;default&#8220; text_font=&#8220;|600|||||||&#8220; text_text_color=&#8220;#1A48C5&#8243; text_font_size=&#8220;15px&#8220; text_line_height=&#8220;1.5em&#8220; text_orientation=&#8220;center&#8220; global_colors_info=&#8220;{}&#8220;]<\/p>\n<p>Qualit\u00e4t und Luxus zu erschwinglichen Preisen.<\/p>\n<p>[\/et_pb_text][\/et_pb_column][et_pb_column type=&#8220;1_5&#8243; _builder_version=&#8220;4.15&#8243; _module_preset=&#8220;default&#8220; global_colors_info=&#8220;{}&#8220;][et_pb_text admin_label=&#8220;title&#8220; _builder_version=&#8220;4.15&#8243; _module_preset=&#8220;default&#8220; text_font=&#8220;|600|||||||&#8220; text_text_color=&#8220;#1A48C5&#8243; text_font_size=&#8220;15px&#8220; text_line_height=&#8220;1.5em&#8220; header_2_text_color=&#8220;#000000&#8243; text_orientation=&#8220;center&#8220; global_colors_info=&#8220;{}&#8220;]<\/p>\n<h3>Willkommen<\/h3>\n<p>[\/et_pb_text][et_pb_image src=&#8220;https:\/\/sungrovelanzarote.com\/wp-content\/uploads\/2012\/07\/icon-shopping.png&#8220; title_text=&#8220;icon-shopping&#8220; align=&#8220;center&#8220; _builder_version=&#8220;4.15&#8243; _module_preset=&#8220;default&#8220; global_colors_info=&#8220;{}&#8220;][\/et_pb_image][et_pb_text _builder_version=&#8220;4.15&#8243; _module_preset=&#8220;default&#8220; text_font=&#8220;|600|||||||&#8220; text_text_color=&#8220;#1A48C5&#8243; text_font_size=&#8220;15px&#8220; text_line_height=&#8220;1.5em&#8220; text_orientation=&#8220;center&#8220; global_colors_info=&#8220;{}&#8220;]<\/p>\n<p>Sie und Ihre Familie erwartet eine herzliche Begr\u00fcssung.<\/p>\n<p>[\/et_pb_text][\/et_pb_column][\/et_pb_row][\/et_pb_section]<\/p>\n","protected":false},"excerpt":{"rendered":"<p>Der Fitnessraum und die Tennispl\u00e4tze stehen kostenlos zur Verf\u00fcgung. Das Spa ist derzeit noch nicht verf\u00fcgbar.Einfache ReservierungBuchen Sie direkt \u00fcber unsere einfache Buchungsseite.FlexibelWir passenger uns an die Abreisezeiten an.ErschwinglichQualit\u00e4t und Luxus zu erschwinglichen Preisen.WillkommenSie und Ihre Familie erwartet eine herzliche Begr\u00fcssung.<\/p>\n","protected":false},"author":101011,"featured_media":0,"parent":0,"menu_order":1,"comment_status":"open","ping_status":"open","template":"","meta":{"_et_pb_use_builder":"on","_et_pb_old_content":"[one_fifth]<img class=\"aligncenter wp-image-210\" title=\"sgv-seal\" src=\"https:\/\/sungrovelanzarote.com\/wp-content\/uploads\/2012\/07\/sgv-seal.png\" alt=\"\">[\/one_fifth]\r\n\r\n[one_fifth]\r\n<h4 style=\"text-align: center;\">Easy to book<\/h4>\r\n<a href=\"\/?page_id=23\"><img class=\"aligncenter wp-image-211\" title=\"icon-laptop\" src=\"https:\/\/sungrovelanzarote.com\/\/wp-content\/uploads\/2012\/07\/icon-laptop.png\" alt=\"\"><\/a>\r\n<p style=\"text-align: center;\">Book direct via our easy to use booking form.[\/one_fifth]<\/p>\r\n[one_fifth]\r\n<h4 style=\"text-align: center;\">Flexible<\/h4>\r\n<a href=\"\/?page_id=23\"><img class=\"aligncenter wp-image-212\" title=\"icon-calendar\" src=\"https:\/\/sungrovelanzarote.com\/\/wp-content\/uploads\/2012\/07\/icon-calendar.png\" alt=\"\"><\/a>\r\n<p style=\"text-align: center;\">We are flexible on dates check out flight options.[\/one_fifth]<\/p>\r\n[one_fifth]\r\n<h4 style=\"text-align: center;\">Affordable<\/h4>\r\n<a href=\"\/?page_id=1494\"><img class=\"aligncenter wp-image-213\" title=\"icon-wallet\" src=\"https:\/\/sungrovelanzarote.com\/\/wp-content\/uploads\/2012\/07\/icon-wallet.png\" alt=\"\"><\/a>\r\n<p style=\"text-align: center;\">Quality and luxury at affordable prices.[\/one_fifth]<\/p>\r\n[one_fifth_last]\r\n<h4 style=\"text-align: center;\">Welcome<\/h4>\r\n<a href=\"\/?page_id=16\"><img class=\"aligncenter wp-image-214\" title=\"icon-shopping\" src=\"https:\/\/sungrovelanzarote.com\/\/wp-content\/uploads\/2012\/07\/icon-shopping.png\" alt=\"\" width=\"76\" height=\"108\"><\/a>\r\n<p style=\"text-align: center;\">A warm welcome awaits you and your family.[\/one_fifth_last]<\/p>\r\n<p style=\"text-align: center;\">\u00a0\r\n<span style=\"color: #ff0000;\"><strong>IMPORTANT! FREE SPA, GYM AND TENNIS SERVICES WILL BE AVAILABLE FROM AUGUST.<\/strong><\/span><\/p>","_et_gb_content_width":"","footnotes":""},"class_list":["post-280","page","type-page","status-publish","hentry"],"yoast_head":"<!-- This site is optimized with the Yoast SEO plugin v27.2 - https:\/\/yoast.com\/product\/yoast-seo-wordpress\/ -->\n<title>Sungrove Villas Lanzarote<\/title>\n<meta name=\"description\" content=\"Sungrove Villas Lanzarote luxury villas with pool in playa blanca\" \/>\n<meta name=\"robots\" content=\"index, follow, max-snippet:-1, max-image-preview:large, max-video-preview:-1\" \/>\n<link rel=\"canonical\" href=\"https:\/\/sungrovelanzarote.com\/de\/\" \/>\n<meta property=\"og:locale\" content=\"de_DE\" \/>\n<meta property=\"og:type\" content=\"article\" \/>\n<meta property=\"og:title\" content=\"Sungrove Villas Lanzarote\" \/>\n<meta property=\"og:description\" content=\"Sungrove Villas Lanzarote luxury villas with pool in playa blanca\" \/>\n<meta property=\"og:url\" content=\"https:\/\/sungrovelanzarote.com\/de\/\" \/>\n<meta property=\"og:site_name\" content=\"Sun Grove Villas\" \/>\n<meta property=\"article:modified_time\" content=\"2022-03-24T11:33:40+00:00\" \/>\n<meta name=\"twitter:label1\" content=\"Gesch\u00e4tzte Lesezeit\" \/>\n\t<meta name=\"twitter:data1\" content=\"5\u00a0Minuten\" \/>\n<script type=\"application\/ld+json\" class=\"yoast-schema-graph\">{\"@context\":\"https:\/\/schema.org\",\"@graph\":[{\"@type\":\"WebPage\",\"@id\":\"https:\/\/sungrovelanzarote.com\/de\/\",\"url\":\"https:\/\/sungrovelanzarote.com\/de\/\",\"name\":\"Sungrove Villas Lanzarote\",\"isPartOf\":{\"@id\":\"https:\/\/sungrovelanzarote.com\/#website\"},\"datePublished\":\"2012-07-16T13:17:57+00:00\",\"dateModified\":\"2022-03-24T11:33:40+00:00\",\"description\":\"Sungrove Villas Lanzarote luxury villas with pool in playa blanca\",\"breadcrumb\":{\"@id\":\"https:\/\/sungrovelanzarote.com\/de\/#breadcrumb\"},\"inLanguage\":\"de\",\"potentialAction\":[{\"@type\":\"ReadAction\",\"target\":[\"https:\/\/sungrovelanzarote.com\/de\/\"]}]},{\"@type\":\"BreadcrumbList\",\"@id\":\"https:\/\/sungrovelanzarote.com\/de\/#breadcrumb\",\"itemListElement\":[{\"@type\":\"ListItem\",\"position\":1,\"name\":\"Home\",\"item\":\"https:\/\/sungrovelanzarote.com\/de\/\"},{\"@type\":\"ListItem\",\"position\":2,\"name\":\"Home\"}]},{\"@type\":\"WebSite\",\"@id\":\"https:\/\/sungrovelanzarote.com\/#website\",\"url\":\"https:\/\/sungrovelanzarote.com\/\",\"name\":\"Sun Grove Villas\",\"description\":\"Luxus-Villen mit beheizten Pools in Lanzarote\",\"potentialAction\":[{\"@type\":\"SearchAction\",\"target\":{\"@type\":\"EntryPoint\",\"urlTemplate\":\"https:\/\/sungrovelanzarote.com\/?s={search_term_string}\"},\"query-input\":{\"@type\":\"PropertyValueSpecification\",\"valueRequired\":true,\"valueName\":\"search_term_string\"}}],\"inLanguage\":\"de\"}]}<\/script>\n<!-- \/ Yoast SEO plugin. -->","yoast_head_json":{"title":"Sungrove Villas Lanzarote","description":"Sungrove Villas Lanzarote luxury villas with pool in playa blanca","robots":{"index":"index","follow":"follow","max-snippet":"max-snippet:-1","max-image-preview":"max-image-preview:large","max-video-preview":"max-video-preview:-1"},"canonical":"https:\/\/sungrovelanzarote.com\/de\/","og_locale":"de_DE","og_type":"article","og_title":"Sungrove Villas Lanzarote","og_description":"Sungrove Villas Lanzarote luxury villas with pool in playa blanca","og_url":"https:\/\/sungrovelanzarote.com\/de\/","og_site_name":"Sun Grove Villas","article_modified_time":"2022-03-24T11:33:40+00:00","twitter_misc":{"Gesch\u00e4tzte Lesezeit":"5\u00a0Minuten"},"schema":{"@context":"https:\/\/schema.org","@graph":[{"@type":"WebPage","@id":"https:\/\/sungrovelanzarote.com\/de\/","url":"https:\/\/sungrovelanzarote.com\/de\/","name":"Sungrove Villas Lanzarote","isPartOf":{"@id":"https:\/\/sungrovelanzarote.com\/#website"},"datePublished":"2012-07-16T13:17:57+00:00","dateModified":"2022-03-24T11:33:40+00:00","description":"Sungrove Villas Lanzarote luxury villas with pool in playa blanca","breadcrumb":{"@id":"https:\/\/sungrovelanzarote.com\/de\/#breadcrumb"},"inLanguage":"de","potentialAction":[{"@type":"ReadAction","target":["https:\/\/sungrovelanzarote.com\/de\/"]}]},{"@type":"BreadcrumbList","@id":"https:\/\/sungrovelanzarote.com\/de\/#breadcrumb","itemListElement":[{"@type":"ListItem","position":1,"name":"Home","item":"https:\/\/sungrovelanzarote.com\/de\/"},{"@type":"ListItem","position":2,"name":"Home"}]},{"@type":"WebSite","@id":"https:\/\/sungrovelanzarote.com\/#website","url":"https:\/\/sungrovelanzarote.com\/","name":"Sun Grove Villas","description":"Luxus-Villen mit beheizten Pools in Lanzarote","potentialAction":[{"@type":"SearchAction","target":{"@type":"EntryPoint","urlTemplate":"https:\/\/sungrovelanzarote.com\/?s={search_term_string}"},"query-input":{"@type":"PropertyValueSpecification","valueRequired":true,"valueName":"search_term_string"}}],"inLanguage":"de"}]}},"_links":{"self":[{"href":"https:\/\/sungrovelanzarote.com\/de\/wp-json\/wp\/v2\/pages\/280","targetHints":{"allow":["GET"]}}],"collection":[{"href":"https:\/\/sungrovelanzarote.com\/de\/wp-json\/wp\/v2\/pages"}],"about":[{"href":"https:\/\/sungrovelanzarote.com\/de\/wp-json\/wp\/v2\/types\/page"}],"author":[{"embeddable":true,"href":"https:\/\/sungrovelanzarote.com\/de\/wp-json\/wp\/v2\/users\/101011"}],"replies":[{"embeddable":true,"href":"https:\/\/sungrovelanzarote.com\/de\/wp-json\/wp\/v2\/comments?post=280"}],"version-history":[{"count":25,"href":"https:\/\/sungrovelanzarote.com\/de\/wp-json\/wp\/v2\/pages\/280\/revisions"}],"predecessor-version":[{"id":2536,"href":"https:\/\/sungrovelanzarote.com\/de\/wp-json\/wp\/v2\/pages\/280\/revisions\/2536"}],"wp:attachment":[{"href":"https:\/\/sungrovelanzarote.com\/de\/wp-json\/wp\/v2\/media?parent=280"}],"curies":[{"name":"wp","href":"https:\/\/api.w.org\/{rel}","templated":true}]}}